{"id":3097,"date":"2021-11-10T19:12:33","date_gmt":"2021-11-10T22:12:33","guid":{"rendered":"https:\/\/www.estudiotecno.com.ar\/tienda\/?post_type=product&#038;p=3097"},"modified":"2024-02-24T09:38:08","modified_gmt":"2024-02-24T12:38:08","slug":"sirena-exterior-inalambrica-ds-psg-wo-433","status":"publish","type":"product","link":"https:\/\/www.estudiotecno.com.ar\/tienda\/producto\/sirena-exterior-inalambrica-ds-psg-wo-433\/","title":{"rendered":"DS-PSG-WO-433 | Sirena exterior inal\u00e1mbrica"},"content":{"rendered":"<p>Descripci\u00f3n<br \/>\nSIRENA EXTERIOR HIKVISION INALAMBRICA BIDIRECCIONAL, CON LUZ, VOLUMEN AJUSTABLE, TAMPER, IP66. LLEVA 4 PILAS CR123A NO INCLUIDAS.<\/p>\n<p>Caracter\u00edsticas<br \/>\nCaracter\u00edsticas principales:<\/p>\n<p>-Tecnolog\u00eda inal\u00e1mbrica bidireccional.<br \/>\n-110 db.<br \/>\n-Indicador LED color azul cuando sucede un evento al activarse la sirena (estrobo).<br \/>\n-Los datos inal\u00e1mbricos est\u00e1n protegidos por el cifrado AES-128.<\/p>\n<p>Caracter\u00edsticas F\u00edsicas y El\u00e9ctricas:<br \/>\n-Alimentaci\u00f3n: 4 CR123A \/ 12VCD (No incluidas).<br \/>\n-Temperatura soportada: -25a 60\u00b0C.<br \/>\n-Protecci\u00f3n: IP65<br \/>\n-Dimensiones: 220.5 x 205.2 x 46 mm<\/p>\n<p>Soporte<br \/>\n3 A\u00d1OS DE GARANT\u00cdA en todos los productos Hikvision, ofrecida por el fabricante, contra defectos de fabricaci\u00f3n y\/o vicios del material que afecten al normal funcionamiento del mismo.<\/p>\n","protected":false},"excerpt":{"rendered":"<p>Descripci\u00f3n SIRENA EXTERIOR HIKVISION INALAMBRICA BIDIRECCIONAL, CON LUZ, VOLUMEN AJUSTABLE, TAMPER, IP66. LLEVA 4 PILAS CR123A NO INCLUIDAS. Caracter\u00edsticas Caracter\u00edsticas principales: -Tecnolog\u00eda inal\u00e1mbrica bidireccional. -110 db. -Indicador LED color azul cuando sucede un evento al activarse la sirena (estrobo). -Los datos inal\u00e1mbricos est\u00e1n protegidos por el cifrado AES-128. Caracter\u00edsticas F\u00edsicas y El\u00e9ctricas: -Alimentaci\u00f3n: 4 CR123A [&hellip;]<\/p>\n","protected":false},"featured_media":5289,"comment_status":"closed","ping_status":"closed","template":"","meta":{"_acf_changed":false},"product_cat":[313,134,349,94],"product_tag":[],"acf":[],"aioseo_notices":[],"jetpack_sharing_enabled":true,"_links":{"self":[{"href":"https:\/\/www.estudiotecno.com.ar\/tienda\/wp-json\/wp\/v2\/product\/3097"}],"collection":[{"href":"https:\/\/www.estudiotecno.com.ar\/tienda\/wp-json\/wp\/v2\/product"}],"about":[{"href":"https:\/\/www.estudiotecno.com.ar\/tienda\/wp-json\/wp\/v2\/types\/product"}],"replies":[{"embeddable":true,"href":"https:\/\/www.estudiotecno.com.ar\/tienda\/wp-json\/wp\/v2\/comments?post=3097"}],"wp:featuredmedia":[{"embeddable":true,"href":"https:\/\/www.estudiotecno.com.ar\/tienda\/wp-json\/wp\/v2\/media\/5289"}],"wp:attachment":[{"href":"https:\/\/www.estudiotecno.com.ar\/tienda\/wp-json\/wp\/v2\/media?parent=3097"}],"wp:term":[{"taxonomy":"product_cat","embeddable":true,"href":"https:\/\/www.estudiotecno.com.ar\/tienda\/wp-json\/wp\/v2\/product_cat?post=3097"},{"taxonomy":"product_tag","embeddable":true,"href":"https:\/\/www.estudiotecno.com.ar\/tienda\/wp-json\/wp\/v2\/product_tag?post=3097"}],"curies":[{"name":"wp","href":"https:\/\/api.w.org\/{rel}","templated":true}]}}