{"id":3081,"date":"2021-11-10T19:00:10","date_gmt":"2021-11-10T22:00:10","guid":{"rendered":"https:\/\/www.estudiotecno.com.ar\/tienda\/?post_type=product&#038;p=3081"},"modified":"2022-07-27T12:21:04","modified_gmt":"2022-07-27T15:21:04","slug":"detector-pir-exterior-hikvision-cableado-mascota-hasta-10-kg-ds-pd2-t10ame-eh","status":"publish","type":"product","link":"https:\/\/www.estudiotecno.com.ar\/tienda\/producto\/detector-pir-exterior-hikvision-cableado-mascota-hasta-10-kg-ds-pd2-t10ame-eh\/","title":{"rendered":"DS-PD2-T10AME-EH &#8211; Detector PIR exterior Hikvision Cableado. Mascota hasta 10 kg"},"content":{"rendered":"<p>Descripci\u00f3n<br \/>\nDETECTOR DE MOVIMIENTO EXTERIOR HIKVISION CABLEADO, 2 PIR+MICROWAVE, ALTURA ENTRE 1,8M Y 2,4M, AES-128 ENCRYPTION, PET IMMUNITY 10KG DETECTION RANGE: 10M*10M, 90 DEGREE, ANTI-MASKING, ANTI-BLOCKING<\/p>\n<p>Caracter\u00edsticas<br \/>\nOutdoor Dual-Tech Detector<\/p>\n<p>&#8211; Detection Range: 10m, detection angle: 90\u00b0<br \/>\n&#8211; Detection Speed 0.25m\/s ~ 2.5m\/s<br \/>\n&#8211; Animal Immunity 10kg<br \/>\n&#8211; Power Supply 9-16V DC 13.8V DC typical<br \/>\n&#8211; Operation Temperature -30\u2103 ~ +50\u2103<br \/>\n&#8211; Dimension(L*W*H) 118mm*77mm*84mm<br \/>\n&#8211; Weight 300g<br \/>\n&#8211; Installation Environment Outdoor<br \/>\n&#8211; Installation Height 1.8-2.4m<\/p>\n<p>Soporte<br \/>\n2 A\u00d1OS DE GARANT\u00cdA en todos los productos Hikvision, ofrecida por el fabricante, contra defectos de fabricaci\u00f3n y\/o vicios del material que afecten al normal funcionamiento del mismo.<\/p>\n","protected":false},"excerpt":{"rendered":"<p>Descripci\u00f3n DETECTOR DE MOVIMIENTO EXTERIOR HIKVISION CABLEADO, 2 PIR+MICROWAVE, ALTURA ENTRE 1,8M Y 2,4M, AES-128 ENCRYPTION, PET IMMUNITY 10KG DETECTION RANGE: 10M*10M, 90 DEGREE, ANTI-MASKING, ANTI-BLOCKING Caracter\u00edsticas Outdoor Dual-Tech Detector &#8211; Detection Range: 10m, detection angle: 90\u00b0 &#8211; Detection Speed 0.25m\/s ~ 2.5m\/s &#8211; Animal Immunity 10kg &#8211; Power Supply 9-16V DC 13.8V DC typical [&hellip;]<\/p>\n","protected":false},"featured_media":3730,"comment_status":"closed","ping_status":"closed","template":"","meta":{"_acf_changed":false},"product_cat":[313,134,94],"product_tag":[],"acf":[],"aioseo_notices":[],"jetpack_sharing_enabled":true,"_links":{"self":[{"href":"https:\/\/www.estudiotecno.com.ar\/tienda\/wp-json\/wp\/v2\/product\/3081"}],"collection":[{"href":"https:\/\/www.estudiotecno.com.ar\/tienda\/wp-json\/wp\/v2\/product"}],"about":[{"href":"https:\/\/www.estudiotecno.com.ar\/tienda\/wp-json\/wp\/v2\/types\/product"}],"replies":[{"embeddable":true,"href":"https:\/\/www.estudiotecno.com.ar\/tienda\/wp-json\/wp\/v2\/comments?post=3081"}],"wp:featuredmedia":[{"embeddable":true,"href":"https:\/\/www.estudiotecno.com.ar\/tienda\/wp-json\/wp\/v2\/media\/3730"}],"wp:attachment":[{"href":"https:\/\/www.estudiotecno.com.ar\/tienda\/wp-json\/wp\/v2\/media?parent=3081"}],"wp:term":[{"taxonomy":"product_cat","embeddable":true,"href":"https:\/\/www.estudiotecno.com.ar\/tienda\/wp-json\/wp\/v2\/product_cat?post=3081"},{"taxonomy":"product_tag","embeddable":true,"href":"https:\/\/www.estudiotecno.com.ar\/tienda\/wp-json\/wp\/v2\/product_tag?post=3081"}],"curies":[{"name":"wp","href":"https:\/\/api.w.org\/{rel}","templated":true}]}}