{"id":3080,"date":"2021-11-10T19:00:09","date_gmt":"2021-11-10T22:00:09","guid":{"rendered":"https:\/\/www.estudiotecno.com.ar\/tienda\/?post_type=product&#038;p=3080"},"modified":"2023-03-21T09:33:44","modified_gmt":"2023-03-21T12:33:44","slug":"detector-pir-de-movimiento-hikvision-inalambrico-interior-ds-pd2-p10p-w","status":"publish","type":"product","link":"https:\/\/www.estudiotecno.com.ar\/tienda\/producto\/detector-pir-de-movimiento-hikvision-inalambrico-interior-ds-pd2-p10p-w\/","title":{"rendered":"DS-PD2-P10P-W | Detector PIR  de movimiento Hikvision inalambrico interior"},"content":{"rendered":"<p>Descripci\u00f3n<br \/>\nDETECTOR DE MOVIMIENTO HIKVISION PIR, INAL\u00c1MBRICO DE 2 V\u00cdAS, INTERIOR 10M DE ALCANCE EFECTIVO, ANTI MASCOTAS HASTA 24 KG, ES LA OPCI\u00d3N IDEAL SI TIENE PERROS O GATOS, USANDO LA TECNOLOG\u00cdA DE SENSOR INTELIGENTE, EL DETECTOR PUEDE IDENTIFICAR LA DIFERENCIA ENTRE SU MASCOTA PRECIADA Y UNA MASCOTA INTRUSO,FRECUENCIA 433MHZ, CR123A, 3.0V, 2 A\u00d1OS DE DURACI\u00d3N DE LA BATER\u00cdA.<\/p>\n","protected":false},"excerpt":{"rendered":"<p>Descripci\u00f3n DETECTOR DE MOVIMIENTO HIKVISION PIR, INAL\u00c1MBRICO DE 2 V\u00cdAS, INTERIOR 10M DE ALCANCE EFECTIVO, ANTI MASCOTAS HASTA 24 KG, ES LA OPCI\u00d3N IDEAL SI TIENE PERROS O GATOS, USANDO LA TECNOLOG\u00cdA DE SENSOR INTELIGENTE, EL DETECTOR PUEDE IDENTIFICAR LA DIFERENCIA ENTRE SU MASCOTA PRECIADA Y UNA MASCOTA INTRUSO,FRECUENCIA 433MHZ, CR123A, 3.0V, 2 A\u00d1OS DE [&hellip;]<\/p>\n","protected":false},"featured_media":5278,"comment_status":"closed","ping_status":"closed","template":"","meta":{"_acf_changed":false},"product_cat":[313,134,94],"product_tag":[],"acf":[],"aioseo_notices":[],"jetpack_sharing_enabled":true,"_links":{"self":[{"href":"https:\/\/www.estudiotecno.com.ar\/tienda\/wp-json\/wp\/v2\/product\/3080"}],"collection":[{"href":"https:\/\/www.estudiotecno.com.ar\/tienda\/wp-json\/wp\/v2\/product"}],"about":[{"href":"https:\/\/www.estudiotecno.com.ar\/tienda\/wp-json\/wp\/v2\/types\/product"}],"replies":[{"embeddable":true,"href":"https:\/\/www.estudiotecno.com.ar\/tienda\/wp-json\/wp\/v2\/comments?post=3080"}],"wp:featuredmedia":[{"embeddable":true,"href":"https:\/\/www.estudiotecno.com.ar\/tienda\/wp-json\/wp\/v2\/media\/5278"}],"wp:attachment":[{"href":"https:\/\/www.estudiotecno.com.ar\/tienda\/wp-json\/wp\/v2\/media?parent=3080"}],"wp:term":[{"taxonomy":"product_cat","embeddable":true,"href":"https:\/\/www.estudiotecno.com.ar\/tienda\/wp-json\/wp\/v2\/product_cat?post=3080"},{"taxonomy":"product_tag","embeddable":true,"href":"https:\/\/www.estudiotecno.com.ar\/tienda\/wp-json\/wp\/v2\/product_tag?post=3080"}],"curies":[{"name":"wp","href":"https:\/\/api.w.org\/{rel}","templated":true}]}}