{"id":3078,"date":"2021-11-10T19:00:07","date_gmt":"2021-11-10T22:00:07","guid":{"rendered":"https:\/\/www.estudiotecno.com.ar\/tienda\/?post_type=product&#038;p=3078"},"modified":"2023-03-30T12:16:39","modified_gmt":"2023-03-30T15:16:39","slug":"control-remoto-para-alarma-hikvision-ds-19k00-y","status":"publish","type":"product","link":"https:\/\/www.estudiotecno.com.ar\/tienda\/producto\/control-remoto-para-alarma-hikvision-ds-19k00-y\/","title":{"rendered":"DS-19K00-Y | Control remoto para alarma Hikvision"},"content":{"rendered":"<p>Descripci\u00f3n<br \/>\nCONTROL REMOTO HIKVISION PARA ALARMA, FUNCIONES ARMAR, DESARMAR, MANTENER EL BRAZO, ALARMA DE P\u00c1NICO Y ELIMINACI\u00d3N DE ALARMA, FRECUENCIA 433MHZ, ALCANCE: 100 METROS EN \u00c1REA ABIERTA, INDICADOR LED. CONSUMO EL\u00c9CTRICO: 3 VCD 210 MA.<\/p>\n","protected":false},"excerpt":{"rendered":"<p>Descripci\u00f3n CONTROL REMOTO HIKVISION PARA ALARMA, FUNCIONES ARMAR, DESARMAR, MANTENER EL BRAZO, ALARMA DE P\u00c1NICO Y ELIMINACI\u00d3N DE ALARMA, FRECUENCIA 433MHZ, ALCANCE: 100 METROS EN \u00c1REA ABIERTA, INDICADOR LED. CONSUMO EL\u00c9CTRICO: 3 VCD 210 MA.<\/p>\n","protected":false},"featured_media":5274,"comment_status":"closed","ping_status":"closed","template":"","meta":{"_acf_changed":false},"product_cat":[313,134,94],"product_tag":[],"acf":[],"aioseo_notices":[],"jetpack_sharing_enabled":true,"_links":{"self":[{"href":"https:\/\/www.estudiotecno.com.ar\/tienda\/wp-json\/wp\/v2\/product\/3078"}],"collection":[{"href":"https:\/\/www.estudiotecno.com.ar\/tienda\/wp-json\/wp\/v2\/product"}],"about":[{"href":"https:\/\/www.estudiotecno.com.ar\/tienda\/wp-json\/wp\/v2\/types\/product"}],"replies":[{"embeddable":true,"href":"https:\/\/www.estudiotecno.com.ar\/tienda\/wp-json\/wp\/v2\/comments?post=3078"}],"wp:featuredmedia":[{"embeddable":true,"href":"https:\/\/www.estudiotecno.com.ar\/tienda\/wp-json\/wp\/v2\/media\/5274"}],"wp:attachment":[{"href":"https:\/\/www.estudiotecno.com.ar\/tienda\/wp-json\/wp\/v2\/media?parent=3078"}],"wp:term":[{"taxonomy":"product_cat","embeddable":true,"href":"https:\/\/www.estudiotecno.com.ar\/tienda\/wp-json\/wp\/v2\/product_cat?post=3078"},{"taxonomy":"product_tag","embeddable":true,"href":"https:\/\/www.estudiotecno.com.ar\/tienda\/wp-json\/wp\/v2\/product_tag?post=3078"}],"curies":[{"name":"wp","href":"https:\/\/api.w.org\/{rel}","templated":true}]}}