{"id":3051,"date":"2021-11-04T17:26:33","date_gmt":"2021-11-04T20:26:33","guid":{"rendered":"https:\/\/www.estudiotecno.com.ar\/tienda\/?post_type=product&#038;p=3051"},"modified":"2025-09-03T12:58:54","modified_gmt":"2025-09-03T15:58:54","slug":"mercusys-wi-fi-router-300-mw305r-1xwan-3xlan","status":"publish","type":"product","link":"https:\/\/www.estudiotecno.com.ar\/tienda\/producto\/mercusys-wi-fi-router-300-mw305r-1xwan-3xlan\/","title":{"rendered":"MERCUSYS WI-FI ROUTER 300 MW305R 1xWAN 3xLAN"},"content":{"rendered":"<div class=\"box title\">\n<h1>Router Inal\u00e1mbrico N de 300Mbps<\/h1>\n<\/div>\n<div class=\"box highlights\">\n<ul>\n<li>La velocidad inal\u00e1mbrica de 300 Mbps es ideal para streaming HD, juegos en l\u00ednea y descargas de archivos grandes.<\/li>\n<li>Tres\u00a0antenas 5dBi aumentan considerablemente la fuerza, el tama\u00f1o y la estabilidad de la se\u00f1al inal\u00e1mbrica.<\/li>\n<li>La p\u00e1gina web intuitiva le gu\u00eda a trav\u00e9s del proceso de configuraci\u00f3n en cuesti\u00f3n de minutos.<\/li>\n<\/ul>\n<dl class=\"spec clearfix\">\n<dt class=\"spec-title item-title\">Wireless<\/dt>\n<\/dl>\n<dl class=\"spec-content\">\n<dt data-catid=\"14788\">Wireless Standards<\/dt>\n<dd>IEEE 802.11n, IEEE 802.11g, IEEE 802.11b<\/dd>\n<dt data-catid=\"14789\">Frequency<\/dt>\n<dd>2.4 &#8211; 2.4835GHz<\/dd>\n<dt data-catid=\"14776\">Signal Rate<\/dt>\n<dd>11n: Up to 300Mbps (Dynamic)<\/p>\n<p>11g: Up to 54Mbps (Dynamic)<\/p>\n<p>11b: Up to 11Mbps (Dynamic)<\/dd>\n<dt data-catid=\"14790\">Reception Sensitivity<\/dt>\n<dd>270M: -70dBm@10% PER<\/p>\n<p>130M: -74dBm@10% PER<\/p>\n<p>108M: -74dBm@10% PER<\/p>\n<p>54M: -77dBm@10% PER<\/p>\n<p>11M: -87dBm@8% PER<\/p>\n<p>6M: -90dBm@10% PER<\/p>\n<p>1M: -98dBm@8% PER<\/dd>\n<dt data-catid=\"14891\">Transmission Power<\/dt>\n<dd>&lt;20dBm<\/dd>\n<dt data-catid=\"14892\">Wireless Security<\/dt>\n<dd>64\/128\/152-bit WEP \/ WPA \/ WPA2,WPA-PSK \/ WPA2-PSK<\/dd>\n<dt data-catid=\"14894\">Wireless Functions<\/dt>\n<dd>WDS bridge<\/dd>\n<\/dl>\n<dl class=\"spec clearfix\">\n<dt class=\"spec-title item-title\">Software<\/dt>\n<\/dl>\n<dl class=\"spec-content\">\n<dt data-catid=\"14896\">WAN Type<\/dt>\n<dd>Dynamic IP\/Static IP\/PPPoE\/L2TP\/PPTP<\/dd>\n<dt data-catid=\"14897\">Management<\/dt>\n<dd>Parental Control<\/p>\n<p>Access control<\/p>\n<p>Local management<\/p>\n<p>Remote management<\/dd>\n<dt data-catid=\"14898\">DHCP<\/dt>\n<dd>Server<\/dd>\n<dt data-catid=\"14899\">Port Forwarding<\/dt>\n<dd>Virtual server, UPnP, DMZ<\/dd>\n<dt data-catid=\"14900\">Dynamic DNS<\/dt>\n<dd>DynDNS\u3001NO-IP<\/dd>\n<dt data-catid=\"14902\">Firewall Security<\/dt>\n<dd>IP and MAC address binding<\/dd>\n<dt data-catid=\"14903\">Protocols<\/dt>\n<dd>IPv4<\/dd>\n<dt data-catid=\"14904\">Guest Network<\/dt>\n<dd>2.4GHz guest network<\/dd>\n<\/dl>\n<dl class=\"spec clearfix\">\n<dt class=\"spec-title item-title\">Hardware<\/dt>\n<\/dl>\n<dl class=\"spec-content\">\n<dt data-catid=\"14710\">Dimensions (W X D X H)<\/dt>\n<dd>169 x\u00a0116 x 35\u00a0mm<\/dd>\n<dt data-catid=\"14855\">Interfaces<\/dt>\n<dd>3 10\/100Mbps LAN ports<\/p>\n<p>1 10\/100Mbps WAN port<\/dd>\n<dt data-catid=\"14779\">Button<\/dt>\n<dd>Reset\/WPS button<\/dd>\n<dt data-catid=\"14711\">External Power Supply<\/dt>\n<dd>5VDC\/0.6A<\/dd>\n<dt data-catid=\"14712\">Antenna Type<\/dt>\n<dd>3 x 5dBi fixed omni directional antennas<\/dd>\n<\/dl>\n<dl class=\"spec clearfix\">\n<dt class=\"spec-title item-title\">Others<\/dt>\n<\/dl>\n<dl class=\"spec-content\">\n<dt data-catid=\"14888\">Certifications<\/dt>\n<dd>CE, ROHS<\/dd>\n<dt data-catid=\"14889\">Package Contents<\/dt>\n<dd>300Mbps Wireless N Router<\/p>\n<p>MW305R<\/p>\n<p>Power adapter<\/p>\n<p>Quick installation guide<br \/>\nEthernet cable<\/dd>\n<dt data-catid=\"14890\">Environment<\/dt>\n<dd>Operating temperature: 0\u2070C ~ 40\u2070C\u00a0(32\u2070F ~ 104\u2070F)<\/p>\n<p>Storage temperature: -40\u2070C ~\u00a070\u2070C\u00a0(-40\u2070F ~ 158\u2070F)<\/p>\n<p>Operating humidity: 10% ~ 90%, non-condensing<\/p>\n<p>Storage humidity: 5% ~ 90%, non-condensing<\/dd>\n<\/dl>\n<\/div>\n","protected":false},"excerpt":{"rendered":"<p>Router Inal\u00e1mbrico N de 300Mbps La velocidad inal\u00e1mbrica de 300 Mbps es ideal para streaming HD, juegos en l\u00ednea y descargas de archivos grandes. Tres\u00a0antenas 5dBi aumentan considerablemente la fuerza, el tama\u00f1o y la estabilidad de la se\u00f1al inal\u00e1mbrica. La p\u00e1gina web intuitiva le gu\u00eda a trav\u00e9s del proceso de configuraci\u00f3n en cuesti\u00f3n de minutos. [&hellip;]<\/p>\n","protected":false},"featured_media":5226,"comment_status":"closed","ping_status":"closed","template":"","meta":{"_acf_changed":false},"product_cat":[377,282,309],"product_tag":[],"acf":[],"aioseo_notices":[],"jetpack_sharing_enabled":true,"_links":{"self":[{"href":"https:\/\/www.estudiotecno.com.ar\/tienda\/wp-json\/wp\/v2\/product\/3051"}],"collection":[{"href":"https:\/\/www.estudiotecno.com.ar\/tienda\/wp-json\/wp\/v2\/product"}],"about":[{"href":"https:\/\/www.estudiotecno.com.ar\/tienda\/wp-json\/wp\/v2\/types\/product"}],"replies":[{"embeddable":true,"href":"https:\/\/www.estudiotecno.com.ar\/tienda\/wp-json\/wp\/v2\/comments?post=3051"}],"wp:featuredmedia":[{"embeddable":true,"href":"https:\/\/www.estudiotecno.com.ar\/tienda\/wp-json\/wp\/v2\/media\/5226"}],"wp:attachment":[{"href":"https:\/\/www.estudiotecno.com.ar\/tienda\/wp-json\/wp\/v2\/media?parent=3051"}],"wp:term":[{"taxonomy":"product_cat","embeddable":true,"href":"https:\/\/www.estudiotecno.com.ar\/tienda\/wp-json\/wp\/v2\/product_cat?post=3051"},{"taxonomy":"product_tag","embeddable":true,"href":"https:\/\/www.estudiotecno.com.ar\/tienda\/wp-json\/wp\/v2\/product_tag?post=3051"}],"curies":[{"name":"wp","href":"https:\/\/api.w.org\/{rel}","templated":true}]}}