{"id":3049,"date":"2021-11-04T17:20:06","date_gmt":"2021-11-04T20:20:06","guid":{"rendered":"https:\/\/www.estudiotecno.com.ar\/tienda\/?post_type=product&#038;p=3049"},"modified":"2025-09-03T12:58:46","modified_gmt":"2025-09-03T15:58:46","slug":"tp-link-wifi-router-300n-tl-wr820n-1xwan-2xlan","status":"publish","type":"product","link":"https:\/\/www.estudiotecno.com.ar\/tienda\/producto\/tp-link-wifi-router-300n-tl-wr820n-1xwan-2xlan\/","title":{"rendered":"TP-LINK WIFI ROUTER 300N TL-WR820N"},"content":{"rendered":"<ul>\n<li>La velocidad de Wi-Fi de 300 Mbps es ideal para las tareas diarias, incluida la navegaci\u00f3n, el env\u00edo de correos electr\u00f3nicos y la transmisi\u00f3n de video<\/li>\n<li>IPTV admite IGMP Proxy \/ Snooping, Bridge y Tag VLAN para optimizar la transmisi\u00f3n de IPTV<\/li>\n<li>Guest Network proporciona acceso independiente para invitados mientras protege la red del host<\/li>\n<li>Los controles parentales administran cu\u00e1ndo y c\u00f3mo los dispositivos conectados pueden acceder a Internet<\/li>\n<li>El firewall SPI y el cifrado inal\u00e1mbrico protegen su red dom\u00e9stica<\/li>\n<li>Compatible con IPv6 (Protocolo de Internet versi\u00f3n 6)<\/li>\n<li>Modo extensor a partir de la V2.<\/li>\n<\/ul>\n","protected":false},"excerpt":{"rendered":"<p>La velocidad de Wi-Fi de 300 Mbps es ideal para las tareas diarias, incluida la navegaci\u00f3n, el env\u00edo de correos electr\u00f3nicos y la transmisi\u00f3n de video IPTV admite IGMP Proxy \/ Snooping, Bridge y Tag VLAN para optimizar la transmisi\u00f3n de IPTV Guest Network proporciona acceso independiente para invitados mientras protege la red del host [&hellip;]<\/p>\n","protected":false},"featured_media":5224,"comment_status":"closed","ping_status":"closed","template":"","meta":{"_acf_changed":false},"product_cat":[377,282,167],"product_tag":[],"acf":[],"aioseo_notices":[],"jetpack_sharing_enabled":true,"_links":{"self":[{"href":"https:\/\/www.estudiotecno.com.ar\/tienda\/wp-json\/wp\/v2\/product\/3049"}],"collection":[{"href":"https:\/\/www.estudiotecno.com.ar\/tienda\/wp-json\/wp\/v2\/product"}],"about":[{"href":"https:\/\/www.estudiotecno.com.ar\/tienda\/wp-json\/wp\/v2\/types\/product"}],"replies":[{"embeddable":true,"href":"https:\/\/www.estudiotecno.com.ar\/tienda\/wp-json\/wp\/v2\/comments?post=3049"}],"wp:featuredmedia":[{"embeddable":true,"href":"https:\/\/www.estudiotecno.com.ar\/tienda\/wp-json\/wp\/v2\/media\/5224"}],"wp:attachment":[{"href":"https:\/\/www.estudiotecno.com.ar\/tienda\/wp-json\/wp\/v2\/media?parent=3049"}],"wp:term":[{"taxonomy":"product_cat","embeddable":true,"href":"https:\/\/www.estudiotecno.com.ar\/tienda\/wp-json\/wp\/v2\/product_cat?post=3049"},{"taxonomy":"product_tag","embeddable":true,"href":"https:\/\/www.estudiotecno.com.ar\/tienda\/wp-json\/wp\/v2\/product_tag?post=3049"}],"curies":[{"name":"wp","href":"https:\/\/api.w.org\/{rel}","templated":true}]}}