{"id":3047,"date":"2021-11-04T17:03:25","date_gmt":"2021-11-04T20:03:25","guid":{"rendered":"https:\/\/www.estudiotecno.com.ar\/tienda\/?post_type=product&#038;p=3047"},"modified":"2022-03-14T16:30:19","modified_gmt":"2022-03-14T19:30:19","slug":"adaptador-wifi-inalambrico-usb-wifi-tl-wn722n-con-antena","status":"publish","type":"product","link":"https:\/\/www.estudiotecno.com.ar\/tienda\/producto\/adaptador-wifi-inalambrico-usb-wifi-tl-wn722n-con-antena\/","title":{"rendered":"Adaptador Wifi Inalambrico USB WiFi TL-WN722N con antena"},"content":{"rendered":"<p>Adaptador USB Inal\u00e1mbrico de Alta Ganancia 150Mbps<\/p>\n<p>-Velocidad inal\u00e1mbrica excepcional de hasta 150 Mbps re\u00fane la mejor experiencia para la difusi\u00f3n de videos o las llamadas por Internet<br \/>\n-Encriptado f\u00e1cil de la seguridad inal\u00e1mbrica con s\u00f3lo presione el bot\u00f3n de QSS<br \/>\n-4dBi antena desmontable, para fortalecer la potencia de la se\u00f1al del adaptador USB<\/p>\n<p>Lo Que Hace Este Producto<br \/>\nEl adaptador USB inal\u00e1mbrico N TL-WN722N te permite conectar una computadora de escritorio o port\u00e1til a una red inal\u00e1mbrica y acceso de alta velocidad de conexi\u00f3n a Internet. Compatible con el est\u00e1ndar IEEE 802.11n, que proporciona velocidades inal\u00e1mbricas de hasta 150Mbps, lo cual es beneficioso para los juegos en l\u00ednea o incluso streaming de v\u00eddeo. Adem\u00e1s, el encriptado de seguridad inal\u00e1mbrica puede establecerse simplemente en un empuje de QSS (Seguridad de configuraci\u00f3n r\u00e1pida) el bot\u00f3n, la prevenci\u00f3n de la red de amenazas externas.<\/p>\n<p>Inal\u00e1mbrico N -Velocidad y Rango<br \/>\nBasado en la tecnolog\u00eda IEEE 802.11n, el TL-WN722N muestra las habilidades m\u00e1s relevantes de la mitigaci\u00f3n de la p\u00e9rdida de datos a largas distancias y los obst\u00e1culos a trav\u00e9s de una oficina peque\u00f1a o un apartamento grande, incluso en un edificio de acero y hormig\u00f3n. En comparaci\u00f3n con el legado de los productos de 54 Mbps, TL-WN722N proporciona mejoras de rendimiento, lo que le permite tener una experiencia m\u00e1s placentera de navegaci\u00f3n, incluyendo compartir archivos, difusi\u00f3n de medios.<\/p>\n","protected":false},"excerpt":{"rendered":"<p>Adaptador USB Inal\u00e1mbrico de Alta Ganancia 150Mbps -Velocidad inal\u00e1mbrica excepcional de hasta 150 Mbps re\u00fane la mejor experiencia para la difusi\u00f3n de videos o las llamadas por Internet -Encriptado f\u00e1cil de la seguridad inal\u00e1mbrica con s\u00f3lo presione el bot\u00f3n de QSS -4dBi antena desmontable, para fortalecer la potencia de la se\u00f1al del adaptador USB Lo [&hellip;]<\/p>\n","protected":false},"featured_media":3930,"comment_status":"closed","ping_status":"closed","template":"","meta":{"_acf_changed":false},"product_cat":[282,167],"product_tag":[],"acf":[],"aioseo_notices":[],"jetpack_sharing_enabled":true,"_links":{"self":[{"href":"https:\/\/www.estudiotecno.com.ar\/tienda\/wp-json\/wp\/v2\/product\/3047"}],"collection":[{"href":"https:\/\/www.estudiotecno.com.ar\/tienda\/wp-json\/wp\/v2\/product"}],"about":[{"href":"https:\/\/www.estudiotecno.com.ar\/tienda\/wp-json\/wp\/v2\/types\/product"}],"replies":[{"embeddable":true,"href":"https:\/\/www.estudiotecno.com.ar\/tienda\/wp-json\/wp\/v2\/comments?post=3047"}],"wp:featuredmedia":[{"embeddable":true,"href":"https:\/\/www.estudiotecno.com.ar\/tienda\/wp-json\/wp\/v2\/media\/3930"}],"wp:attachment":[{"href":"https:\/\/www.estudiotecno.com.ar\/tienda\/wp-json\/wp\/v2\/media?parent=3047"}],"wp:term":[{"taxonomy":"product_cat","embeddable":true,"href":"https:\/\/www.estudiotecno.com.ar\/tienda\/wp-json\/wp\/v2\/product_cat?post=3047"},{"taxonomy":"product_tag","embeddable":true,"href":"https:\/\/www.estudiotecno.com.ar\/tienda\/wp-json\/wp\/v2\/product_tag?post=3047"}],"curies":[{"name":"wp","href":"https:\/\/api.w.org\/{rel}","templated":true}]}}