{"id":3045,"date":"2021-11-04T17:03:07","date_gmt":"2021-11-04T20:03:07","guid":{"rendered":"https:\/\/www.estudiotecno.com.ar\/tienda\/?post_type=product&#038;p=3045"},"modified":"2022-03-14T16:31:26","modified_gmt":"2022-03-14T19:31:26","slug":"adaptador-wifi-inalambrico-usb-wifi-tl-wn725n","status":"publish","type":"product","link":"https:\/\/www.estudiotecno.com.ar\/tienda\/producto\/adaptador-wifi-inalambrico-usb-wifi-tl-wn725n\/","title":{"rendered":"Adaptador Wifi Inalambrico USB WiFi TL-WN725N"},"content":{"rendered":"<p>Adaptador USB Nano Inal\u00e1mbrico N 150Mbps<\/p>\n<p>-Dise\u00f1o liso y brillante en miniatura tan peque\u00f1o que una vez conectado, puede dejarlo en un puerto USB de la Laptop<br \/>\n-R\u00e1pida transmisi\u00f3n de velocidad de hasta 150Mbps ideal para el streaming de video o llamadas por internet<br \/>\n-Seguridad avanzada: Soporta 64\/128 WEP, WPA, PA2\/WPA-PSK\/WPA2-PSK(TKIP\/AES)<br \/>\n-Con\u00e9ctese de inmediato con la f\u00e1cil utilidad de instalaci\u00f3n en 14 idiomas<\/p>\n","protected":false},"excerpt":{"rendered":"<p>Adaptador USB Nano Inal\u00e1mbrico N 150Mbps -Dise\u00f1o liso y brillante en miniatura tan peque\u00f1o que una vez conectado, puede dejarlo en un puerto USB de la Laptop -R\u00e1pida transmisi\u00f3n de velocidad de hasta 150Mbps ideal para el streaming de video o llamadas por internet -Seguridad avanzada: Soporta 64\/128 WEP, WPA, PA2\/WPA-PSK\/WPA2-PSK(TKIP\/AES) -Con\u00e9ctese de inmediato con [&hellip;]<\/p>\n","protected":false},"featured_media":3931,"comment_status":"closed","ping_status":"closed","template":"","meta":{"_acf_changed":false},"product_cat":[282,167],"product_tag":[],"acf":[],"aioseo_notices":[],"jetpack_sharing_enabled":true,"_links":{"self":[{"href":"https:\/\/www.estudiotecno.com.ar\/tienda\/wp-json\/wp\/v2\/product\/3045"}],"collection":[{"href":"https:\/\/www.estudiotecno.com.ar\/tienda\/wp-json\/wp\/v2\/product"}],"about":[{"href":"https:\/\/www.estudiotecno.com.ar\/tienda\/wp-json\/wp\/v2\/types\/product"}],"replies":[{"embeddable":true,"href":"https:\/\/www.estudiotecno.com.ar\/tienda\/wp-json\/wp\/v2\/comments?post=3045"}],"wp:featuredmedia":[{"embeddable":true,"href":"https:\/\/www.estudiotecno.com.ar\/tienda\/wp-json\/wp\/v2\/media\/3931"}],"wp:attachment":[{"href":"https:\/\/www.estudiotecno.com.ar\/tienda\/wp-json\/wp\/v2\/media?parent=3045"}],"wp:term":[{"taxonomy":"product_cat","embeddable":true,"href":"https:\/\/www.estudiotecno.com.ar\/tienda\/wp-json\/wp\/v2\/product_cat?post=3045"},{"taxonomy":"product_tag","embeddable":true,"href":"https:\/\/www.estudiotecno.com.ar\/tienda\/wp-json\/wp\/v2\/product_tag?post=3045"}],"curies":[{"name":"wp","href":"https:\/\/api.w.org\/{rel}","templated":true}]}}