{"id":3011,"date":"2021-10-22T16:31:36","date_gmt":"2021-10-22T19:31:36","guid":{"rendered":"https:\/\/www.estudiotecno.com.ar\/tienda\/?post_type=product&#038;p=3011"},"modified":"2025-09-03T12:58:38","modified_gmt":"2025-09-03T15:58:38","slug":"ds-2ce16d0t-vfir3f-1080p-2mpx-bullet-metalica-varifocal-2-8-a-12mm-ir-40-mts","status":"publish","type":"product","link":"https:\/\/www.estudiotecno.com.ar\/tienda\/producto\/ds-2ce16d0t-vfir3f-1080p-2mpx-bullet-metalica-varifocal-2-8-a-12mm-ir-40-mts\/","title":{"rendered":"DS-2CE16D0T-VFIR3F | Bullet met\u00e1lica Varifocal 2.8 a 12mm. IR 40 mts 1080p 2MPX"},"content":{"rendered":"<h3>Descripci\u00f3n<\/h3>\n<p class=\"separador\"><span style=\"font-family: Arial, Verdana;\">CAMARA HIKVISION FULL HD BULLET VARIFOCAL. IR 40M, LENTE 2.8 A 12MM. SOPORTA LOS ESTANDARES, HD-TVI, AHD, HD-CVI y CVBS. APTA PARA INSTALACION EN EXTERIOR (IP66). ALIMENTACI\u00d3N DE 12VCC. CONSUMO MAXIMO 4W.<\/span><\/p>\n<h3><\/h3>\n<h3>Caracter\u00edsticas<\/h3>\n<p class=\"separador\"><span style=\"font-family: Arial, Verdana;\">C\u00e1mara hibrida 4 en 1 TURBO FULL-HD bullet de 1080p con lente varifocal de 2.8 a\u00a0 12mm. Soporta los estandares, HD-TVI, AHD, HD-CVI y CVBS. Apta para instalaci\u00f3n en exterior (IP66). Iluminaci\u00f3n IR de hasta 40M. Alimentaci\u00f3n de 12Vcc. Consumo maximo 4W.\u00a0<\/span><\/p>\n<h3><\/h3>\n<h3>Soporte<\/h3>\n<p class=\"separador\">3 A\u00d1OS DE GARANT\u00cdA en todos los productos Hikvision, ofrecida por el fabricante, contra defectos de fabricaci\u00f3n y\/o vicios del material que afecten al normal funcionamiento del mismo.<\/p>\n","protected":false},"excerpt":{"rendered":"<p>Descripci\u00f3n CAMARA HIKVISION FULL HD BULLET VARIFOCAL. IR 40M, LENTE 2.8 A 12MM. SOPORTA LOS ESTANDARES, HD-TVI, AHD, HD-CVI y CVBS. APTA PARA INSTALACION EN EXTERIOR (IP66). ALIMENTACI\u00d3N DE 12VCC. CONSUMO MAXIMO 4W. Caracter\u00edsticas C\u00e1mara hibrida 4 en 1 TURBO FULL-HD bullet de 1080p con lente varifocal de 2.8 a\u00a0 12mm. Soporta los estandares, HD-TVI, [&hellip;]<\/p>\n","protected":false},"featured_media":5151,"comment_status":"closed","ping_status":"closed","template":"","meta":{"_acf_changed":false},"product_cat":[364,304,134,94],"product_tag":[],"acf":[],"aioseo_notices":[],"jetpack_sharing_enabled":true,"_links":{"self":[{"href":"https:\/\/www.estudiotecno.com.ar\/tienda\/wp-json\/wp\/v2\/product\/3011"}],"collection":[{"href":"https:\/\/www.estudiotecno.com.ar\/tienda\/wp-json\/wp\/v2\/product"}],"about":[{"href":"https:\/\/www.estudiotecno.com.ar\/tienda\/wp-json\/wp\/v2\/types\/product"}],"replies":[{"embeddable":true,"href":"https:\/\/www.estudiotecno.com.ar\/tienda\/wp-json\/wp\/v2\/comments?post=3011"}],"wp:featuredmedia":[{"embeddable":true,"href":"https:\/\/www.estudiotecno.com.ar\/tienda\/wp-json\/wp\/v2\/media\/5151"}],"wp:attachment":[{"href":"https:\/\/www.estudiotecno.com.ar\/tienda\/wp-json\/wp\/v2\/media?parent=3011"}],"wp:term":[{"taxonomy":"product_cat","embeddable":true,"href":"https:\/\/www.estudiotecno.com.ar\/tienda\/wp-json\/wp\/v2\/product_cat?post=3011"},{"taxonomy":"product_tag","embeddable":true,"href":"https:\/\/www.estudiotecno.com.ar\/tienda\/wp-json\/wp\/v2\/product_tag?post=3011"}],"curies":[{"name":"wp","href":"https:\/\/api.w.org\/{rel}","templated":true}]}}