{"id":2997,"date":"2021-10-16T09:42:22","date_gmt":"2021-10-16T12:42:22","guid":{"rendered":"https:\/\/www.estudiotecno.com.ar\/tienda\/?post_type=product&#038;p=2997"},"modified":"2025-09-03T12:58:29","modified_gmt":"2025-09-03T15:58:29","slug":"ds-2ce17d0t-it5f-c-1080p-2mpx-bullet-hibrida-ir-80-mts-3-6mm","status":"publish","type":"product","link":"https:\/\/www.estudiotecno.com.ar\/tienda\/producto\/ds-2ce17d0t-it5f-c-1080p-2mpx-bullet-hibrida-ir-80-mts-3-6mm\/","title":{"rendered":"DS-2CE17D0T-IT5F | Bullet hibrida IR 80 Mts 3.6mm | 1080p 2MPX"},"content":{"rendered":"<h3>Descripci\u00f3n<\/h3>\n<p class=\"separador\"><span style=\"font-family: Arial, Verdana;\">C\u00c1MARA HIBRIDA 4 EN 1 TURBO HD DE 1080P (TVI\/AHD\/CVI\/CVBS). APTA EXTERIOR, GRADO DE PROTECCI\u00d3N IP66. SENSOR CMOS DE 1MP. LENTE FIJO DE 3.6MM. ILUMINACI\u00d3N IR EXIR DE ALTA EFICIENCIA HASTA 80M . ALIMENTACI\u00d3N DE 12V DC.<\/span><\/p>\n<h3><\/h3>\n<h3>Caracter\u00edsticas<\/h3>\n<p class=\"separador\">Camera<\/p>\n<div>-Image Sensor 2MP CMOS image sensor<\/div>\n<div>-Signal System PAL\/NTSC<\/div>\n<div>-Frame Rate PAL: 1080p@25fps -NTSC: 1080p@30fps<\/div>\n<div>-Resolution 1920 (H) \u00d71080 (V)<\/div>\n<div>-Min. illumination 0.01 Lux@(F1.2,AGC ON),0 Lux with IR<\/div>\n<div>-Shutter Time 1\/25 (1\/30) s to 1\/50,000 s<\/div>\n<div>-Lens 3.6 mm, 2.8 mm, 6 mm, 8 mm, 12 mm fixed lens<\/div>\n<div>-Horizontal Field of View 103\u00b0(2.8 mm), 82.2\u00b0(3.6 mm), 54\u00b0(6 mm), 37.7\u00b0(8 mm), 24.2\u00b0(12 mm)<\/div>\n<div>-Lens Mount M12 -Day &amp; Night IR cut filter<\/div>\n<div>-Angle Adjustment Pan: 0\u00b0 to 360\u00b0, Tilt: 0\u00b0 to 180\u00b0, Rotation: 0\u00b0 to 360\u00b0<\/div>\n<div>-Synchronization Internal synchronization<\/div>\n<div>Menu<\/div>\n<div>-AGC Low\/middle\/high<\/div>\n<div>-Day\/Night Mode Smart\/color\/BW(Black and White)<\/div>\n<div>-Backlight Compensation Yes<\/div>\n<div>-DWDR Yes<\/div>\n<div>-Language English, Chinese<\/div>\n<div>-Functions Brightness, Sharpness, DNR, Mirror-Interface<\/div>\n<div>-Video Output 1 HD analog output<\/div>\n<div>-Switch Button TVI\/AHD\/CVI\/CVBS<\/div>\n<div>General<\/div>\n<div>-Operating Conditions -40 \u00b0C to 60 \u00b0C (-40 \u00b0F to 140 \u00b0F), Humidity: 90% or less (non-condensation)<\/div>\n<div>-Power Supply 12 VDC\u00b115%<\/div>\n<div>-Power Consumption Max. 4 W<\/div>\n<div>\n<p>-Ingress Protection IP66<\/p>\n<div>\n<p>Material<\/p>\n<div>-Front cover: Mental -Main Body: Plastic -Bracket: Metal<\/div>\n<div>-IR Range Up to 40 m<\/div>\n<div>-Dimensions 86.7 mm \u00d7 81.6 mm \u00d7 226 mm (3.4&#8243; \u00d7 3.2&#8243; \u00d7 8.9&#8243;)<\/div>\n<div>-Weight 700 g (0.95 lb.)<\/div>\n<\/div>\n<\/div>\n<h3><\/h3>\n<h3>Soporte<\/h3>\n<p class=\"separador\">3 A\u00d1OS DE GARANT\u00cdA en todos los productos Hikvision, ofrecida por el fabricante, contra defectos de fabricaci\u00f3n y\/o vicios del material que afecten al normal funcionamiento del mismo.<\/p>\n","protected":false},"excerpt":{"rendered":"<p>Descripci\u00f3n C\u00c1MARA HIBRIDA 4 EN 1 TURBO HD DE 1080P (TVI\/AHD\/CVI\/CVBS). APTA EXTERIOR, GRADO DE PROTECCI\u00d3N IP66. SENSOR CMOS DE 1MP. LENTE FIJO DE 3.6MM. ILUMINACI\u00d3N IR EXIR DE ALTA EFICIENCIA HASTA 80M . ALIMENTACI\u00d3N DE 12V DC. Caracter\u00edsticas Camera -Image Sensor 2MP CMOS image sensor -Signal System PAL\/NTSC -Frame Rate PAL: 1080p@25fps -NTSC: 1080p@30fps [&hellip;]<\/p>\n","protected":false},"featured_media":4801,"comment_status":"closed","ping_status":"closed","template":"","meta":{"_acf_changed":false},"product_cat":[304,134,94],"product_tag":[],"acf":[],"aioseo_notices":[],"jetpack_sharing_enabled":true,"_links":{"self":[{"href":"https:\/\/www.estudiotecno.com.ar\/tienda\/wp-json\/wp\/v2\/product\/2997"}],"collection":[{"href":"https:\/\/www.estudiotecno.com.ar\/tienda\/wp-json\/wp\/v2\/product"}],"about":[{"href":"https:\/\/www.estudiotecno.com.ar\/tienda\/wp-json\/wp\/v2\/types\/product"}],"replies":[{"embeddable":true,"href":"https:\/\/www.estudiotecno.com.ar\/tienda\/wp-json\/wp\/v2\/comments?post=2997"}],"wp:featuredmedia":[{"embeddable":true,"href":"https:\/\/www.estudiotecno.com.ar\/tienda\/wp-json\/wp\/v2\/media\/4801"}],"wp:attachment":[{"href":"https:\/\/www.estudiotecno.com.ar\/tienda\/wp-json\/wp\/v2\/media?parent=2997"}],"wp:term":[{"taxonomy":"product_cat","embeddable":true,"href":"https:\/\/www.estudiotecno.com.ar\/tienda\/wp-json\/wp\/v2\/product_cat?post=2997"},{"taxonomy":"product_tag","embeddable":true,"href":"https:\/\/www.estudiotecno.com.ar\/tienda\/wp-json\/wp\/v2\/product_tag?post=2997"}],"curies":[{"name":"wp","href":"https:\/\/api.w.org\/{rel}","templated":true}]}}