{"id":2993,"date":"2021-10-16T09:27:29","date_gmt":"2021-10-16T12:27:29","guid":{"rendered":"https:\/\/www.estudiotecno.com.ar\/tienda\/?post_type=product&#038;p=2993"},"modified":"2025-09-03T13:03:46","modified_gmt":"2025-09-03T16:03:46","slug":"ds-2cd1043g0-i-ip-4-mp-bullet-hibrida-exterior-lente-2-8mm-exir-30-metros","status":"publish","type":"product","link":"https:\/\/www.estudiotecno.com.ar\/tienda\/producto\/ds-2cd1043g0-i-ip-4-mp-bullet-hibrida-exterior-lente-2-8mm-exir-30-metros\/","title":{"rendered":"DS-2CD1043G0-I | Bullet h\u00edbrida exterior. Lente 2.8mm. EXIR 30 metros | IP 4 MP"},"content":{"rendered":"<h3>Descripci\u00f3n<\/h3>\n<p class=\"separador\"><span style=\"font-family: Arial, Verdana;\">CAMARA HIKVISION IP 4MPX BULLET, 2.8MM FIXEDLENTE, IP67, 30M IR, DWDR, FRONT COVER: METAL, BACK COVER &amp; BRACKET: PLASTIC, 1\/3&#8243; PROGRESSIVE CMOS, ICR, 2560X1440:20FPS(P)\/(N), 2304X1296:25FPS(P)\/30FPS(N), H.265+\/H265\/H.264+&amp;H.264, 3D DNR, BLC, IR RANGE: UP TO 30M, DC12V &amp; POE,SUPPORT MOBILE MONITORING VIA HIK-CONNEC *POWER SUPPLY NO INCLUDED<\/span><\/p>\n<h3><\/h3>\n<h3>Caracter\u00edsticas<\/h3>\n<p class=\"separador\">Camera<br \/>\n&#8211; Image Sensor:\u00a01\/2.8&#8243; progressive scan CMOS<br \/>\n&#8211;\u00a0Min. Illumination:\u00a0Color: 0.01Lux @(F1.2,AGC ON),0 Lux with IR<br \/>\n&#8211;\u00a0Shutter Speed: 1\/3s to 1\/100,000 s, support slow shutter<br \/>\n&#8211; Lens:\u00a0 2.8 mm @F2.0, horizontal field of view 105.8\u00b0, 4 mm @F2.2, horizontal field of view 83.6\u00b0<br \/>\n6 mm @F2.0, horizontal field of view 55\u00b0<br \/>\n&#8211; Lens Mount: M12<br \/>\n&#8211; Day &amp;Night: IR cut filter with auto switch<br \/>\n-Axis Adjustment (Bracket):\u00a0Pan: 0\u00b0 to 360\u00b0, tilt: -90\u00b0to 90\u00b0, rotation:0\u00b0 to 360\u00b0<br \/>\n&#8211;\u00a0DNR(Digital Noise Reduction):\u00a03D DNR<br \/>\n&#8211;\u00a0WDR (Wide Dynamic Range):\u00a0Digital WDR<br \/>\nCompression Standard<br \/>\n&#8211;\u00a0Video Compression:\u00a0Main stream: H.265+\/H.265<br \/>\nSub stream: H.265\/H264\/MJPEG<br \/>\n&#8211; H.265 Type:\u00a0Baseline profile\/Main profile<br \/>\n&#8211;\u00a0Video Bit Rate:\u00a032 Kbps to8 Mbps<br \/>\nImage<br \/>\n&#8211; Max. Resolution:\u00a02560X1440:20FPS(P)\/(N), 2304X1296:25FPS(P)\/30FPS(N)<br \/>\n&#8211; Main Stream:\u00a050Hz: 25fps @(1920 \u00d7 1080, 1280 \u00d7 960, 1280 \u00d7 720)<br \/>\n&#8211; Max. Frame Rate:\u00a060Hz: 30fps @(1920 \u00d7 1080, 1280 \u00d7 960, 1280 \u00d7 720)<br \/>\n&#8211; Sub-stream:\u00a0\u00a050Hz: 25fps @(704 \u00d7 576, 640 \u00d7 480, 352 \u00d7 288,320 \u00d7 240)<br \/>\n&#8211; Max. Frame Rate: 60Hz: 30fps @(704 \u00d7480, 640 \u00d7 480, 352 \u00d7 240,320 \u00d7 240)<br \/>\n&#8211; Image Settings:\u00a0Brightness, saturation, contrast, sharpness are adjustable via web browser or client software<br \/>\n&#8211; Day\/Night Switch:\u00a0Support auto, scheduled<br \/>\n&#8211; Others:\u00a0Mirror, BLC (area configurable), region of interest (support 1 fixed region)<br \/>\nNetwork<br \/>\n&#8211; Network Storage:\u00a0NAS (NFS,SMB\/CIFS)<br \/>\n&#8211; Detections:\u00a0Motion Detection<\/p>\n<div>&#8211; Alarms:\u00a0Video tampering, network disconnected, IP address conflicted<br \/>\n&#8211; Protocols:\u00a0TCP\/IP, ICMP, HTTP, HTTPS, FTP, DHCP, DNS, DDNS, RTP, RTSP, RTCP, NTP, UPnP, SMTP, IGMP, 802.1X, QoS, IPv6, Bonjour<br \/>\n&#8211; Standard:\u00a0ONVIF(PROFILE S,PROFILE G),PSIA,CGI,ISAPI<br \/>\n&#8211; General Function:\u00a0Anti-flicker,heartbeat, mirror, password protection, privacy mask,watermark, IP address filter<br \/>\nInterface<br \/>\n&#8211; Communication Interface:\u00a01 RJ45 10M\/100M self-adaptive Ethernet port<br \/>\nGeneral<br \/>\n&#8211; Operating Conditions:\u00a0-30 \u00b0C to 60 \u00b0C (-22 \u00b0F to 140 \u00b0F), humidity: 95% or less (non-condensing)<br \/>\n&#8211;\u00a0Power Supply:\u00a012VDC\u00b1 25%, PoE (802.3af)<br \/>\n&#8211; Power Consumption:\u00a0Max. 5 W\/6.5 W (PoE)<br \/>\n&#8211; Ingress Protection:\u00a0IP67<br \/>\n&#8211; IR Range:\u00a0Up to 30 m<br \/>\n&#8211; Dimensions:\u00a069.1 mm \u00d766 mm \u00d7 172.7 mm ( 2.7&#8243;\u00d7 2.6&#8243;\u00d76.8&#8243;)<br \/>\n&#8211; Weight:\u00a0500 g (1.1 lb.)<\/div>\n<h3><\/h3>\n<h3>Soporte<\/h3>\n<p class=\"separador\">3 A\u00d1OS DE GARANT\u00cdA en todos los productos Hikvision, ofrecida por el fabricante, contra defectos de fabricaci\u00f3n y\/o vicios del material que afecten al normal funcionamiento del mismo<\/p>\n","protected":false},"excerpt":{"rendered":"<p>Descripci\u00f3n CAMARA HIKVISION IP 4MPX BULLET, 2.8MM FIXEDLENTE, IP67, 30M IR, DWDR, FRONT COVER: METAL, BACK COVER &amp; BRACKET: PLASTIC, 1\/3&#8243; PROGRESSIVE CMOS, ICR, 2560X1440:20FPS(P)\/(N), 2304X1296:25FPS(P)\/30FPS(N), H.265+\/H265\/H.264+&amp;H.264, 3D DNR, BLC, IR RANGE: UP TO 30M, DC12V &amp; POE,SUPPORT MOBILE MONITORING VIA HIK-CONNEC *POWER SUPPLY NO INCLUDED Caracter\u00edsticas Camera &#8211; Image Sensor:\u00a01\/2.8&#8243; progressive scan CMOS &#8211;\u00a0Min. [&hellip;]<\/p>\n","protected":false},"featured_media":5160,"comment_status":"closed","ping_status":"closed","template":"","meta":{"_acf_changed":false},"product_cat":[371,308],"product_tag":[],"acf":[],"aioseo_notices":[],"jetpack_sharing_enabled":true,"_links":{"self":[{"href":"https:\/\/www.estudiotecno.com.ar\/tienda\/wp-json\/wp\/v2\/product\/2993"}],"collection":[{"href":"https:\/\/www.estudiotecno.com.ar\/tienda\/wp-json\/wp\/v2\/product"}],"about":[{"href":"https:\/\/www.estudiotecno.com.ar\/tienda\/wp-json\/wp\/v2\/types\/product"}],"replies":[{"embeddable":true,"href":"https:\/\/www.estudiotecno.com.ar\/tienda\/wp-json\/wp\/v2\/comments?post=2993"}],"wp:featuredmedia":[{"embeddable":true,"href":"https:\/\/www.estudiotecno.com.ar\/tienda\/wp-json\/wp\/v2\/media\/5160"}],"wp:attachment":[{"href":"https:\/\/www.estudiotecno.com.ar\/tienda\/wp-json\/wp\/v2\/media?parent=2993"}],"wp:term":[{"taxonomy":"product_cat","embeddable":true,"href":"https:\/\/www.estudiotecno.com.ar\/tienda\/wp-json\/wp\/v2\/product_cat?post=2993"},{"taxonomy":"product_tag","embeddable":true,"href":"https:\/\/www.estudiotecno.com.ar\/tienda\/wp-json\/wp\/v2\/product_tag?post=2993"}],"curies":[{"name":"wp","href":"https:\/\/api.w.org\/{rel}","templated":true}]}}