{"id":2974,"date":"2021-10-04T17:14:22","date_gmt":"2021-10-04T20:14:22","guid":{"rendered":"https:\/\/www.estudiotecno.com.ar\/tienda\/?post_type=product&#038;p=2974"},"modified":"2022-07-27T12:24:18","modified_gmt":"2022-07-27T15:24:18","slug":"ds-2cd2423g0-iw-camara-cube-2-8mm-wifi-audio-bidireccional-int","status":"publish","type":"product","link":"https:\/\/www.estudiotecno.com.ar\/tienda\/producto\/ds-2cd2423g0-iw-camara-cube-2-8mm-wifi-audio-bidireccional-int\/","title":{"rendered":"DS-2CD2423G0-IW &#8211; C\u00e1mara CUBE 2.8mm WiFi audio bidireccional interior"},"content":{"rendered":"<h3>Descripci\u00f3n<\/h3>\n<p class=\"separador\"><span style=\"font-family: Arial, Verdana;\">CAMARA IP INTERIOR CON LENTE DE 2.8 MM, SENSOR PIR INTEGRADO DE 80\u00b0 POR 10M. ILUMINADOR IR DE HASTA 10 METROS. MICROFONO Y PARLANTE INCORPORADOS, SENSOR\u00a0 1\/2.8&#8243; PROGRESSIVE SCAN CMOS , 1080P REALTIME (FULL-HD),\u00a0 COMPRESION H.264 POR HARDWARE, 0.01 LUX<\/span><\/p>\n<p>&nbsp;<\/p>\n<h3>Caracter\u00edsticas<\/h3>\n<p>&nbsp;<\/p>\n<h3>Soporte<\/h3>\n<h3><strong>3 A\u00d1OS DE GARANT\u00cdA en todos los productos Hikvision, ofrecida por el fabricante, contra defectos de fabricaci\u00f3n y\/o vicios del material que afecten al normal funcionamiento del mismo.\u00a0<\/strong><\/h3>\n","protected":false},"excerpt":{"rendered":"<p>Descripci\u00f3n CAMARA IP INTERIOR CON LENTE DE 2.8 MM, SENSOR PIR INTEGRADO DE 80\u00b0 POR 10M. ILUMINADOR IR DE HASTA 10 METROS. MICROFONO Y PARLANTE INCORPORADOS, SENSOR\u00a0 1\/2.8&#8243; PROGRESSIVE SCAN CMOS , 1080P REALTIME (FULL-HD),\u00a0 COMPRESION H.264 POR HARDWARE, 0.01 LUX &nbsp; Caracter\u00edsticas &nbsp; Soporte 3 A\u00d1OS DE GARANT\u00cdA en todos los productos Hikvision, ofrecida [&hellip;]<\/p>\n","protected":false},"featured_media":3749,"comment_status":"closed","ping_status":"closed","template":"","meta":{"_acf_changed":false},"product_cat":[308,134,94],"product_tag":[],"acf":[],"aioseo_notices":[],"jetpack_sharing_enabled":true,"_links":{"self":[{"href":"https:\/\/www.estudiotecno.com.ar\/tienda\/wp-json\/wp\/v2\/product\/2974"}],"collection":[{"href":"https:\/\/www.estudiotecno.com.ar\/tienda\/wp-json\/wp\/v2\/product"}],"about":[{"href":"https:\/\/www.estudiotecno.com.ar\/tienda\/wp-json\/wp\/v2\/types\/product"}],"replies":[{"embeddable":true,"href":"https:\/\/www.estudiotecno.com.ar\/tienda\/wp-json\/wp\/v2\/comments?post=2974"}],"wp:featuredmedia":[{"embeddable":true,"href":"https:\/\/www.estudiotecno.com.ar\/tienda\/wp-json\/wp\/v2\/media\/3749"}],"wp:attachment":[{"href":"https:\/\/www.estudiotecno.com.ar\/tienda\/wp-json\/wp\/v2\/media?parent=2974"}],"wp:term":[{"taxonomy":"product_cat","embeddable":true,"href":"https:\/\/www.estudiotecno.com.ar\/tienda\/wp-json\/wp\/v2\/product_cat?post=2974"},{"taxonomy":"product_tag","embeddable":true,"href":"https:\/\/www.estudiotecno.com.ar\/tienda\/wp-json\/wp\/v2\/product_tag?post=2974"}],"curies":[{"name":"wp","href":"https:\/\/api.w.org\/{rel}","templated":true}]}}