{"id":2970,"date":"2021-10-04T13:15:44","date_gmt":"2021-10-04T16:15:44","guid":{"rendered":"https:\/\/www.estudiotecno.com.ar\/tienda\/?post_type=product&#038;p=2970"},"modified":"2025-11-27T15:54:15","modified_gmt":"2025-11-27T18:54:15","slug":"ds-2de2a204iw-de3-4mpx-mini-ptz-4x-2-8-a-12mm","status":"publish","type":"product","link":"https:\/\/www.estudiotecno.com.ar\/tienda\/producto\/ds-2de2a204iw-de3-4mpx-mini-ptz-4x-2-8-a-12mm\/","title":{"rendered":"DS-2DE2A404IW-DE3 | Mini PTZ 4X 2.8 a 12mm | 4MPX"},"content":{"rendered":"<h2 class=\"ui-pdp-description__title\">Descripci\u00f3n<\/h2>\n<p class=\"ui-pdp-description__content\">Caracter\u00edsticas:<\/p>\n<p>&#8211; Im\u00e1genes de alta calidad con resoluci\u00f3n de 4 MP<br \/>\n&#8211; Excelente rendimiento con poca luz a trav\u00e9s de la tecnolog\u00eda con tecnolog\u00eda DarkFighter<br \/>\n&#8211; Im\u00e1genes n\u00edtidas contra una fuerte iluminaci\u00f3n de fondo gracias a la tecnolog\u00eda WDR de 120 dB<br \/>\n&#8211; La capacidad de giro e inclinaci\u00f3n permite que la c\u00e1mara controle las zonas de inter\u00e9s<br \/>\n&#8211; El zoom \u00f3ptico de 4x permite una visualizaci\u00f3n m\u00e1s cercana de sujetos en \u00e1reas extensas<br \/>\n&#8211; El rango de infrarrojos de hasta 20 m garantiza la seguridad durante la noche.<\/p>\n<p>Especificaciones:<\/p>\n<p>&#8211; Lente<\/p>\n<p>FOV : Campo de visi\u00f3n horizontal: 100 \u00ba a 33 \u00ba (Wide-Tele), Campo de visi\u00f3n vertical: 53 \u00ba a 18 \u00ba (Wide-Tele), Campo de visi\u00f3n diagonal: 119 \u00ba a 37,5 \u00ba (Wide-Tele)<br \/>\nVelocidad del zoom : Aprox. 2 s (lente \u00f3ptica, gran angular)<br \/>\nDistancia De Trabajo : 10 mm a 1500 mm (gran angular)<br \/>\nRango De Apertura : F1.6 a F2.7<br \/>\nLongitud focal : 2,8 mm a 12 mm, zoom \u00f3ptico de 4 aumentos<\/p>\n<p>&#8211; Imagen<\/p>\n<p>Mejora De La Imagen : 3D DNR, EIS, exposici\u00f3n regional, enfoque regional<br \/>\nSub corriente : 50 Hz: 25 fps (704 \u00d7 576, 640 \u00d7 480, 352 \u00d7 288), 60 Hz: 30 fps (704 \u00d7 480, 640 \u00d7 480, 352 \u00d7 240)<br \/>\nMax. Resoluci\u00f3n : 2560 \u00d7 1440<br \/>\nConvencional : 50Hz: 25 fps (2560 \u00d7 1440, 2048 \u00d7 1536, 1920 \u00d7 1080, 1280 \u00d7 960, 1280 \u00d7 720), 60Hz: 24 fps (2560 \u00d7 1440), 30 fps (2048 \u00d7 1536, 1920 \u00d7 1080, 1280 \u00d7 960, 1280 \u00d7 720)<br \/>\nTercera corriente : 50Hz: 25 fps (1280 \u00d7 720, 704 \u00d7 576, 640 \u00d7 480, 352 \u00d7 288), 60Hz: 30 fps (1280 \u00d7 720, 704 \u00d7 480, 640 \u00d7 480, 352 \u00d7 240)<\/p>\n<p>&#8211; Red<\/p>\n<p>Almacenamiento En Red : Ranura para tarjeta de memoria incorporada, compatible con Micro SD \/ SDHC \/ SDXC, hasta 256 GB; NAS (NFS, SMB \/ CIFS), ANR<br \/>\nProtocolos : IPv4 \/ IPv6, http, https, 802.1x, Qos, FTP, SMTP, UPnP, SNMP, DNS, DDNS, NTP, RTSP, RTCP, RTP, TCP \/ IP, DHCP, PPPoE, Bonjour<br \/>\nAPI : Abierto, compatible con ONVIF, ISAPI y CGI, compatible con HIKVISION SDK y la plataforma de gesti\u00f3n de terceros<br \/>\nVista En Vivo Simult\u00e1nea : Hasta 20 canales<br \/>\nUsuario \/ Operador : Hasta 32 usuarios, 3 niveles: administrador, operador y usuario<br \/>\nCliente : iVMS-4200, iVMS-4500, iVMS-5200, Hik-Connect<br \/>\nNavegador Web : IE 8 a 11, Chrome 31.0 a 44, Firefox 30.0 a 51, Safari 8.0+<br \/>\nMedidas De Seguridad : Autenticaci\u00f3n de usuario (ID y PW), Autenticaci\u00f3n de host (direcci\u00f3n MAC); Cifrado https; Control de acceso a la red basado en puertos IEEE 802.1x; Filtrado de direcciones IP<br \/>\nEnlace De Alarma : Acciones de alarma, como grabaci\u00f3n de v\u00eddeo en tarjeta de memoria, grabaci\u00f3n de activaci\u00f3n, notificaci\u00f3n al centro de vigilancia, carga en FTP \/ tarjeta de memoria \/ NAS, env\u00edo de correo electr\u00f3nico, etc.<\/p>\n<p>&#8211; Interfaz<\/p>\n<p>Salida De Alimentaci\u00f3n : 12VDC, m\u00e1x. 60 mA<br \/>\nEntrada De Audio : Entrada de audio de 1 canal<br \/>\nSalida De Audio : Salida de audio de 1 canal<br \/>\nInterfaz De Red : 1 interfaz Ethernet RJ45 10 M \/ 100 M, Hi-PoE<\/p>\n<p>&#8211; Compresi\u00f3n Est\u00e1ndar<\/p>\n<p>H.264 + : s\u00ed<br \/>\nH.265 + : s\u00ed<br \/>\nTipo H.264 : Perfil de l\u00ednea de base \/ Perfil principal \/ Perfil alto<br \/>\nCompresi\u00f3n De V\u00eddeo : Flujo principal: H.265 + \/ H.265 \/ H.264 + \/ H.264, Subflujo: H.265 \/ H.264 \/ MJPEG, Tercer flujo: H.265 \/ H.264 \/ MJPEG<br \/>\nBitrate de v\u00eddeo : 32 Kbps a 16384 Kbps<br \/>\nCompresi\u00f3n De Audio : G.711alaw \/ G.711ulaw \/ G.722.1 \/ G.726 \/ MP2L2 \/ PCM<br \/>\nTasa de bits de audio : 64 Kbps (G.711) \/ 16 Kbps (G.722.1) \/ 16 Kbps (G.726) \/ 32 Kbps a 160 Kbps (MP2L2)<br \/>\nSVC : s\u00ed<\/p>\n<p>&#8211; M\u00f3dulo De C\u00e1mara<\/p>\n<p>Sensor De Imagen : CMOS de barrido progresivo de 1\/3 \u00bb<br \/>\nIluminaci\u00f3n M\u00ednima : Color: 0.005 Lux @ (F1.6, AGC ON), B \/ N: 0.001 Lux @ (F1.6, AGC ON), 0 Lux con IR<br \/>\nBalance De Blancos : Autom\u00e1tico \/ Manual \/ ATW (Balance de blancos de seguimiento autom\u00e1tico) \/ Interior \/ Exterior \/ L\u00e1mpara fluorescente \/ L\u00e1mpara de sodio<br \/>\nGanancia : Manual de auto<br \/>\nTiempo De Obturaci\u00f3n : 50Hz: 1\/1 sa 1 \/ 30.000 s, 60Hz: 1\/1 sa 1 \/ 30.000 s<br \/>\nD\u00eda y noche : Filtro de corte IR<br \/>\nZoom digital : 16 \u00d7<br \/>\nM\u00e1scara De Privacidad : 24 m\u00e1scaras de privacidad programables<br \/>\nModo De Enfoque : Autom\u00e1tico \/ Semiautom\u00e1tico \/ Manual<br \/>\nWDR : 120 dB WDR<\/p>\n<p>&#8211; Luz Suplementaria<\/p>\n<p>Distancia IR : 20 m<br \/>\nIR Inteligente : s\u00ed<\/p>\n<p>&#8211; PTZ<\/p>\n<p>Rango De Movimiento (Pan) : 0 \u00ba hasta 355 \u00ba<br \/>\nVelocidad De Movimiento Horizontal (Pan) : Configurable, de 0,1 \u00ba \/ sa 100 \u00ba \/ s, Velocidad preestablecida: 100 \u00ba \/ s<br \/>\nRango De Movimiento (Tilt) : De 0 \u00ba a 90 \u00ba<br \/>\nVelocidad De Vertical (Inclinaci\u00f3n) : Configurable, de 0,1 \u00ba \/ sa 100 \u00ba \/ s, Velocidad preestablecida: 100 \u00ba \/ s<br \/>\nZoom Proporcional : s\u00ed<br \/>\nPreajustes : 300<br \/>\nMemoria De Apagado : s\u00ed<\/p>\n<p>&#8211; Caracter\u00edsticas Inteligentes<\/p>\n<p>Detecci\u00f3n b\u00e1sica de eventos : Detecci\u00f3n de movimiento, detecci\u00f3n de manipulaci\u00f3n de video, excepci\u00f3n<br \/>\nDetecci\u00f3n inteligente : Detecci\u00f3n de rostros, Detecci\u00f3n de intrusiones, Detecci\u00f3n de cruce de l\u00ednea, Detecci\u00f3n de entrada de regi\u00f3n, Detecci\u00f3n de salida de regi\u00f3n, Detecci\u00f3n de eliminaci\u00f3n de objetos, Detecci\u00f3n de equipaje desatendido, Detecci\u00f3n de excepci\u00f3n de audio<br \/>\nRegistro Inteligente : ANR (reabastecimiento autom\u00e1tico de red), VCA dual<br \/>\nROI<br \/>\nLa transmisi\u00f3n principal, secundaria y tercera, respectivamente, admiten cuatro \u00e1reas fijas.<\/p>\n<p>&#8211; General<\/p>\n<p>Material : Aleaci\u00f3n de aluminio, PC, PC + ABS<br \/>\nDimensiones : 130,7 mm \u00d7 101,7 mm ( 5,15 \u00ab\u00d7 4,00\u00bb)<br \/>\nAprox. 0,53 kg (1,17 libras)<br \/>\nNivel De Protecci\u00f3n : Est\u00e1ndar IP66, IK 10, protecci\u00f3n contra sobretensiones, \u00b1 2 kV de l\u00ednea a tierra, \u00b1 1 kV de l\u00ednea a l\u00ednea, IEC61000-4-5<br \/>\nAlimentaci\u00f3n : 12 VCC, 1,5 A (m\u00e1x. 9,9 W, incluido m\u00e1x. 4,2 W para IR)<br \/>\nPoE (802.3af), 36 a 57 VCC, 0,35 A (m\u00e1x. 11,2 W, incluido m\u00e1x. 4,2 W para IR)<br \/>\nTemperatura De Trabajo : -20 \u00ba C a 60 \u00ba C (-4 \u00ba F a 140 \u00ba F)<br \/>\nCondiciones De Humedad : 90%<\/p>\n","protected":false},"excerpt":{"rendered":"<p>C\u00e1mara Hikvision 1080p 2MPx DS-2CE56D0T-IF mini domo Metal+Plastico<\/p>\n","protected":false},"featured_media":5175,"comment_status":"closed","ping_status":"closed","template":"","meta":{"_acf_changed":false},"product_cat":[371,308,134,94],"product_tag":[],"acf":[],"aioseo_notices":[],"jetpack_sharing_enabled":true,"_links":{"self":[{"href":"https:\/\/www.estudiotecno.com.ar\/tienda\/wp-json\/wp\/v2\/product\/2970"}],"collection":[{"href":"https:\/\/www.estudiotecno.com.ar\/tienda\/wp-json\/wp\/v2\/product"}],"about":[{"href":"https:\/\/www.estudiotecno.com.ar\/tienda\/wp-json\/wp\/v2\/types\/product"}],"replies":[{"embeddable":true,"href":"https:\/\/www.estudiotecno.com.ar\/tienda\/wp-json\/wp\/v2\/comments?post=2970"}],"wp:featuredmedia":[{"embeddable":true,"href":"https:\/\/www.estudiotecno.com.ar\/tienda\/wp-json\/wp\/v2\/media\/5175"}],"wp:attachment":[{"href":"https:\/\/www.estudiotecno.com.ar\/tienda\/wp-json\/wp\/v2\/media?parent=2970"}],"wp:term":[{"taxonomy":"product_cat","embeddable":true,"href":"https:\/\/www.estudiotecno.com.ar\/tienda\/wp-json\/wp\/v2\/product_cat?post=2970"},{"taxonomy":"product_tag","embeddable":true,"href":"https:\/\/www.estudiotecno.com.ar\/tienda\/wp-json\/wp\/v2\/product_tag?post=2970"}],"curies":[{"name":"wp","href":"https:\/\/api.w.org\/{rel}","templated":true}]}}