{"id":2943,"date":"2021-09-13T17:42:58","date_gmt":"2021-09-13T20:42:58","guid":{"rendered":"https:\/\/www.estudiotecno.com.ar\/tienda\/?post_type=product&#038;p=2943"},"modified":"2025-11-27T16:02:44","modified_gmt":"2025-11-27T19:02:44","slug":"ds-2cv1021g0-idw1-camara-wifi-2mp-exterior-2-8mm-wifi","status":"publish","type":"product","link":"https:\/\/www.estudiotecno.com.ar\/tienda\/producto\/ds-2cv1021g0-idw1-camara-wifi-2mp-exterior-2-8mm-wifi\/","title":{"rendered":"DS-2CV1021G0-IDW1 | C\u00e1mara WIFI 2MP exterior 2.8mm Wifi + Slot"},"content":{"rendered":"<h3>Descripci\u00f3n<\/h3>\n<p style=\"font-weight: 400;\">CAMARA HIKVISION IP WIFI 2MPX BULLET, EXIR, BODY: PLASTIC\u00a0FRONT&amp;BRACKET: METAL, IP67, DWDR, 1\/3&#8243; PROGRESSIVE CMOS, ICR, 0LUX WITH IR, 1920X1080:25FPS(P)\/30FPS(N),\u00a0H.265+\/H.265\/H.264\/MJPEG, DC12V, 3D DNR, BLC, IR RANGE: UP TO 30M<\/p>\n<p><br style=\"font-weight: 400;\" \/><b><\/b><\/p>\n<h3>Caracter\u00edsticas<\/h3>\n<table>\n<tbody>\n<tr>\n<th style=\"font-weight: lighter;\" colspan=\"3\">Camera<\/th>\n<\/tr>\n<tr>\n<td>Image Sensor:<\/td>\n<td><\/td>\n<td>1\/2.8&#8243; Progressive Scan CMOS<\/td>\n<\/tr>\n<tr>\n<td>Signal System:<\/td>\n<td><\/td>\n<td>PAL\/NTSC<\/td>\n<\/tr>\n<tr>\n<td>Min. Illumination:<\/td>\n<td><\/td>\n<td>Color: 0.01 Lux @(F1.2; AGC ON), 0.028 Lux @(F2.0; AGC ON)<\/td>\n<\/tr>\n<tr>\n<td>Shutter time:<\/td>\n<td><\/td>\n<td>1\/3 s to 1\/100,000 s<\/td>\n<\/tr>\n<tr>\n<td>Slow shutter:<\/td>\n<td><\/td>\n<td>Support<\/td>\n<\/tr>\n<tr>\n<td>Lens:<\/td>\n<td><\/td>\n<td>2.8 mm, horizontal FOV: 114\u00b0, vertical FOV: 62\u00b0, diagonal FOV: 135\u00b0<br \/>\n4 mm, horizontal field of view: 86\u00b0, vertical FOV: 46\u00b0, diagonal FOV: 102\u00b0<\/td>\n<\/tr>\n<tr>\n<td>Lens Mount:<\/td>\n<td><\/td>\n<td>M12<\/td>\n<\/tr>\n<tr>\n<td>Adjustment Range:<\/td>\n<td><\/td>\n<td>Pan: 0\u00b0 to 360\u00b0, tilt: 0\u00b0 to 90\u00b0, rotate: 0\u00b0 to 360\u00b0<\/td>\n<\/tr>\n<tr>\n<td>Day&amp; Night:<\/td>\n<td><\/td>\n<td>IR cut filter with auto switch<\/td>\n<\/tr>\n<tr>\n<td>Wide Dynamic Range:<\/td>\n<td><\/td>\n<td>Digital WDR<\/td>\n<\/tr>\n<tr>\n<td>Digital noise reduction:<\/td>\n<td><\/td>\n<td>3D DNR<\/td>\n<\/tr>\n<\/tbody>\n<\/table>\n<table>\n<tbody>\n<tr>\n<th style=\"font-weight: lighter;\" colspan=\"3\">Compression Standard<\/th>\n<\/tr>\n<tr>\n<td>Video Compression:<\/td>\n<td><\/td>\n<td>H.265+\/H.265\/H.264+\/H.264\/MJPEG<\/td>\n<\/tr>\n<tr>\n<td>Video bit rate:<\/td>\n<td><\/td>\n<td>32Kbps~8Mbps<\/td>\n<\/tr>\n<tr>\n<td>Audio Compression:<\/td>\n<td><\/td>\n<td>G.711\/G.722.1\/G.726\/MP2L2\/PCM<\/td>\n<\/tr>\n<tr>\n<td>Audio bit rate:<\/td>\n<td><\/td>\n<td>64Kbps(G.711)\/16Kbps(G.722.1)\/16Kbps(G.726)\/32-192Kbps(MP2L2)<\/td>\n<\/tr>\n<\/tbody>\n<\/table>\n<table>\n<tbody>\n<tr>\n<th style=\"font-weight: lighter;\" colspan=\"3\">Image<\/th>\n<\/tr>\n<tr>\n<td>Max. Image Resolution:<\/td>\n<td><\/td>\n<td>1920 x 1080<\/td>\n<\/tr>\n<tr>\n<td>Frame Rate:<\/td>\n<td><\/td>\n<td>50Hz: 25fps (1920 \u00d7 1080, 1280 \u00d7 960, 1280\u00d7720)<br \/>\n60Hz: 30fps (1920 \u00d7 1080, 1280 \u00d7 960, 1280\u00d7720)<\/td>\n<\/tr>\n<tr>\n<td>Sub Stream:<\/td>\n<td><\/td>\n<td>50Hz: 25fps (640 \u00d7 480, 640 \u00d7 360, 320 \u00d7 240)<br \/>\n60Hz: 30fps (640 \u00d7 480, 640 \u00d7 360, 320 \u00d7 240)<\/td>\n<\/tr>\n<tr>\n<td>Image Enhancement:<\/td>\n<td><\/td>\n<td>BLC\/3D DNR<\/td>\n<\/tr>\n<tr>\n<td>Image Settings:<\/td>\n<td><\/td>\n<td>Brightness, saturation, contrast, sharpness are adjustable via web browser or client software<\/td>\n<\/tr>\n<tr>\n<td>ROI:<\/td>\n<td><\/td>\n<td>1 fixed region for main stream and sub-stream<\/td>\n<\/tr>\n<tr>\n<td>Day\/Night Switch:<\/td>\n<td><\/td>\n<td>Auto\/Scheduled\/Day\/Night<\/td>\n<\/tr>\n<\/tbody>\n<\/table>\n<table>\n<tbody>\n<tr>\n<th style=\"font-weight: lighter;\" colspan=\"3\">Network<\/th>\n<\/tr>\n<tr>\n<td>Network Storage:<\/td>\n<td><\/td>\n<td>microSD\/SDHC\/SDXC card (128G), local storage and NAS (NFS,SMB\/CIFS), ANR<\/td>\n<\/tr>\n<tr>\n<td>Alarm Trigger:<\/td>\n<td><\/td>\n<td>Motion detection, video tampering alarm, network disconnected, IP address conflict, illegal login, HDD full, HDD error<\/td>\n<\/tr>\n<tr>\n<td>Protocols:<\/td>\n<td><\/td>\n<td>TCP\/IP, ICMP, HTTP, HTTPS, FTP, DHCP, DNS, DDNS, RTP, RTSP, RTCP, PPPoE, NTP, UPnP, SMTP, SNMP, IGMP, QoS, IPv6, UDP, Bonjour<\/td>\n<\/tr>\n<tr>\n<td>General Function:<\/td>\n<td><\/td>\n<td>One-key reset, Anti-Flicker, heartbeat, mirror, password protection, privacy<br \/>\nmask, Watermark, IP address filtering<\/td>\n<\/tr>\n<tr>\n<td>System Compatibility:<\/td>\n<td><\/td>\n<td>ONVIF (Profile S, Profile G),ISAPI<\/td>\n<\/tr>\n<\/tbody>\n<\/table>\n<table>\n<tbody>\n<tr>\n<th style=\"font-weight: lighter;\" colspan=\"3\">Interface<\/th>\n<\/tr>\n<tr>\n<td>Audio:<\/td>\n<td><\/td>\n<td>1 Built-in mic, mono sound<\/td>\n<\/tr>\n<tr>\n<td>Communication Interface:<\/td>\n<td><\/td>\n<td>1 RJ45 10M \/ 100M Ethernet interface<\/td>\n<\/tr>\n<tr>\n<td>On-board storage:<\/td>\n<td><\/td>\n<td>Built-in Micro SD\/SDHC\/SDXC slot, up to 128 GB<\/td>\n<\/tr>\n<tr>\n<td>Reset Button:<\/td>\n<td><\/td>\n<td>Yes<\/td>\n<\/tr>\n<\/tbody>\n<\/table>\n<table>\n<tbody>\n<tr>\n<th style=\"font-weight: lighter;\" colspan=\"3\">Wi-Fi Specification (-W)<\/th>\n<\/tr>\n<tr>\n<td>Wireless Standards:<\/td>\n<td><\/td>\n<td>IEEE802.11b, 802.11g, 802.11n<\/td>\n<\/tr>\n<tr>\n<td>Frequency Range:<\/td>\n<td><\/td>\n<td>2.412 GHz to 2.4835 GHz<\/td>\n<\/tr>\n<\/tbody>\n<\/table>\n<p><br style=\"font-weight: 400;\" \/><b><\/b><\/p>\n<h3>Soporte<\/h3>\n<p style=\"font-weight: 400;\">3 A\u00d1OS DE GARANT\u00cdA en todos los productos Hikvision, ofrecida por el fabricante, contra defectos de fabricaci\u00f3n y\/o vicios del material que afecten al normal funcionamiento del mismo.<\/p>\n<p style=\"font-weight: 400;\">Contamos con un departamento t\u00e9cnico, con stock permanente de repuestos, que le permitir\u00e1 contar con un servicio en caso de necesidad de reparaci\u00f3n del producto. Para m\u00e1s informaci\u00f3n dir\u00edjase a la secci\u00f3n Soporte T\u00e9cnico.<\/p>\n","protected":false},"excerpt":{"rendered":"<p>Descripci\u00f3n CAMARA HIKVISION IP WIFI 2MPX BULLET, EXIR, BODY: PLASTIC\u00a0FRONT&amp;BRACKET: METAL, IP67, DWDR, 1\/3&#8243; PROGRESSIVE CMOS, ICR, 0LUX WITH IR, 1920X1080:25FPS(P)\/30FPS(N),\u00a0H.265+\/H.265\/H.264\/MJPEG, DC12V, 3D DNR, BLC, IR RANGE: UP TO 30M Caracter\u00edsticas Camera Image Sensor: 1\/2.8&#8243; Progressive Scan CMOS Signal System: PAL\/NTSC Min. Illumination: Color: 0.01 Lux @(F1.2; AGC ON), 0.028 Lux @(F2.0; AGC ON) Shutter [&hellip;]<\/p>\n","protected":false},"featured_media":5178,"comment_status":"closed","ping_status":"closed","template":"","meta":{"_acf_changed":false},"product_cat":[308],"product_tag":[],"acf":[],"aioseo_notices":[],"jetpack_sharing_enabled":true,"_links":{"self":[{"href":"https:\/\/www.estudiotecno.com.ar\/tienda\/wp-json\/wp\/v2\/product\/2943"}],"collection":[{"href":"https:\/\/www.estudiotecno.com.ar\/tienda\/wp-json\/wp\/v2\/product"}],"about":[{"href":"https:\/\/www.estudiotecno.com.ar\/tienda\/wp-json\/wp\/v2\/types\/product"}],"replies":[{"embeddable":true,"href":"https:\/\/www.estudiotecno.com.ar\/tienda\/wp-json\/wp\/v2\/comments?post=2943"}],"wp:featuredmedia":[{"embeddable":true,"href":"https:\/\/www.estudiotecno.com.ar\/tienda\/wp-json\/wp\/v2\/media\/5178"}],"wp:attachment":[{"href":"https:\/\/www.estudiotecno.com.ar\/tienda\/wp-json\/wp\/v2\/media?parent=2943"}],"wp:term":[{"taxonomy":"product_cat","embeddable":true,"href":"https:\/\/www.estudiotecno.com.ar\/tienda\/wp-json\/wp\/v2\/product_cat?post=2943"},{"taxonomy":"product_tag","embeddable":true,"href":"https:\/\/www.estudiotecno.com.ar\/tienda\/wp-json\/wp\/v2\/product_tag?post=2943"}],"curies":[{"name":"wp","href":"https:\/\/api.w.org\/{rel}","templated":true}]}}