{"id":2932,"date":"2021-09-10T17:09:49","date_gmt":"2021-09-10T20:09:49","guid":{"rendered":"https:\/\/www.estudiotecno.com.ar\/tienda\/?post_type=product&#038;p=2932"},"modified":"2025-09-03T13:03:34","modified_gmt":"2025-09-03T16:03:34","slug":"antena-ubiquiti-5ghz-litebeam-ac-gen2-23dbi-lbe-5ac-gen2-ar","status":"publish","type":"product","link":"https:\/\/www.estudiotecno.com.ar\/tienda\/producto\/antena-ubiquiti-5ghz-litebeam-ac-gen2-23dbi-lbe-5ac-gen2-ar\/","title":{"rendered":"Antena Ubiquiti 5ghz Litebeam Ac Gen2 23dbi Lbe-M5-23"},"content":{"rendered":"<p>UBIQUITI LBE-5AC-GEN2-AR5 GHz LiteBeam ac, 23 dBi GEN2<\/p>\n<p>Especificaciones LBE-5AC-Gen2:<\/p>\n<p>Dimensiones: 358 x 271,95 x 272,50 mm (14,09 x 10,71 x 10,73&#8243;)<br \/>\nPeso:<br \/>\nCon montaje: 980 g<br \/>\nSin montaje: 800 g<br \/>\nInterfaz de red: (1) puerto Ethernet 10\/100\/1000<br \/>\nGanancia de la antena: 23 dBi<br \/>\nPotencia m\u00e1xima de salida: 25 dBm<br \/>\nConsumo m\u00e1ximo de energ\u00eda: 7W<br \/>\nFuente de alimentaci\u00f3n: 24 V, adaptador Gigabit PoE, 0,3 A<br \/>\nM\u00e9todo de alimentaci\u00f3n: PoE pasivo (pares 4, 5+ para la ida y 7, 8 para el retorno)<br \/>\nTemperatura de funcionamiento: De -40 a 70\u00b0 C<br \/>\n(de -40\u00b0 F a 158\u00b0 F)<br \/>\nHumedad de funcionamiento: 5 a 95 % sin condensaci\u00f3n<br \/>\nProtecci\u00f3n ESD\/EMP: \u00b1 24 kV contacto\/aire<br \/>\nImpactos y vibraciones: ETSI300-019-1.4<br \/>\nResistencia al viento: 200 km\/h (125 mph)<br \/>\nCarga de viento: 275 N @ 200 km\/h (61,8 lbf @ 125 mph)<br \/>\nCertificaciones: CE, FCC, IC<\/p>\n","protected":false},"excerpt":{"rendered":"<p>UBIQUITI LBE-5AC-GEN2-AR5 GHz LiteBeam ac, 23 dBi GEN2 Especificaciones LBE-5AC-Gen2: Dimensiones: 358 x 271,95 x 272,50 mm (14,09 x 10,71 x 10,73&#8243;) Peso: Con montaje: 980 g Sin montaje: 800 g Interfaz de red: (1) puerto Ethernet 10\/100\/1000 Ganancia de la antena: 23 dBi Potencia m\u00e1xima de salida: 25 dBm Consumo m\u00e1ximo de energ\u00eda: 7W [&hellip;]<\/p>\n","protected":false},"featured_media":5235,"comment_status":"closed","ping_status":"closed","template":"","meta":{"_acf_changed":false},"product_cat":[377,282,311],"product_tag":[],"acf":[],"aioseo_notices":[],"jetpack_sharing_enabled":true,"_links":{"self":[{"href":"https:\/\/www.estudiotecno.com.ar\/tienda\/wp-json\/wp\/v2\/product\/2932"}],"collection":[{"href":"https:\/\/www.estudiotecno.com.ar\/tienda\/wp-json\/wp\/v2\/product"}],"about":[{"href":"https:\/\/www.estudiotecno.com.ar\/tienda\/wp-json\/wp\/v2\/types\/product"}],"replies":[{"embeddable":true,"href":"https:\/\/www.estudiotecno.com.ar\/tienda\/wp-json\/wp\/v2\/comments?post=2932"}],"wp:featuredmedia":[{"embeddable":true,"href":"https:\/\/www.estudiotecno.com.ar\/tienda\/wp-json\/wp\/v2\/media\/5235"}],"wp:attachment":[{"href":"https:\/\/www.estudiotecno.com.ar\/tienda\/wp-json\/wp\/v2\/media?parent=2932"}],"wp:term":[{"taxonomy":"product_cat","embeddable":true,"href":"https:\/\/www.estudiotecno.com.ar\/tienda\/wp-json\/wp\/v2\/product_cat?post=2932"},{"taxonomy":"product_tag","embeddable":true,"href":"https:\/\/www.estudiotecno.com.ar\/tienda\/wp-json\/wp\/v2\/product_tag?post=2932"}],"curies":[{"name":"wp","href":"https:\/\/api.w.org\/{rel}","templated":true}]}}