{"id":2913,"date":"2021-08-24T16:28:37","date_gmt":"2021-08-24T19:28:37","guid":{"rendered":"https:\/\/www.estudiotecno.com.ar\/tienda\/?post_type=product&#038;p=2913"},"modified":"2022-07-27T12:25:32","modified_gmt":"2022-07-27T15:25:32","slug":"balun-hikvision-con-tornillo","status":"publish","type":"product","link":"https:\/\/www.estudiotecno.com.ar\/tienda\/producto\/balun-hikvision-con-tornillo\/","title":{"rendered":"BALUN HIKVISION (con tornillo)"},"content":{"rendered":"<h3>Descripci\u00f3n<\/h3>\n<p class=\"separador\">BALUN HIKVISION. CON TORNILLO. MULTINORMA TVI AHD CVI Y ANALOGICO HD Y FULL HD CALIDAD PREMIUM \/\/ ORIGEN CHINA CCTV<\/p>\n<p>&nbsp;<\/p>\n<h3>Caracter\u00edsticas<\/h3>\n<div><span style=\"font-family: Arial, Verdana;\">&#8211; Protecci\u00f3n\u00a0contra\u00a0sobretensi\u00f3n.<\/span><\/div>\n<div>&#8211; Resoluci\u00f3n 720p\/1080p\/3MP\/4MP\/5MP.<\/div>\n<div><span style=\"font-family: Arial, Verdana;\">&#8211; Distancia de transmisi\u00f3n de se\u00f1al a trav\u00e9s de CAT 5e o CAT 6, 100 metros 1080p, 200 metros 720p, seg\u00fan especificaci\u00f3n del producto.<\/span><\/div>\n<div><span style=\"font-family: Arial, Verdana;\">&#8211; Compatible con formatos HDTVI\/HDCVI\/AHD<\/span><\/div>\n<div>&#8211; Menor tasa de RMA del mercado.<\/div>\n<div><span style=\"font-family: Arial, Verdana;\">&#8211; La mejorar calidad del mercado.<\/span><\/div>\n","protected":false},"excerpt":{"rendered":"<p>C\u00e1mara Hikvision 1080p 2MPx DS-2CE56D0T-IF mini domo Metal+Plastico<\/p>\n","protected":false},"featured_media":3760,"comment_status":"closed","ping_status":"closed","template":"","meta":{"_acf_changed":false},"product_cat":[106,134,94],"product_tag":[],"acf":[],"aioseo_notices":[],"jetpack_sharing_enabled":true,"_links":{"self":[{"href":"https:\/\/www.estudiotecno.com.ar\/tienda\/wp-json\/wp\/v2\/product\/2913"}],"collection":[{"href":"https:\/\/www.estudiotecno.com.ar\/tienda\/wp-json\/wp\/v2\/product"}],"about":[{"href":"https:\/\/www.estudiotecno.com.ar\/tienda\/wp-json\/wp\/v2\/types\/product"}],"replies":[{"embeddable":true,"href":"https:\/\/www.estudiotecno.com.ar\/tienda\/wp-json\/wp\/v2\/comments?post=2913"}],"wp:featuredmedia":[{"embeddable":true,"href":"https:\/\/www.estudiotecno.com.ar\/tienda\/wp-json\/wp\/v2\/media\/3760"}],"wp:attachment":[{"href":"https:\/\/www.estudiotecno.com.ar\/tienda\/wp-json\/wp\/v2\/media?parent=2913"}],"wp:term":[{"taxonomy":"product_cat","embeddable":true,"href":"https:\/\/www.estudiotecno.com.ar\/tienda\/wp-json\/wp\/v2\/product_cat?post=2913"},{"taxonomy":"product_tag","embeddable":true,"href":"https:\/\/www.estudiotecno.com.ar\/tienda\/wp-json\/wp\/v2\/product_tag?post=2913"}],"curies":[{"name":"wp","href":"https:\/\/api.w.org\/{rel}","templated":true}]}}