{"id":2887,"date":"2021-08-03T12:53:26","date_gmt":"2021-08-03T15:53:26","guid":{"rendered":"https:\/\/www.estudiotecno.com.ar\/tienda\/?post_type=product&#038;p=2887"},"modified":"2025-09-03T13:03:22","modified_gmt":"2025-09-03T16:03:22","slug":"ds-7104ni-q1-nvr-4-canales-grabacion-de-camaras-ip-en-h-265-copia","status":"publish","type":"product","link":"https:\/\/www.estudiotecno.com.ar\/tienda\/producto\/ds-7104ni-q1-nvr-4-canales-grabacion-de-camaras-ip-en-h-265-copia\/","title":{"rendered":"DS-7104NI-Q1 | NVR 4 canales, Grabaci\u00f3n de c\u00e1maras IP en H.265+"},"content":{"rendered":"<h3>Descripci\u00f3n<\/h3>\n<p class=\"separador\"><span style=\"font-family: Arial, Verdana;\">NVR HIKVISION DE 4 CANALES PARA GRABACI\u00d3N DE C\u00c1MARAS IP EN H.265+ \/ H.265 \/ H264+ \/H.264. ANCHO DE BANDA DE ENTRADA DE 40 MBPS. HASTA 64\u00a0 CONEXIONES REMOTAS. SALIDA DE VIDEO HDMI Y VGA SIMULTANEA HASTA 1920X1080P DE RESOLUCI\u00d3N M\u00c1XIMA. SALIDA DE AUDIO RCA. SOPORTA\u00a0 1\u00a0 HDD DE HASTA 6 TB. 1 PUERTO ETHERNET RJ-45 10\/100\/1000 MBPS. 2 PUERTOS USB 2.0. SOPORTA 2 CAMS DE 4MP@25FPS Y 4 CAMS DE 2MP@25FPS. GABINETE PL\u00c1STICO COLOR BLANCO, NO RACKEABLE. MEDIDAS 200X205X48MM. ALIMENTACI\u00d3N DE 12 V DC. CONSUMO\u00a0 18W SIN HDD. PESO APROX. 1.5KG.<\/span><\/p>\n<h3><\/h3>\n<p><b><\/b><br style=\"font-weight: 400;\" \/><b><\/b><\/p>\n<h3>Soporte<\/h3>\n<p style=\"font-weight: 400;\">3 A\u00d1OS DE GARANT\u00cdA en todos los productos Hikvision, ofrecida por el fabricante, contra defectos de fabricaci\u00f3n y\/o vicios del material que afecten al normal funcionamiento del mismo.<\/p>\n<p style=\"font-weight: 400;\">Contamos con un departamento t\u00e9cnico, con stock permanente de repuestos, que le permitir\u00e1 contar con un servicio en caso de necesidad de reparaci\u00f3n del producto. Para m\u00e1s informaci\u00f3n dir\u00edjase a la secci\u00f3n Soporte T\u00e9cnico.<\/p>\n","protected":false},"excerpt":{"rendered":"<p>Descripci\u00f3n NVR HIKVISION DE 4 CANALES PARA GRABACI\u00d3N DE C\u00c1MARAS IP EN H.265+ \/ H.265 \/ H264+ \/H.264. ANCHO DE BANDA DE ENTRADA DE 40 MBPS. HASTA 64\u00a0 CONEXIONES REMOTAS. SALIDA DE VIDEO HDMI Y VGA SIMULTANEA HASTA 1920X1080P DE RESOLUCI\u00d3N M\u00c1XIMA. SALIDA DE AUDIO RCA. SOPORTA\u00a0 1\u00a0 HDD DE HASTA 6 TB. 1 PUERTO [&hellip;]<\/p>\n","protected":false},"featured_media":6862,"comment_status":"closed","ping_status":"closed","template":"","meta":{"_acf_changed":false},"product_cat":[360,307],"product_tag":[],"acf":[],"aioseo_notices":[],"jetpack_sharing_enabled":true,"_links":{"self":[{"href":"https:\/\/www.estudiotecno.com.ar\/tienda\/wp-json\/wp\/v2\/product\/2887"}],"collection":[{"href":"https:\/\/www.estudiotecno.com.ar\/tienda\/wp-json\/wp\/v2\/product"}],"about":[{"href":"https:\/\/www.estudiotecno.com.ar\/tienda\/wp-json\/wp\/v2\/types\/product"}],"replies":[{"embeddable":true,"href":"https:\/\/www.estudiotecno.com.ar\/tienda\/wp-json\/wp\/v2\/comments?post=2887"}],"wp:featuredmedia":[{"embeddable":true,"href":"https:\/\/www.estudiotecno.com.ar\/tienda\/wp-json\/wp\/v2\/media\/6862"}],"wp:attachment":[{"href":"https:\/\/www.estudiotecno.com.ar\/tienda\/wp-json\/wp\/v2\/media?parent=2887"}],"wp:term":[{"taxonomy":"product_cat","embeddable":true,"href":"https:\/\/www.estudiotecno.com.ar\/tienda\/wp-json\/wp\/v2\/product_cat?post=2887"},{"taxonomy":"product_tag","embeddable":true,"href":"https:\/\/www.estudiotecno.com.ar\/tienda\/wp-json\/wp\/v2\/product_tag?post=2887"}],"curies":[{"name":"wp","href":"https:\/\/api.w.org\/{rel}","templated":true}]}}