{"id":2876,"date":"2021-07-27T18:57:50","date_gmt":"2021-07-27T21:57:50","guid":{"rendered":"https:\/\/www.estudiotecno.com.ar\/tienda\/?post_type=product&#038;p=2876"},"modified":"2025-09-03T13:03:19","modified_gmt":"2025-09-03T16:03:19","slug":"ds-2cd1123g0e-i-arg-camara-ip-hd-domo-burbuja-exterior-lente-2-8mm","status":"publish","type":"product","link":"https:\/\/www.estudiotecno.com.ar\/tienda\/producto\/ds-2cd1123g0e-i-arg-camara-ip-hd-domo-burbuja-exterior-lente-2-8mm\/","title":{"rendered":"DS-2CD1123G0E-I\/ARG | C\u00e1mara IP HD Domo Burbuja exterior. Lente 2.8mm."},"content":{"rendered":"<h3>Descripci\u00f3n<\/h3>\n<p style=\"font-weight: 400;\">CAMARA HIKVISION IP 2MPX DOMO BURBUJA, LENTE\u00a0 2.8MM, IP67, 20M IR \/ ARGENTINA<\/p>\n<p><br style=\"font-weight: 400;\" \/><b><\/b><\/p>\n<h3>Caracter\u00edsticas<\/h3>\n<p><b><\/b><br style=\"font-weight: 400;\" \/><b><\/b><\/p>\n<h3>Soporte<\/h3>\n<p style=\"font-weight: 400;\">3 A\u00d1OS DE GARANT\u00cdA en todos los productos Hikvision, ofrecida por el fabricante, contra defectos de fabricaci\u00f3n y\/o vicios del material que afecten al normal funcionamiento del mismo.<\/p>\n","protected":false},"excerpt":{"rendered":"<p>Descripci\u00f3n CAMARA HIKVISION IP 2MPX DOMO BURBUJA, LENTE\u00a0 2.8MM, IP67, 20M IR \/ ARGENTINA Caracter\u00edsticas Soporte 3 A\u00d1OS DE GARANT\u00cdA en todos los productos Hikvision, ofrecida por el fabricante, contra defectos de fabricaci\u00f3n y\/o vicios del material que afecten al normal funcionamiento del mismo.<\/p>\n","protected":false},"featured_media":5171,"comment_status":"closed","ping_status":"closed","template":"","meta":{"_acf_changed":false},"product_cat":[370,308,134,94],"product_tag":[],"acf":[],"aioseo_notices":[],"jetpack_sharing_enabled":true,"_links":{"self":[{"href":"https:\/\/www.estudiotecno.com.ar\/tienda\/wp-json\/wp\/v2\/product\/2876"}],"collection":[{"href":"https:\/\/www.estudiotecno.com.ar\/tienda\/wp-json\/wp\/v2\/product"}],"about":[{"href":"https:\/\/www.estudiotecno.com.ar\/tienda\/wp-json\/wp\/v2\/types\/product"}],"replies":[{"embeddable":true,"href":"https:\/\/www.estudiotecno.com.ar\/tienda\/wp-json\/wp\/v2\/comments?post=2876"}],"wp:featuredmedia":[{"embeddable":true,"href":"https:\/\/www.estudiotecno.com.ar\/tienda\/wp-json\/wp\/v2\/media\/5171"}],"wp:attachment":[{"href":"https:\/\/www.estudiotecno.com.ar\/tienda\/wp-json\/wp\/v2\/media?parent=2876"}],"wp:term":[{"taxonomy":"product_cat","embeddable":true,"href":"https:\/\/www.estudiotecno.com.ar\/tienda\/wp-json\/wp\/v2\/product_cat?post=2876"},{"taxonomy":"product_tag","embeddable":true,"href":"https:\/\/www.estudiotecno.com.ar\/tienda\/wp-json\/wp\/v2\/product_tag?post=2876"}],"curies":[{"name":"wp","href":"https:\/\/api.w.org\/{rel}","templated":true}]}}