{"id":2849,"date":"2021-07-07T18:08:50","date_gmt":"2021-07-07T21:08:50","guid":{"rendered":"https:\/\/www.estudiotecno.com.ar\/tienda\/?post_type=product&#038;p=2849"},"modified":"2022-07-27T12:26:58","modified_gmt":"2022-07-27T15:26:58","slug":"ds-1602zj-soporte-para-domo-ptz-marca-hikvision","status":"publish","type":"product","link":"https:\/\/www.estudiotecno.com.ar\/tienda\/producto\/ds-1602zj-soporte-para-domo-ptz-marca-hikvision\/","title":{"rendered":"DS-1602ZJ Soporte para domo PTZ marca Hikvision"},"content":{"rendered":"<h3>Descripci\u00f3n<\/h3>\n<p style=\"font-weight: 400;\">SOPORTE DE PARED DE ALUMINIO PARA DOMO DE 5&#8243;\u00a0 MEDIDAS:97\u00d7182\u00d7305MM<\/p>\n<p><br style=\"font-weight: 400;\" \/><b><\/b><\/p>\n<h3>Caracter\u00edsticas<\/h3>\n<p style=\"font-weight: 400;\">Soporte de Pared de Aluminio para DOMO de 5&#8243;\u00a0 Medidas:97\u00d7182\u00d7305mm<\/p>\n<p><br style=\"font-weight: 400;\" \/><b><\/b><\/p>\n<h3>Soporte<\/h3>\n<p style=\"font-weight: 400;\">6 MESES DE GARANT\u00cdA\u00a0ofrecida por el fabricante, contra defectos de fabricaci\u00f3n y\/o vicios del material que afecten al normal funcionamiento del mismo.<\/p>\n","protected":false},"excerpt":{"rendered":"<p>Descripci\u00f3n SOPORTE DE PARED DE ALUMINIO PARA DOMO DE 5&#8243;\u00a0 MEDIDAS:97\u00d7182\u00d7305MM Caracter\u00edsticas Soporte de Pared de Aluminio para DOMO de 5&#8243;\u00a0 Medidas:97\u00d7182\u00d7305mm Soporte 6 MESES DE GARANT\u00cdA\u00a0ofrecida por el fabricante, contra defectos de fabricaci\u00f3n y\/o vicios del material que afecten al normal funcionamiento del mismo.<\/p>\n","protected":false},"featured_media":3933,"comment_status":"closed","ping_status":"closed","template":"","meta":{"_acf_changed":false},"product_cat":[299,106,134,94],"product_tag":[],"acf":[],"aioseo_notices":[],"jetpack_sharing_enabled":true,"_links":{"self":[{"href":"https:\/\/www.estudiotecno.com.ar\/tienda\/wp-json\/wp\/v2\/product\/2849"}],"collection":[{"href":"https:\/\/www.estudiotecno.com.ar\/tienda\/wp-json\/wp\/v2\/product"}],"about":[{"href":"https:\/\/www.estudiotecno.com.ar\/tienda\/wp-json\/wp\/v2\/types\/product"}],"replies":[{"embeddable":true,"href":"https:\/\/www.estudiotecno.com.ar\/tienda\/wp-json\/wp\/v2\/comments?post=2849"}],"wp:featuredmedia":[{"embeddable":true,"href":"https:\/\/www.estudiotecno.com.ar\/tienda\/wp-json\/wp\/v2\/media\/3933"}],"wp:attachment":[{"href":"https:\/\/www.estudiotecno.com.ar\/tienda\/wp-json\/wp\/v2\/media?parent=2849"}],"wp:term":[{"taxonomy":"product_cat","embeddable":true,"href":"https:\/\/www.estudiotecno.com.ar\/tienda\/wp-json\/wp\/v2\/product_cat?post=2849"},{"taxonomy":"product_tag","embeddable":true,"href":"https:\/\/www.estudiotecno.com.ar\/tienda\/wp-json\/wp\/v2\/product_tag?post=2849"}],"curies":[{"name":"wp","href":"https:\/\/api.w.org\/{rel}","templated":true}]}}