{"id":2847,"date":"2021-07-07T18:08:13","date_gmt":"2021-07-07T21:08:13","guid":{"rendered":"https:\/\/www.estudiotecno.com.ar\/tienda\/?post_type=product&#038;p=2847"},"modified":"2025-09-03T13:03:14","modified_gmt":"2025-09-03T16:03:14","slug":"ds-2de4225w-de-camara-domo-ip-ptz-metalica-exterior-resolucion-1080p","status":"publish","type":"product","link":"https:\/\/www.estudiotecno.com.ar\/tienda\/producto\/ds-2de4225w-de-camara-domo-ip-ptz-metalica-exterior-resolucion-1080p\/","title":{"rendered":"DS-2DE4225IW-DE T5 | C\u00e1mara Domo IP PTZ met\u00e1lica + soporte. 2 MP"},"content":{"rendered":"<h3>Descripci\u00f3n<\/h3>\n<div><span style=\"font-family: Arial, Verdana;\"><span>DOMO IP ACUSENSE PTZ HIKVISION 2MP, VARIFOCAL 4,8MM CMOS, H.265 + \/ H.265 \/ H.264 + \/ H.264 CODEC, 3D DNR, TRUE WDR,\u00a0<\/span><\/span><\/div>\n<div><span style=\"font-family: Arial, Verdana;\"><span>POWERDE DE LUZ ULTRABAJA POR DARKFIGHTER COLOR: 0.005LUX \/ F1.6, B \/ N: 0.001LUX \/ F1.6,\u00a0<\/span><\/span><\/div>\n<div><span style=\"font-family: Arial, Verdana;\"><span>ZOOM \u00d3PTICO: 25X, ZOOM DIGITAL: 16X, 100M IR<\/span><\/span><\/div>\n<div><span style=\"font-family: Arial, Verdana;\"><span>2560 * 1440: 30 FPS<\/span><\/span><\/div>\n<p>&nbsp;<\/p>\n<h3>Caracter\u00edsticas<\/h3>\n<p class=\"separador\">\n<div class=\"parameter-table\">\n<table>\n<tbody>\n<tr>\n<th colspan=\"3\">Camera<\/th>\n<\/tr>\n<tr>\n<td class=\"td1\">Image Sensor:<\/td>\n<td class=\"td2\"><\/td>\n<td>1\/2.8&#8243; HD progressive scan CMOS<\/td>\n<\/tr>\n<tr>\n<td class=\"td1\">Effective Pixels:<\/td>\n<td class=\"td2\"><\/td>\n<td>1920(H)x1080(V)<\/td>\n<\/tr>\n<tr>\n<td class=\"td1\">Signal System:<\/td>\n<td class=\"td2\"><\/td>\n<td>PAL\/NTSC<\/td>\n<\/tr>\n<tr>\n<td class=\"td1\">Minimum Illumination:<\/td>\n<td class=\"td2\"><\/td>\n<td>Color: 0.005 Lux @(F1.6, AGC ON)<br \/>\nB\/W: 0.001Lux @(F1.6, AGC ON)<br \/>\n0 Lux with IR<\/td>\n<\/tr>\n<tr>\n<td class=\"td1\">White Balance:<\/td>\n<td class=\"td2\"><\/td>\n<td>Auto\/Manual\/ATW (Auto-Tracking White Balance)\/Indoor\/Outdoor\/Fluorescent Lamp\/Sodium Lamp<\/td>\n<\/tr>\n<tr>\n<td class=\"td1\">AGC:<\/td>\n<td class=\"td2\"><\/td>\n<td>Auto\/Manual<\/td>\n<\/tr>\n<tr>\n<td class=\"td1\">BLC:<\/td>\n<td class=\"td2\"><\/td>\n<td>ON\/OFF<\/td>\n<\/tr>\n<tr>\n<td class=\"td1\">HLC:<\/td>\n<td class=\"td2\"><\/td>\n<td>Support<\/td>\n<\/tr>\n<tr>\n<td class=\"td1\">Smart defog:<\/td>\n<td class=\"td2\"><\/td>\n<td>Support<\/td>\n<\/tr>\n<tr>\n<td class=\"td1\">WDR:<\/td>\n<td class=\"td2\"><\/td>\n<td>120dB<\/td>\n<\/tr>\n<tr>\n<td class=\"td1\">Shutter Time:<\/td>\n<td class=\"td2\"><\/td>\n<td>1-1\/10,000s<\/td>\n<\/tr>\n<tr>\n<td class=\"td1\">Day&amp; Night:<\/td>\n<td class=\"td2\"><\/td>\n<td>ICR<\/td>\n<\/tr>\n<tr>\n<td class=\"td1\">Digital Zoom:<\/td>\n<td class=\"td2\"><\/td>\n<td>16X<\/td>\n<\/tr>\n<tr>\n<td class=\"td1\">Privacy Masking:<\/td>\n<td class=\"td2\"><\/td>\n<td>24 privacy masks programmable; optional multiple colors and mosaics<\/td>\n<\/tr>\n<tr>\n<td class=\"td1\">Auto Focus:<\/td>\n<td class=\"td2\"><\/td>\n<td>Auto \/ Semi-automatic \/ Manual<\/td>\n<\/tr>\n<\/tbody>\n<\/table>\n<\/div>\n<div class=\"parameter-table\">\n<table>\n<tbody>\n<tr>\n<th colspan=\"3\">Lens<\/th>\n<\/tr>\n<tr>\n<td class=\"td1\">Focal Length:<\/td>\n<td class=\"td2\"><\/td>\n<td>4.8 mm to 120 mm, 25\u00d7 optical zoom<\/td>\n<\/tr>\n<tr>\n<td class=\"td1\">Zoom Speed:<\/td>\n<td class=\"td2\"><\/td>\n<td>Approx. 3.6 s (optical lens, wide-tele)<\/td>\n<\/tr>\n<tr>\n<td class=\"td1\">Angle of View:<\/td>\n<td class=\"td2\"><\/td>\n<td>Horizontal field of view: 57.6\u00b0 to 2.5\u00b0 (Wide-Tele)<br \/>\nVertical field of view: 34.4\u00b0 to 1.4\u00b0 (Wide-Tele)<br \/>\nDiagonal field of view: 64.5\u00b0 to 2.9\u00b0 (Wide-Tele)<\/td>\n<\/tr>\n<tr>\n<td class=\"td1\">Minimum Working Distance:<\/td>\n<td class=\"td2\"><\/td>\n<td>10-1,500mm(Wide-Tele)<\/td>\n<\/tr>\n<tr>\n<td class=\"td1\">Aperture Range:<\/td>\n<td class=\"td2\"><\/td>\n<td>F1.6 to F3.5<\/td>\n<\/tr>\n<\/tbody>\n<\/table>\n<\/div>\n<div class=\"parameter-table\">\n<table>\n<tbody>\n<tr>\n<th colspan=\"3\">Pan &amp; Tilt<\/th>\n<\/tr>\n<tr>\n<td class=\"td1\">Pan Range:<\/td>\n<td class=\"td2\"><\/td>\n<td>360\u00b0endless<\/td>\n<\/tr>\n<tr>\n<td class=\"td1\">Pan Speed:<\/td>\n<td class=\"td2\"><\/td>\n<td>Configurable, from 0.1\u00b0\/s to 80\u00b0\/s,<br \/>\nPreset speed: 80\u00b0\/s<\/td>\n<\/tr>\n<tr>\n<td class=\"td1\">Tilt Range:<\/td>\n<td class=\"td2\"><\/td>\n<td>-15\u00b0-90\u00b0 (Auto Flip )<\/td>\n<\/tr>\n<tr>\n<td class=\"td1\">Tilt Speed:<\/td>\n<td class=\"td2\"><\/td>\n<td>Configurable, from 0.1\u00b0\/s to 80\u00b0\/s,<br \/>\nPreset speed: 80\u00b0\/s<\/td>\n<\/tr>\n<tr>\n<td class=\"td1\">Proportional Zoom:<\/td>\n<td class=\"td2\"><\/td>\n<td>Rotation speed can be adjusted automatically according to zoom multiples<\/td>\n<\/tr>\n<tr>\n<td class=\"td1\">Number of Preset:<\/td>\n<td class=\"td2\"><\/td>\n<td>300<\/td>\n<\/tr>\n<tr>\n<td class=\"td1\">Patrol:<\/td>\n<td class=\"td2\"><\/td>\n<td>8 patrols, up to 32 presets per patrol<\/td>\n<\/tr>\n<tr>\n<td class=\"td1\">Pattern:<\/td>\n<td class=\"td2\"><\/td>\n<td>4 pattern scans, record time over 10 minutes for each scan<\/td>\n<\/tr>\n<tr>\n<td class=\"td1\">Power-off Memory:<\/td>\n<td class=\"td2\"><\/td>\n<td>Support<\/td>\n<\/tr>\n<tr>\n<td class=\"td1\">Park Action:<\/td>\n<td class=\"td2\"><\/td>\n<td>Preset\/Pattern Scan\/Patrol Scan\/Auto Scan\/Tilt Scan\/Random Scan\/Frame Scan\/Panorama Scan<\/td>\n<\/tr>\n<tr>\n<td class=\"td1\">PTZ Position Display:<\/td>\n<td class=\"td2\"><\/td>\n<td>ON\/OFF<\/td>\n<\/tr>\n<\/tbody>\n<\/table>\n<\/div>\n<div class=\"parameter-table\">\n<table>\n<tbody>\n<tr>\n<th colspan=\"3\">Infrared<\/th>\n<\/tr>\n<tr>\n<td class=\"td1\">IR irradiation distance:<\/td>\n<td class=\"td2\"><\/td>\n<td>100m<\/td>\n<\/tr>\n<tr>\n<td class=\"td1\">IR irradiation angle:<\/td>\n<td class=\"td2\"><\/td>\n<td>Adjustable by zoom<\/td>\n<\/tr>\n<\/tbody>\n<\/table>\n<\/div>\n<div class=\"parameter-table\">\n<table>\n<tbody>\n<tr>\n<th colspan=\"3\">Input &amp; Output<\/th>\n<\/tr>\n<tr>\n<td class=\"td1\">Audio Input:<\/td>\n<td class=\"td2\"><\/td>\n<td>1-ch audio input<\/td>\n<\/tr>\n<tr>\n<td class=\"td1\">Audio Output:<\/td>\n<\/tr>\n<\/tbody>\n<\/table>\n<p>&nbsp;<\/p>\n<p class=\"separador\">\n<\/div>\n<h3><\/h3>\n<h3>Soporte<\/h3>\n<p class=\"separador\">3 A\u00d1OS DE GARANT\u00cdA en todos los productos Hikvision, ofrecida por el fabricante, contra defectos de fabricaci\u00f3n y\/o vicios del material que afecten al normal funcionamiento del mismo.<\/p>\n","protected":false},"excerpt":{"rendered":"<p>Descripci\u00f3n DOMO IP ACUSENSE PTZ HIKVISION 2MP, VARIFOCAL 4,8MM CMOS, H.265 + \/ H.265 \/ H.264 + \/ H.264 CODEC, 3D DNR, TRUE WDR,\u00a0 POWERDE DE LUZ ULTRABAJA POR DARKFIGHTER COLOR: 0.005LUX \/ F1.6, B \/ N: 0.001LUX \/ F1.6,\u00a0 ZOOM \u00d3PTICO: 25X, ZOOM DIGITAL: 16X, 100M IR 2560 * 1440: 30 FPS &nbsp; Caracter\u00edsticas [&hellip;]<\/p>\n","protected":false},"featured_media":5483,"comment_status":"closed","ping_status":"closed","template":"","meta":{"_acf_changed":false},"product_cat":[299,370,308,134,94],"product_tag":[],"acf":[],"aioseo_notices":[],"jetpack_sharing_enabled":true,"_links":{"self":[{"href":"https:\/\/www.estudiotecno.com.ar\/tienda\/wp-json\/wp\/v2\/product\/2847"}],"collection":[{"href":"https:\/\/www.estudiotecno.com.ar\/tienda\/wp-json\/wp\/v2\/product"}],"about":[{"href":"https:\/\/www.estudiotecno.com.ar\/tienda\/wp-json\/wp\/v2\/types\/product"}],"replies":[{"embeddable":true,"href":"https:\/\/www.estudiotecno.com.ar\/tienda\/wp-json\/wp\/v2\/comments?post=2847"}],"wp:featuredmedia":[{"embeddable":true,"href":"https:\/\/www.estudiotecno.com.ar\/tienda\/wp-json\/wp\/v2\/media\/5483"}],"wp:attachment":[{"href":"https:\/\/www.estudiotecno.com.ar\/tienda\/wp-json\/wp\/v2\/media?parent=2847"}],"wp:term":[{"taxonomy":"product_cat","embeddable":true,"href":"https:\/\/www.estudiotecno.com.ar\/tienda\/wp-json\/wp\/v2\/product_cat?post=2847"},{"taxonomy":"product_tag","embeddable":true,"href":"https:\/\/www.estudiotecno.com.ar\/tienda\/wp-json\/wp\/v2\/product_tag?post=2847"}],"curies":[{"name":"wp","href":"https:\/\/api.w.org\/{rel}","templated":true}]}}