{"id":2839,"date":"2021-07-04T17:41:32","date_gmt":"2021-07-04T20:41:32","guid":{"rendered":"https:\/\/www.estudiotecno.com.ar\/tienda\/?post_type=product&#038;p=2839"},"modified":"2022-03-14T16:50:45","modified_gmt":"2022-03-14T19:50:45","slug":"cable-adaptador-conversor-vga-a-hdmi-full-hd-audio-usb","status":"publish","type":"product","link":"https:\/\/www.estudiotecno.com.ar\/tienda\/producto\/cable-adaptador-conversor-vga-a-hdmi-full-hd-audio-usb\/","title":{"rendered":"Cable Adaptador Conversor Vga A Hdmi Full Hd + Audio + Usb"},"content":{"rendered":"<p>ADAPTADOR VGA MACHO A HDMI HEMBRA + CABLE para AUDIO<br \/>\nCalidad premium con carcasa de aluminio color negra.<\/p>\n<p>Es un conversor de ALTA DEFINICI\u00d3N que convierte se\u00f1al VGA y audio a una se\u00f1al digital HDMI.<br \/>\nSirve para conectar cualquier dispositivo con salida VGA (notebook, PC, etc.) a monitor, tv, etc, con entrada HDMI.<br \/>\nSe\u00f1al de entrada: se\u00f1al VGA + audio<br \/>\nSe\u00f1al de salida: se\u00f1al HDMI est\u00e1ndar<br \/>\nAdmite formatos VGA: VGA, XGA, SVGA, SXGA y UGA<br \/>\nAdmite formato de audio: est\u00e9reo anal\u00f3gico 2.1CH<br \/>\nSe\u00f1al HDMI: admite 1080P a 60Hz<br \/>\nAdmite la versi\u00f3n HDCP 1.2<\/p>\n<p>F\u00e1cil instalaci\u00f3n, no necesita soporte de software, Plug-and-play<br \/>\nPeque\u00f1o y f\u00e1cil de transportar<\/p>\n<p>SOLO VA DE VGA A HDMI, es unidireccional. (no sirve para convertir hdmi a vga)<\/p>\n","protected":false},"excerpt":{"rendered":"<p>ADAPTADOR VGA MACHO A HDMI HEMBRA + CABLE para AUDIO Calidad premium con carcasa de aluminio color negra. Es un conversor de ALTA DEFINICI\u00d3N que convierte se\u00f1al VGA y audio a una se\u00f1al digital HDMI. Sirve para conectar cualquier dispositivo con salida VGA (notebook, PC, etc.) a monitor, tv, etc, con entrada HDMI. Se\u00f1al de [&hellip;]<\/p>\n","protected":false},"featured_media":3943,"comment_status":"closed","ping_status":"closed","template":"","meta":{"_acf_changed":false},"product_cat":[102,90],"product_tag":[],"acf":[],"aioseo_notices":[],"jetpack_sharing_enabled":true,"_links":{"self":[{"href":"https:\/\/www.estudiotecno.com.ar\/tienda\/wp-json\/wp\/v2\/product\/2839"}],"collection":[{"href":"https:\/\/www.estudiotecno.com.ar\/tienda\/wp-json\/wp\/v2\/product"}],"about":[{"href":"https:\/\/www.estudiotecno.com.ar\/tienda\/wp-json\/wp\/v2\/types\/product"}],"replies":[{"embeddable":true,"href":"https:\/\/www.estudiotecno.com.ar\/tienda\/wp-json\/wp\/v2\/comments?post=2839"}],"wp:featuredmedia":[{"embeddable":true,"href":"https:\/\/www.estudiotecno.com.ar\/tienda\/wp-json\/wp\/v2\/media\/3943"}],"wp:attachment":[{"href":"https:\/\/www.estudiotecno.com.ar\/tienda\/wp-json\/wp\/v2\/media?parent=2839"}],"wp:term":[{"taxonomy":"product_cat","embeddable":true,"href":"https:\/\/www.estudiotecno.com.ar\/tienda\/wp-json\/wp\/v2\/product_cat?post=2839"},{"taxonomy":"product_tag","embeddable":true,"href":"https:\/\/www.estudiotecno.com.ar\/tienda\/wp-json\/wp\/v2\/product_tag?post=2839"}],"curies":[{"name":"wp","href":"https:\/\/api.w.org\/{rel}","templated":true}]}}