{"id":2834,"date":"2021-07-04T17:29:12","date_gmt":"2021-07-04T20:29:12","guid":{"rendered":"https:\/\/www.estudiotecno.com.ar\/tienda\/?post_type=product&#038;p=2834"},"modified":"2022-03-14T16:46:04","modified_gmt":"2022-03-14T19:46:04","slug":"adaptador-powerline-toto-link-pl200-rj45-wifi-x-electricidad","status":"publish","type":"product","link":"https:\/\/www.estudiotecno.com.ar\/tienda\/producto\/adaptador-powerline-toto-link-pl200-rj45-wifi-x-electricidad\/","title":{"rendered":"Adaptador Powerline Toto Link Pl200 Rj45 Wifi X Electricidad"},"content":{"rendered":"<p>PL200 es un adaptador de l\u00ednea de alimentaci\u00f3n que permite a los usuarios convertir el cableado de su casa en una red conect\u00e1ndola a una toma de corriente disponible. Proporciona velocidad de datos de alta velocidad de hasta 200Mbps y alcance de cobertura de hasta 300 metros que no obtendr\u00e1 ninguna influencia de los obst\u00e1culos. Por lo tanto, es aplicable a una gran \u00e1rea de la vivienda y el \u00e1rea de la Oficina de Peque\u00f1as Empresas, proporcionando soluciones de red escalables y sencillas, sin radiaci\u00f3n.<\/p>\n<p>Sin cables, F\u00e1cil de instalar<br \/>\nCon varios PL200 trabajando juntos, no se necesitan cables para extender su red a trav\u00e9s de su casa, un despliegue m\u00e1s c\u00f3modo y flexible.<\/p>\n<p>HomePlug AV Ethernet Bridge<br \/>\nEl acceso a Internet de alta velocidad se puede lograr f\u00e1cilmente para su casa por HomePlug AV Ethernet Bridge. Si pulsa el bot\u00f3n SEC \/ Rst correctamente, podr\u00e1 compartir las mismas l\u00edneas el\u00e9ctricas con otros puentes Ethernet HomePlug AV.<\/p>\n<p>&#8211; Cumple con los est\u00e1ndares Home Plug AV, IEEE 802.3u e IEEE 802.3u.<br \/>\n&#8211; Velocidad de datos de alta velocidad de hasta 200Mbps.<br \/>\n&#8211; Dise\u00f1o peque\u00f1o estupendo con el enchufe de energ\u00eda desmontable.<br \/>\n&#8211; No necesita cables, utilizando cables el\u00e9ctricos.<br \/>\n&#8211; Hasta 300 metros de alcance, excelente soluci\u00f3n para el cruce de paredes y pisos.<br \/>\n&#8211; Plug and Play, sin necesidad de configuraci\u00f3n.<br \/>\n&#8211; Producto ecol\u00f3gico, el consumo de energ\u00eda reduce hasta un 65%.<br \/>\n&#8211; La QoS incorporada asegura la calidad de las aplicaciones sensibles al ancho de banda, tales como voz, video y juegos en l\u00ednea.<\/p>\n<p>HARDWARE FEATURES<br \/>\nInterface 1*10\/100Mbps Ethernet Port<br \/>\nPower Supply AC 100V~240V<br \/>\nDimensions 93mm x 56mm x 30mm(L x W x H)<br \/>\nLED Indicators 1*Power, 1*LAN<br \/>\nStandards HomePlug AV, IEEE 802.3, IEEE 802.3u<br \/>\nData Rate 200Mbps over Powerline<br \/>\nModulation Type OFDM\/CCK\/16-QAM\/64-QAM<br \/>\nPower Consumption &lt;4w<br \/>\nEnvironment Operating Temperature: 0\u00bf~40\u00bf (32\u00bf~104\u00bf)<br \/>\nStorage Temperature: -40~70\u00bf (-40\u00bf~158\u00bf)<br \/>\nOperating Humidity: 10%~90% non-condensing<br \/>\nStorage Humidity: 5%~95% non-condensing<\/p>\n","protected":false},"excerpt":{"rendered":"<p>PL200 es un adaptador de l\u00ednea de alimentaci\u00f3n que permite a los usuarios convertir el cableado de su casa en una red conect\u00e1ndola a una toma de corriente disponible. Proporciona velocidad de datos de alta velocidad de hasta 200Mbps y alcance de cobertura de hasta 300 metros que no obtendr\u00e1 ninguna influencia de los obst\u00e1culos. [&hellip;]<\/p>\n","protected":false},"featured_media":3940,"comment_status":"closed","ping_status":"closed","template":"","meta":{"_acf_changed":false},"product_cat":[282,184],"product_tag":[],"acf":[],"aioseo_notices":[],"jetpack_sharing_enabled":true,"_links":{"self":[{"href":"https:\/\/www.estudiotecno.com.ar\/tienda\/wp-json\/wp\/v2\/product\/2834"}],"collection":[{"href":"https:\/\/www.estudiotecno.com.ar\/tienda\/wp-json\/wp\/v2\/product"}],"about":[{"href":"https:\/\/www.estudiotecno.com.ar\/tienda\/wp-json\/wp\/v2\/types\/product"}],"replies":[{"embeddable":true,"href":"https:\/\/www.estudiotecno.com.ar\/tienda\/wp-json\/wp\/v2\/comments?post=2834"}],"wp:featuredmedia":[{"embeddable":true,"href":"https:\/\/www.estudiotecno.com.ar\/tienda\/wp-json\/wp\/v2\/media\/3940"}],"wp:attachment":[{"href":"https:\/\/www.estudiotecno.com.ar\/tienda\/wp-json\/wp\/v2\/media?parent=2834"}],"wp:term":[{"taxonomy":"product_cat","embeddable":true,"href":"https:\/\/www.estudiotecno.com.ar\/tienda\/wp-json\/wp\/v2\/product_cat?post=2834"},{"taxonomy":"product_tag","embeddable":true,"href":"https:\/\/www.estudiotecno.com.ar\/tienda\/wp-json\/wp\/v2\/product_tag?post=2834"}],"curies":[{"name":"wp","href":"https:\/\/api.w.org\/{rel}","templated":true}]}}