{"id":2826,"date":"2021-07-04T17:16:18","date_gmt":"2021-07-04T20:16:18","guid":{"rendered":"https:\/\/www.estudiotecno.com.ar\/tienda\/?post_type=product&#038;p=2826"},"modified":"2022-03-14T16:40:37","modified_gmt":"2022-03-14T19:40:37","slug":"carry-disk-2-5-case-disco-rigido-externo-usb-noga-ub-sata-ep","status":"publish","type":"product","link":"https:\/\/www.estudiotecno.com.ar\/tienda\/producto\/carry-disk-2-5-case-disco-rigido-externo-usb-noga-ub-sata-ep\/","title":{"rendered":"Carry Disk 2.5 Case Disco Rigido Externo Usb Noga Ub Sata Ep"},"content":{"rendered":"<p>CARRY DISK EXTERNO<\/p>\n<p>Convert\u00ed tu disco de Notebook en portable.<br \/>\nUtiliz\u00e1 el disco de tu notebook como disco externo port\u00e1til.<\/p>\n<p>&#8211; Marca: noga<br \/>\n&#8211; Modelo : UB 2.5 SATA<br \/>\n&#8211; Carry Disk para discos r\u00edgidos de 2.5\u201d<br \/>\n&#8211; Conexi\u00f3n por USB<br \/>\n&#8211; No se precisa softwares ni drivers<br \/>\n&#8211; Circulaci\u00f3n de aire para la ventilaci\u00f3n del disco<br \/>\n&#8211; Muy buen dise\u00f1o para la protecci\u00f3n del disco<br \/>\n&#8211; Soporta discos de hasta 1 TB (1000 GB)<br \/>\n&#8211; No requiere alimentaci\u00f3n de corriente externa<br \/>\n&#8211; Interface: USB 2.0 compatible con 1.1<br \/>\n&#8211; Transferencia: 480 Mbps (USB 2.0) 12 Mbps (USB 1.1)<br \/>\n&#8211; Autoarranque: Modo USB HDD<br \/>\n&#8211; Compatible con Windows 2000\/ME\/XP\/Vista\/7\/Mac OSX<\/p>\n","protected":false},"excerpt":{"rendered":"<p>CARRY DISK EXTERNO Convert\u00ed tu disco de Notebook en portable. Utiliz\u00e1 el disco de tu notebook como disco externo port\u00e1til. &#8211; Marca: noga &#8211; Modelo : UB 2.5 SATA &#8211; Carry Disk para discos r\u00edgidos de 2.5\u201d &#8211; Conexi\u00f3n por USB &#8211; No se precisa softwares ni drivers &#8211; Circulaci\u00f3n de aire para la ventilaci\u00f3n [&hellip;]<\/p>\n","protected":false},"featured_media":3936,"comment_status":"closed","ping_status":"closed","template":"","meta":{"_acf_changed":false},"product_cat":[281,104,220,280],"product_tag":[],"acf":[],"aioseo_notices":[],"jetpack_sharing_enabled":true,"_links":{"self":[{"href":"https:\/\/www.estudiotecno.com.ar\/tienda\/wp-json\/wp\/v2\/product\/2826"}],"collection":[{"href":"https:\/\/www.estudiotecno.com.ar\/tienda\/wp-json\/wp\/v2\/product"}],"about":[{"href":"https:\/\/www.estudiotecno.com.ar\/tienda\/wp-json\/wp\/v2\/types\/product"}],"replies":[{"embeddable":true,"href":"https:\/\/www.estudiotecno.com.ar\/tienda\/wp-json\/wp\/v2\/comments?post=2826"}],"wp:featuredmedia":[{"embeddable":true,"href":"https:\/\/www.estudiotecno.com.ar\/tienda\/wp-json\/wp\/v2\/media\/3936"}],"wp:attachment":[{"href":"https:\/\/www.estudiotecno.com.ar\/tienda\/wp-json\/wp\/v2\/media?parent=2826"}],"wp:term":[{"taxonomy":"product_cat","embeddable":true,"href":"https:\/\/www.estudiotecno.com.ar\/tienda\/wp-json\/wp\/v2\/product_cat?post=2826"},{"taxonomy":"product_tag","embeddable":true,"href":"https:\/\/www.estudiotecno.com.ar\/tienda\/wp-json\/wp\/v2\/product_tag?post=2826"}],"curies":[{"name":"wp","href":"https:\/\/api.w.org\/{rel}","templated":true}]}}