{"id":2822,"date":"2021-07-04T17:08:11","date_gmt":"2021-07-04T20:08:11","guid":{"rendered":"https:\/\/www.estudiotecno.com.ar\/tienda\/?post_type=product&#038;p=2822"},"modified":"2025-09-03T13:03:01","modified_gmt":"2025-09-03T16:03:01","slug":"router-alta-potencia-tp-link-wifi-300-n-wr841hp","status":"publish","type":"product","link":"https:\/\/www.estudiotecno.com.ar\/tienda\/producto\/router-alta-potencia-tp-link-wifi-300-n-wr841hp\/","title":{"rendered":"ROUTER ALTA POTENCIA TP-LINK WIFI 300 N WR841HP"},"content":{"rendered":"<p>Router Inal\u00e1mbrico Alta Potencia N 300Mbps<\/p>\n<p>-El amplificador de alta potencia y las antenas de 9dBi proporcionan 4 veces el rango inal\u00e1mbrico de un router normal<br \/>\n-La se\u00f1al Wi-Fi mejorada penetra paredes y obst\u00e1culos eliminando zonas sin recepci\u00f3n<br \/>\n-2 veces la velocidad inal\u00e1mbrica de un router normal a trav\u00e9s de largas distancias permite la transferencia de datos sin problemas y el streaming de multimedia en toda su red<br \/>\n-La velocidad inal\u00e1mbrica de 300Mbps es ideal para el streaming de video, juegos en l\u00ednea y VoIP<\/p>\n<p>Lo Que Hace Este Producto<\/p>\n<p>El Router Inal\u00e1mbrico de Alta Potencia N 300Mbps TL-WR841HP es una soluci\u00f3n inal\u00e1mbrica poderosa muy adecuada para el hogar o la oficina. Con velocidades inal\u00e1mbricas de hasta 300 Mbps, el TL-WR841HP es ideal para la transmisi\u00f3n de cideo de alta definici\u00f3n, llamadas VoIP y juegos en l\u00ednea. Lo que es m\u00e1s, ofrecido el amplificador de alta potencia, 2 antenas de 9dBi y alta potencia de transmisi\u00f3n, el dispositivo aumenta en gran medida el rendimiento Wi-Fi.<\/p>\n<p>Excelente Velocidad Inal\u00e1mbrica sobre Larga Distancia<\/p>\n<p>Excelente velocidad inal\u00e1mbrica a larga distancia trae una experiencia m\u00e1s agradable para tu acceso a la red en todo el hogar. Ya no tendr\u00e1s que soportar los malos resultados inal\u00e1mbricos a larga distancia.<\/p>\n<p>Velocidad Inal\u00e1mbrica de Hasta 300Mbps<\/p>\n<p>Con Tecnolog\u00eda Inal\u00e1mbrica N, el TL-WR841HP proporciona una mucho mayor velocidad y mejor cobertura que los productos 11G tradicionales. La velocidad de hasta 300 Mbps es ideal para la transmis\u00f3n de video, juegos en l\u00ednea y llamadas por Internet.<\/p>\n<p>Rango Inal\u00e1mbrico Superior<\/p>\n<p>Amplificador de alta potencia y dos antenas externas desmontables de 9dBi de alta ganancia proporcionan un alcance inal\u00e1mbrico superior. Con el TL-WR841HP, se puede disfrutar de tu red inal\u00e1mbrica no s\u00f3lo en las zonas de interior restringidas, sino tambi\u00e9n en tu patio trasero o incluso en la piscina.<\/p>\n<p>Rompe Muros Wi-Fi<\/p>\n<p>Mejorada la se\u00f1al Wi-Fi, ofrece una fuerte e incre\u00edble penetrabilidad, cortando a trav\u00e9s de paredes y obst\u00e1culos, eliminando zonas muertas, con lo cual, no tienes que estar f\u00edsicamente atado a paredes o pisos para acceder a Internet.<\/p>\n","protected":false},"excerpt":{"rendered":"<p>Router Inal\u00e1mbrico Alta Potencia N 300Mbps -El amplificador de alta potencia y las antenas de 9dBi proporcionan 4 veces el rango inal\u00e1mbrico de un router normal -La se\u00f1al Wi-Fi mejorada penetra paredes y obst\u00e1culos eliminando zonas sin recepci\u00f3n -2 veces la velocidad inal\u00e1mbrica de un router normal a trav\u00e9s de largas distancias permite la transferencia [&hellip;]<\/p>\n","protected":false},"featured_media":5230,"comment_status":"closed","ping_status":"closed","template":"","meta":{"_acf_changed":false},"product_cat":[377,282,167],"product_tag":[],"acf":[],"aioseo_notices":[],"jetpack_sharing_enabled":true,"_links":{"self":[{"href":"https:\/\/www.estudiotecno.com.ar\/tienda\/wp-json\/wp\/v2\/product\/2822"}],"collection":[{"href":"https:\/\/www.estudiotecno.com.ar\/tienda\/wp-json\/wp\/v2\/product"}],"about":[{"href":"https:\/\/www.estudiotecno.com.ar\/tienda\/wp-json\/wp\/v2\/types\/product"}],"replies":[{"embeddable":true,"href":"https:\/\/www.estudiotecno.com.ar\/tienda\/wp-json\/wp\/v2\/comments?post=2822"}],"wp:featuredmedia":[{"embeddable":true,"href":"https:\/\/www.estudiotecno.com.ar\/tienda\/wp-json\/wp\/v2\/media\/5230"}],"wp:attachment":[{"href":"https:\/\/www.estudiotecno.com.ar\/tienda\/wp-json\/wp\/v2\/media?parent=2822"}],"wp:term":[{"taxonomy":"product_cat","embeddable":true,"href":"https:\/\/www.estudiotecno.com.ar\/tienda\/wp-json\/wp\/v2\/product_cat?post=2822"},{"taxonomy":"product_tag","embeddable":true,"href":"https:\/\/www.estudiotecno.com.ar\/tienda\/wp-json\/wp\/v2\/product_tag?post=2822"}],"curies":[{"name":"wp","href":"https:\/\/api.w.org\/{rel}","templated":true}]}}