{"id":2820,"date":"2021-07-04T17:07:54","date_gmt":"2021-07-04T20:07:54","guid":{"rendered":"https:\/\/www.estudiotecno.com.ar\/tienda\/?post_type=product&#038;p=2820"},"modified":"2025-09-03T13:03:00","modified_gmt":"2025-09-03T16:03:00","slug":"router-wifi-450-n-tp-link-tl-wr940n","status":"publish","type":"product","link":"https:\/\/www.estudiotecno.com.ar\/tienda\/producto\/router-wifi-450-n-tp-link-tl-wr940n\/","title":{"rendered":"ROUTER WIFI 450 N TP-LINK TL-WR940N"},"content":{"rendered":"<p>Router inal\u00e1mbrico N 450Mbps<\/p>\n<p>-Velocidad inal\u00e1mbrica ideal de 450 Mbps para las aplicaciones sensibles como la interrupci\u00f3n de difusi\u00f3n de video HD<br \/>\n-Tres antenas inal\u00e1mbricas incrementan la red robusta y estabilidad<br \/>\n-Encriptado f\u00e1cil de la seguridad inal\u00e1mbrica s\u00f3lo presionando el bot\u00f3n QSS<br \/>\n-Control de ancho de banda basado en IP permite a los administradores determinar la cantidad de ancho de banda asignado a cada PC<br \/>\n?*la velocidad inal\u00e1mbrica 450Mbps es solamente paa el TL-WR940N V3 mientras que las versiones anteriores son 300Mbps.<\/p>\n<p>Lo que hace este producto<\/p>\n<p>El Router Inal\u00e1mbrico N 450Mbps TL-WR940N es un dispositivo combinado con cable\/inal\u00e1mbrico de conexi\u00f3n de red dise\u00f1ado espec\u00edficamente para las necesidades de peque\u00f1as empresas y de redes de oficina en casa. Con tecnolog\u00eda MIMO, TL-WR940N crea un rendimiento inal\u00e1mbrico excepcional y avanzado, lo que es ideal para el streaming de video de alta definici\u00f3n, VoIP y juegos en l\u00ednea. Adem\u00e1s, el bot\u00f3n WPS en el exterior elegante y de moda asegura WPA2, la previene de la red de intrusiones externas.<\/p>\n<p>Rango y Velocidad Inal\u00e1mbricos N<\/p>\n<p>Cumpliendo con el est\u00e1ndar IEEE 802.11n, el TL-WR940N puede establecer una red inal\u00e1mbrica y obtener hasta 15 veces la velocidad y 5 veces el alcance de los productos convencionales 11g. Tambi\u00e9n, con velocidades de transmisi\u00f3n de hasta 450 Mbps, que muestra m\u00e1s excelentes capacidades de mitigaci\u00f3n de la p\u00e9rdida de datos a largas distancias ya trav\u00e9s de obst\u00e1culos en una oficina peque\u00f1a o un apartamento grande, incluso en un edificio de acero. Por encima de todo, se puede tomar f\u00e1cilmente la red inal\u00e1mbrica durante la conexi\u00f3n a larga distancia donde los productos 11g no!<\/p>\n<p>El Mejor Rendimiento Inal\u00e1mbrico<\/p>\n<p>El router tiene la velocidad para trabajar sin problemas con casi cualquier aplicaci\u00f3n intensiva de Banda Ancha, incluyendo VoIP, streaming de alta definici\u00f3n, o juegos en l\u00ednea, sin retraso. Usando sus potentes tecnolog\u00edas de N, el router tambi\u00e9n es capaz de mitigar la p\u00e9rdida de datos a largas distancias ya trav\u00e9s de los obst\u00e1culos que dan vuelta a su hogar e incluso su patio en un gran calor.<\/p>\n","protected":false},"excerpt":{"rendered":"<p>Router inal\u00e1mbrico N 450Mbps -Velocidad inal\u00e1mbrica ideal de 450 Mbps para las aplicaciones sensibles como la interrupci\u00f3n de difusi\u00f3n de video HD -Tres antenas inal\u00e1mbricas incrementan la red robusta y estabilidad -Encriptado f\u00e1cil de la seguridad inal\u00e1mbrica s\u00f3lo presionando el bot\u00f3n QSS -Control de ancho de banda basado en IP permite a los administradores determinar [&hellip;]<\/p>\n","protected":false},"featured_media":5233,"comment_status":"closed","ping_status":"closed","template":"","meta":{"_acf_changed":false},"product_cat":[377,282,167],"product_tag":[],"acf":[],"aioseo_notices":[],"jetpack_sharing_enabled":true,"_links":{"self":[{"href":"https:\/\/www.estudiotecno.com.ar\/tienda\/wp-json\/wp\/v2\/product\/2820"}],"collection":[{"href":"https:\/\/www.estudiotecno.com.ar\/tienda\/wp-json\/wp\/v2\/product"}],"about":[{"href":"https:\/\/www.estudiotecno.com.ar\/tienda\/wp-json\/wp\/v2\/types\/product"}],"replies":[{"embeddable":true,"href":"https:\/\/www.estudiotecno.com.ar\/tienda\/wp-json\/wp\/v2\/comments?post=2820"}],"wp:featuredmedia":[{"embeddable":true,"href":"https:\/\/www.estudiotecno.com.ar\/tienda\/wp-json\/wp\/v2\/media\/5233"}],"wp:attachment":[{"href":"https:\/\/www.estudiotecno.com.ar\/tienda\/wp-json\/wp\/v2\/media?parent=2820"}],"wp:term":[{"taxonomy":"product_cat","embeddable":true,"href":"https:\/\/www.estudiotecno.com.ar\/tienda\/wp-json\/wp\/v2\/product_cat?post=2820"},{"taxonomy":"product_tag","embeddable":true,"href":"https:\/\/www.estudiotecno.com.ar\/tienda\/wp-json\/wp\/v2\/product_tag?post=2820"}],"curies":[{"name":"wp","href":"https:\/\/api.w.org\/{rel}","templated":true}]}}