{"id":2816,"date":"2021-07-04T17:00:20","date_gmt":"2021-07-04T20:00:20","guid":{"rendered":"https:\/\/www.estudiotecno.com.ar\/tienda\/?post_type=product&#038;p=2816"},"modified":"2022-04-25T09:56:53","modified_gmt":"2022-04-25T12:56:53","slug":"tp-link-adaptador-de-red-usb-2-0-a-ethernet-ue200","status":"publish","type":"product","link":"https:\/\/www.estudiotecno.com.ar\/tienda\/producto\/tp-link-adaptador-de-red-usb-2-0-a-ethernet-ue200\/","title":{"rendered":"TP-LINK ADAPTADOR DE RED USB 2.0 A ETHERNET UE200"},"content":{"rendered":"<p>Adaptador USB 2.0 a RJ45 TP-Link UE200<\/p>\n<p>El UE200 a\u00f1ade conectividad de red Ethernet a esos dispositivos sin puerto LAN Ethernet, como Ultrabooks o Macbooks Air, a trav\u00e9s de un puerto USB 2.0 de uso com\u00fan, que tambi\u00e9n es compatible con el est\u00e1ndar USB 1.1.<\/p>\n<p>Dise\u00f1o compacto con cable retr\u00e1ctil que hace que sea ideal para utilizarlo mientras est\u00e1 de viaje.<br \/>\nEquipado con puerto USB 2.0 y puerto Ethernet de 100Mbps, el UE200 permite a su dispositivo una conexi\u00f3n de datos r\u00e1pida y estable a la red Ethernet.<br \/>\nEl UE200 es compatible con la funci\u00f3n Plug &amp; Play para dispositivos con Windows (Windows XP \/ Vista \/ 7\/8 \/ 8.1 \/ 10), Mac OS X (10.6 \/ 10.7 \/ 10.8 \/ 10.9 \/ 10.10) y Linux OS, siendo tambi\u00e9n capaz de funcionar correctamente con Mac OS X 10.11, mientras que el controlador es necesario.<\/p>\n<p>Adaptador de Red USB 2.0 a Ethernet a 100Mbps<br \/>\nExtiende la Conectividad<br \/>\nDise\u00f1o Plegable y Port\u00e1til<br \/>\nConexi\u00f3n de Datos R\u00e1pida y Estable<br \/>\nPlug &amp; Play con Compatibilidad Incrementada<\/p>\n","protected":false},"excerpt":{"rendered":"<p>Adaptador USB 2.0 a RJ45 TP-Link UE200 El UE200 a\u00f1ade conectividad de red Ethernet a esos dispositivos sin puerto LAN Ethernet, como Ultrabooks o Macbooks Air, a trav\u00e9s de un puerto USB 2.0 de uso com\u00fan, que tambi\u00e9n es compatible con el est\u00e1ndar USB 1.1. Dise\u00f1o compacto con cable retr\u00e1ctil que hace que sea ideal [&hellip;]<\/p>\n","protected":false},"featured_media":3948,"comment_status":"closed","ping_status":"closed","template":"","meta":{"_acf_changed":false},"product_cat":[282,279,167],"product_tag":[],"acf":[],"aioseo_notices":[],"jetpack_sharing_enabled":true,"_links":{"self":[{"href":"https:\/\/www.estudiotecno.com.ar\/tienda\/wp-json\/wp\/v2\/product\/2816"}],"collection":[{"href":"https:\/\/www.estudiotecno.com.ar\/tienda\/wp-json\/wp\/v2\/product"}],"about":[{"href":"https:\/\/www.estudiotecno.com.ar\/tienda\/wp-json\/wp\/v2\/types\/product"}],"replies":[{"embeddable":true,"href":"https:\/\/www.estudiotecno.com.ar\/tienda\/wp-json\/wp\/v2\/comments?post=2816"}],"wp:featuredmedia":[{"embeddable":true,"href":"https:\/\/www.estudiotecno.com.ar\/tienda\/wp-json\/wp\/v2\/media\/3948"}],"wp:attachment":[{"href":"https:\/\/www.estudiotecno.com.ar\/tienda\/wp-json\/wp\/v2\/media?parent=2816"}],"wp:term":[{"taxonomy":"product_cat","embeddable":true,"href":"https:\/\/www.estudiotecno.com.ar\/tienda\/wp-json\/wp\/v2\/product_cat?post=2816"},{"taxonomy":"product_tag","embeddable":true,"href":"https:\/\/www.estudiotecno.com.ar\/tienda\/wp-json\/wp\/v2\/product_tag?post=2816"}],"curies":[{"name":"wp","href":"https:\/\/api.w.org\/{rel}","templated":true}]}}