{"id":2807,"date":"2021-07-03T17:26:18","date_gmt":"2021-07-03T20:26:18","guid":{"rendered":"https:\/\/www.estudiotecno.com.ar\/tienda\/?post_type=product&#038;p=2807"},"modified":"2022-07-27T12:27:28","modified_gmt":"2022-07-27T15:27:28","slug":"ds-2ce56f1t-itm-3mpx-camara-2048x1536-18fps-domo-exterior-metalico","status":"publish","type":"product","link":"https:\/\/www.estudiotecno.com.ar\/tienda\/producto\/ds-2ce56f1t-itm-3mpx-camara-2048x1536-18fps-domo-exterior-metalico\/","title":{"rendered":"DS-2CE76F1T-ITM | 3MPX | C\u00e1mara 2048X1536 18FPS Domo exterior metalico"},"content":{"rendered":"<p><strong><u>CARACTER\u00cdSTICAS<\/u><\/strong>:<br \/>\nCamara HD TVI y anal\u00f3gica. Tipo domo. Sensor 3 Mp CMOS. Resoluci\u00f3n 1920*1536 a 18 fps en HD-TVI y WD1(960\u00d7576) en anal\u00f3gico. Iluminaci\u00f3n m\u00ednima 0.01 Lux. Smr IR EXIR con20 metros de alcance efectivo. Apta exterior, IP66. Lente fija de 2.8 mm (angulo de visi\u00f3n de 92\u00b0). OSD control por coaxil. Dia noche con IRC. Alimentaci\u00f3n 12VDC\/0,5A<\/p>\n","protected":false},"excerpt":{"rendered":"<p>C\u00e1mara Hikvision 1080p 2MPx DS-2CE56D0T-IF mini domo Metal+Plastico<\/p>\n","protected":false},"featured_media":3947,"comment_status":"closed","ping_status":"closed","template":"","meta":{"_acf_changed":false},"product_cat":[304,134,94],"product_tag":[],"acf":[],"aioseo_notices":[],"jetpack_sharing_enabled":true,"_links":{"self":[{"href":"https:\/\/www.estudiotecno.com.ar\/tienda\/wp-json\/wp\/v2\/product\/2807"}],"collection":[{"href":"https:\/\/www.estudiotecno.com.ar\/tienda\/wp-json\/wp\/v2\/product"}],"about":[{"href":"https:\/\/www.estudiotecno.com.ar\/tienda\/wp-json\/wp\/v2\/types\/product"}],"replies":[{"embeddable":true,"href":"https:\/\/www.estudiotecno.com.ar\/tienda\/wp-json\/wp\/v2\/comments?post=2807"}],"wp:featuredmedia":[{"embeddable":true,"href":"https:\/\/www.estudiotecno.com.ar\/tienda\/wp-json\/wp\/v2\/media\/3947"}],"wp:attachment":[{"href":"https:\/\/www.estudiotecno.com.ar\/tienda\/wp-json\/wp\/v2\/media?parent=2807"}],"wp:term":[{"taxonomy":"product_cat","embeddable":true,"href":"https:\/\/www.estudiotecno.com.ar\/tienda\/wp-json\/wp\/v2\/product_cat?post=2807"},{"taxonomy":"product_tag","embeddable":true,"href":"https:\/\/www.estudiotecno.com.ar\/tienda\/wp-json\/wp\/v2\/product_tag?post=2807"}],"curies":[{"name":"wp","href":"https:\/\/api.w.org\/{rel}","templated":true}]}}