{"id":2805,"date":"2021-07-03T17:15:00","date_gmt":"2021-07-03T20:15:00","guid":{"rendered":"https:\/\/www.estudiotecno.com.ar\/tienda\/?post_type=product&#038;p=2805"},"modified":"2022-07-27T12:27:44","modified_gmt":"2022-07-27T15:27:44","slug":"ds-2ce71d0t-pirlo-1080p-2mpx-camara-full-hd-domo-exterior-con-pir-detection-y-flash-salida-alarma-plastica","status":"publish","type":"product","link":"https:\/\/www.estudiotecno.com.ar\/tienda\/producto\/ds-2ce71d0t-pirlo-1080p-2mpx-camara-full-hd-domo-exterior-con-pir-detection-y-flash-salida-alarma-plastica\/","title":{"rendered":"DS-2CE71D0T-PIRLO | 1080P 2MPX | C\u00e1mara Full HD Domo exterior con PIR Detection y flash, salida alarma plastica"},"content":{"rendered":"<h3>Descripci\u00f3n<\/h3>\n<p class=\"separador\">CAMARA C\/PIR HIKVISION FULL HD DOMO CON SALIDA DE ALARMA, ILUMINADOR INTELIGENTE EXIR HASTA 20M IR, SENSOR DE MAGEN 2MPX\u00a0 FSI CMOS, CUERPO PLASTICOPARA EXTERIOR, FILTRO MECANICO DE INFRARROJOS ICR, ILUMINACION MINIMA 0.01 LUX\/F1.2, ALIMENTACION 12 VDC, DETECCION POR PIR\uff0cALERTA FLASH, VERDADERO WDR, REDUCCION DE RUIDO 3D DNR, OSD MENU POR CABLE, APTO PARA INTERPERIE IP67, LENTE FIJO 2.8MM<\/p>\n<p>&nbsp;<\/p>\n<h3>Caracter\u00edsticas<\/h3>\n<p class=\"separador\">Camera<br \/>\n&#8211; Image Sensor:\u00a02.0 megapixel progressive scan CMOS<br \/>\n&#8211; Signal System:\u00a0PAL\/NTSC<br \/>\n&#8211; Min. Illumination:\u00a00.01 Lux@(F1.2, AGC ON), 0 Lux with IR<br \/>\n&#8211; Shutter Time:\u00a0PAL: 1\/25 s to 1\/50, 000 s<br \/>\nNTSC: 1\/30 s to 1\/50, 000 s<br \/>\n&#8211; Lens:\u00a02.8 mm, 3.6 mm fixed focal lens<\/p>\n<div>&#8211; Day&amp; Night: IR cut filter<br \/>\n&#8211; Horizontal Resolution: 1920 (H) \u00d7 1080 (V)<br \/>\n&#8211; Synchronization: Internal Synchronization<br \/>\nLens<br \/>\n&#8211; Horizontal Field of View: 103\u00b0 (2.8 mm), 82.2\u00b0 (3.6 mm)<br \/>\nMenu<br \/>\n&#8211; White Light: Alarm\/Off<br \/>\n&#8211; D\/N Mode: Auto\/Color\/BW (Black and White)<br \/>\n&#8211; Auto White Balance: ATW\/MANUAL<br \/>\n&#8211; AGC: Yes<br \/>\n&#8211; Language: English\/Chinese<br \/>\n&#8211; Function: Brightness, Contrast, Sharpness, Saturation, DNR, Mirror<br \/>\nInterface<br \/>\n&#8211; Video Out: 1 HD analog output<br \/>\nGeneral<br \/>\n&#8211; Visual Alarm: Yes<br \/>\n&#8211; PIR Range: Angle: 110\u00b0, Range:11 m<br \/>\n&#8211; Material: Enclosure: Plastic<br \/>\nMain body: Metal<br \/>\n&#8211; Ingress Protection: IP67<br \/>\n&#8211; Power Supply: 12 VDC\u00b125%<br \/>\n&#8211; IR Range: Up to 20m<br \/>\n&#8211; Communication : Up the coax, Protocol: HIKVISION-C (TVI output)<br \/>\n&#8211; Dimension: \u00d8 109.8 mm \u00d7 89.75 mm (\u00d8 4.32&#8243; \u00d7 3.53&#8243; )<\/div>\n<div>&#8211; Weight: Approx. 310 g (0.68 lb.)<\/div>\n<p>&nbsp;<\/p>\n<h3>Soporte<\/h3>\n<p class=\"separador\">3 A\u00d1OS DE GARANT\u00cdA en todos los productos Hikvision, ofrecida por el fabricante, contra defectos de fabricaci\u00f3n y\/o vicios del material que afecten al normal funcionamiento del mismo.<\/p>\n","protected":false},"excerpt":{"rendered":"<p>C\u00e1mara Hikvision 1080p 2MPx DS-2CE56D0T-IF mini domo Metal+Plastico<\/p>\n","protected":false},"featured_media":3946,"comment_status":"closed","ping_status":"closed","template":"","meta":{"_acf_changed":false},"product_cat":[304,134,94],"product_tag":[],"acf":[],"aioseo_notices":[],"jetpack_sharing_enabled":true,"_links":{"self":[{"href":"https:\/\/www.estudiotecno.com.ar\/tienda\/wp-json\/wp\/v2\/product\/2805"}],"collection":[{"href":"https:\/\/www.estudiotecno.com.ar\/tienda\/wp-json\/wp\/v2\/product"}],"about":[{"href":"https:\/\/www.estudiotecno.com.ar\/tienda\/wp-json\/wp\/v2\/types\/product"}],"replies":[{"embeddable":true,"href":"https:\/\/www.estudiotecno.com.ar\/tienda\/wp-json\/wp\/v2\/comments?post=2805"}],"wp:featuredmedia":[{"embeddable":true,"href":"https:\/\/www.estudiotecno.com.ar\/tienda\/wp-json\/wp\/v2\/media\/3946"}],"wp:attachment":[{"href":"https:\/\/www.estudiotecno.com.ar\/tienda\/wp-json\/wp\/v2\/media?parent=2805"}],"wp:term":[{"taxonomy":"product_cat","embeddable":true,"href":"https:\/\/www.estudiotecno.com.ar\/tienda\/wp-json\/wp\/v2\/product_cat?post=2805"},{"taxonomy":"product_tag","embeddable":true,"href":"https:\/\/www.estudiotecno.com.ar\/tienda\/wp-json\/wp\/v2\/product_tag?post=2805"}],"curies":[{"name":"wp","href":"https:\/\/api.w.org\/{rel}","templated":true}]}}