{"id":2803,"date":"2021-07-03T16:40:13","date_gmt":"2021-07-03T19:40:13","guid":{"rendered":"https:\/\/www.estudiotecno.com.ar\/tienda\/?post_type=product&#038;p=2803"},"modified":"2025-09-03T13:03:57","modified_gmt":"2025-09-03T16:03:57","slug":"ds-2ce70df0t-pf-1080p-2mpx-camara-hikvision-color-vu-full-hd-2mp-domo-plastico","status":"publish","type":"product","link":"https:\/\/www.estudiotecno.com.ar\/tienda\/producto\/ds-2ce70df0t-pf-1080p-2mpx-camara-hikvision-color-vu-full-hd-2mp-domo-plastico\/","title":{"rendered":"DS-2CE70DF0T-PF | 1080P 2MPX | C\u00e1mara Hikvision ColorVu minidomo pl\u00e1stico"},"content":{"rendered":"<h3>Descripci\u00f3n<\/h3>\n<p style=\"font-weight: 400;\">C\u00e1mara Hikvision Color Vu FULL HD 2mp. Domo plastico.Lente fijo de 3,6mm.Iluminaci\u00f3n IR de hasta 20M para imagenes nocturnas. Apta exteriores (IP67) .<\/p>\n<h3><br style=\"font-weight: 400;\" \/><b><\/b><\/h3>\n<h3>Caracter\u00edsticas<\/h3>\n<ul>\n<li>C\u00e1mara<\/li>\n<li>Sensor De ImagenCMOS de 2 MP<\/li>\n<li>Sistema De Se\u00f1alPAL \/ NTSC<\/li>\n<li>Resoluci\u00f3n1920 (H) \u00d7 1080 (V)<\/li>\n<li>Cuadros Por Segundo<\/li>\n<\/ul>\n<p>TVI: 1080p a 25 fps \/ 30 fps<\/p>\n<p>CVI: 1080p a 25 fps \/ 30 fps<\/p>\n<p>AHD: 1080p a 25 fps \/ 30 fps<\/p>\n<p>CVBS: PAL \/ NTSC<\/p>\n<ul>\n<li>Min.\u00a0Iluminaci\u00f3n0.001 Lux @ (F1.0, AGC ON), 0 Lux con luz blanca<\/li>\n<li>Tiempo De Obturaci\u00f3nPAL: de 1\/25 sa 1 \/ 50.000 s; NTSC: de 1\/30 sa 1 \/ 50.000 s<\/li>\n<li>LenteLente fija de 2,8 mm, 3,6 mm, 6 mm<\/li>\n<li>Campo De Visi\u00f3n<\/li>\n<\/ul>\n<p>2,8 mm, campo de visi\u00f3n horizontal: 98\u00a0\u00b0, campo de visi\u00f3n vertical: 51\u00a0\u00b0, campo de visi\u00f3n diagonal: 115\u00a0\u00b0<\/p>\n<p>3,6 mm, campo de visi\u00f3n horizontal: 76\u00a0\u00b0, campo de visi\u00f3n vertical: 41\u00a0\u00b0, campo de visi\u00f3n diagonal: 90\u00a0\u00b0<\/p>\n<p>6 mm, FOV horizontal: 50 \u00b0, FOV vertical: 27 \u00b0, FOV diagonal: 58 \u00b0<\/p>\n<ul>\n<li>Montura Del LenteM12<\/li>\n<li>Alarma De LuzAlarma de luz fija (luz blanca)<\/li>\n<li>WDR (Amplio Rango Din\u00e1mico)WDR digital<\/li>\n<li>Ajuste De \u00c1nguloPan: 0\u00a0\u00b0\u00a0a 360\u00a0\u00b0, Inclinaci\u00f3n: 0\u00a0\u00b0\u00a0a 75\u00a0\u00b0, Rotaci\u00f3n: 0\u00a0\u00b0\u00a0a 360\u00a0\u00b0<\/li>\n<\/ul>\n<ul>\n<li>Imagen<\/li>\n<li>Luz BlancaApagado autom\u00e1tico<\/li>\n<li>Modo De ImagenSTD \/ HIGH-SAT \/ HIGHLIGHT<\/li>\n<li>AGCsi<\/li>\n<li>Modo D\u00eda \/ NocheColor<\/li>\n<li>Balance De BlancosManual de auto<\/li>\n<li>Modo AE (Exposici\u00f3n Autom\u00e1tica)DWDR; BLC; HLC; Global<\/li>\n<li>Reducci\u00f3n De RuidoDNR 3D \/ DNR 2D<\/li>\n<li>IdiomaIngl\u00e9s<\/li>\n<li>Funci\u00f3nNitidez; Espejo; Brillo; Anti-bandas; Luz inteligente<\/li>\n<\/ul>\n<ul>\n<li>Interfaz<\/li>\n<li>Salida De VideoTVI \/ AHD \/ CVI \/ CVBS conmutable<\/li>\n<\/ul>\n<ul>\n<li>General<\/li>\n<li>Condiciones De Operaci\u00f3n-40\u00a0\u00b0\u00a0C a 60\u00a0\u00b0\u00a0C (-40\u00a0\u00b0\u00a0F a 140\u00a0\u00b0\u00a0F), Humedad: 90% o menos (sin condensaci\u00f3n)<\/li>\n<li>Fuente De Alimentaci\u00f3n<\/li>\n<\/ul>\n<p>12 VCC \u00b1 25%<\/p>\n<p>* Se recomienda utilizar un adaptador de corriente para suministrar energ\u00eda a una c\u00e1mara.<\/p>\n<ul>\n<li>ConsumoMax.\u00a02,4 W<\/li>\n<li>Nivel De Protecci\u00f3nIP67<\/li>\n<li>MaterialMetal<\/li>\n<li>Rango De Luz BlancaHasta 20 m<\/li>\n<li>Comunicaci\u00f3nHIKVISION-C<\/li>\n<li>Dimensi\u00f3n\u03a6 85,1 mm \u00d7 77,62 mm (\u03a6 3,35 \u00ab\u00d7 3,05\u00bb)<\/li>\n<li>PesoAprox.\u00a0320 g (0,71 libras)<\/li>\n<\/ul>\n","protected":false},"excerpt":{"rendered":"<p>C\u00e1mara Hikvision 1080p 2MPxDS-2CE70DF0T-PF mini domo Metal<\/p>\n","protected":false},"featured_media":6889,"comment_status":"closed","ping_status":"closed","template":"","meta":{"_acf_changed":false},"product_cat":[363,304,134,94],"product_tag":[],"acf":[],"aioseo_notices":[],"jetpack_sharing_enabled":true,"_links":{"self":[{"href":"https:\/\/www.estudiotecno.com.ar\/tienda\/wp-json\/wp\/v2\/product\/2803"}],"collection":[{"href":"https:\/\/www.estudiotecno.com.ar\/tienda\/wp-json\/wp\/v2\/product"}],"about":[{"href":"https:\/\/www.estudiotecno.com.ar\/tienda\/wp-json\/wp\/v2\/types\/product"}],"replies":[{"embeddable":true,"href":"https:\/\/www.estudiotecno.com.ar\/tienda\/wp-json\/wp\/v2\/comments?post=2803"}],"wp:featuredmedia":[{"embeddable":true,"href":"https:\/\/www.estudiotecno.com.ar\/tienda\/wp-json\/wp\/v2\/media\/6889"}],"wp:attachment":[{"href":"https:\/\/www.estudiotecno.com.ar\/tienda\/wp-json\/wp\/v2\/media?parent=2803"}],"wp:term":[{"taxonomy":"product_cat","embeddable":true,"href":"https:\/\/www.estudiotecno.com.ar\/tienda\/wp-json\/wp\/v2\/product_cat?post=2803"},{"taxonomy":"product_tag","embeddable":true,"href":"https:\/\/www.estudiotecno.com.ar\/tienda\/wp-json\/wp\/v2\/product_tag?post=2803"}],"curies":[{"name":"wp","href":"https:\/\/api.w.org\/{rel}","templated":true}]}}