{"id":2801,"date":"2021-07-03T16:33:39","date_gmt":"2021-07-03T19:33:39","guid":{"rendered":"https:\/\/www.estudiotecno.com.ar\/tienda\/?post_type=product&#038;p=2801"},"modified":"2026-04-10T16:08:17","modified_gmt":"2026-04-10T19:08:17","slug":"ds-2ce10df3t-f-1080p-2mpx-camara-colorvu-bullet-full-hd-min-iluminacion-0-0005-lux-y-calidad","status":"publish","type":"product","link":"https:\/\/www.estudiotecno.com.ar\/tienda\/producto\/ds-2ce10df3t-f-1080p-2mpx-camara-colorvu-bullet-full-hd-min-iluminacion-0-0005-lux-y-calidad\/","title":{"rendered":"DS-2CE10DF3T-F | 1080P 2MPX | C\u00e1mara ColorVu Bullet Visi\u00f3n Color 24hs 0.0005 lux"},"content":{"rendered":"<h3><\/h3>\n<h3>Descripci\u00f3n<\/h3>\n<p class=\"separador\"><span style=\"font-family: Arial, Verdana;\">C\u00e1mara HikVison Color Vu\u00a0 FULL HD.Bullet 2MP . Lente fijo de 3,6mm. Iluminaci\u00f3n IR de hasta 20m para imagenes nocturnas brillantes. Apta para instalaci\u00f3n en exterior (IP67).\u00a0<\/span><\/p>\n<p>Min. iluminaci\u00f3n 0.0005 lux y calidad<\/p>\n<h3><\/h3>\n<h3>Caracter\u00edsticas<\/h3>\n<p class=\"separador\">\u00a0C\u00e1mara<\/p>\n<p class=\"separador\">Sensor De ImagenCMOS de 2 MP<\/p>\n<p class=\"separador\">Sistema De Se\u00f1alPAL \/ NTSC<\/p>\n<p class=\"separador\">Resoluci\u00f3n1920 (H) \u00d7 1080 (V)<\/p>\n<p class=\"separador\">Cuadros Por Segundo TVI: 1080p a 25 fps \/ 30 fps CVI: 1080p a 25 fps \/ 30 fps AHD: 1080p a 25 fps \/ 30 fps CVBS: PAL \/ NTSC<\/p>\n<p class=\"separador\">Min. Iluminaci\u00f3n0,0005 Lux @ (F1.0, AGC ON), 0 Lux con luz blanca ENCENDIDA<\/p>\n<p class=\"separador\">Tiempo De Obturaci\u00f3nPAL: de 1\/25 sa 1 \/ 50.000 s; NTSC: de 1\/30 sa 1 \/ 50.000 s<\/p>\n<p class=\"separador\">Obturador LentoMax. 16 veces<\/p>\n<p class=\"separador\">LenteLente fija de 2,8 mm, 3,6 mm, 6 mm<\/p>\n<p class=\"separador\">Campo De Visi\u00f3n 2,8 mm, campo de visi\u00f3n horizontal: 98 \u00b0, campo de visi\u00f3n vertical: 52 \u00b0, campo de visi\u00f3n diagonal: 116 \u00b0 3,6 mm, campo de visi\u00f3n horizontal: 77 \u00b0, campo de visi\u00f3n vertical: 42 \u00b0, campo de visi\u00f3n diagonal: 91 \u00b0 6 mm, campo de visi\u00f3n horizontal: 51 \u00b0, campo de visi\u00f3n vertical: 28 \u00b0, campo de visi\u00f3n diagonal: 59 \u00b0<\/p>\n<p class=\"separador\">Montura Del LenteM12<\/p>\n<p class=\"separador\">Alarma De LuzAlarma de luz fija (luz blanca)<\/p>\n<p class=\"separador\">D\u00eda Y NocheIm\u00e1genes en color 24\/7 \u0095 WDR (Amplio Rango Din\u00e1mico)\u2265130 dB<\/p>\n<p class=\"separador\">Ajuste De \u00c1nguloPan: 0 \u00b0 a 360 \u00b0, Inclinaci\u00f3n: 0 \u00b0 a 90 \u00b0, Rotaci\u00f3n: 0 \u00b0 a 360 \u00b0 \u0095 Imagen \u0095 Luz BlancaApagado autom\u00e1tico<\/p>\n<p class=\"separador\">Modo De ImagenSTD \/ HIGH-SAT \/ HIGHLIGHT<\/p>\n<p class=\"separador\">AGCsi<\/p>\n<p class=\"separador\">Modo D\u00eda \/ NocheColor<\/p>\n<p class=\"separador\">Balance De BlancosManual de auto<\/p>\n<p class=\"separador\">Modo AE (Exposici\u00f3n Autom\u00e1tica)WDR; BLC; HLC; Global; HLS<\/p>\n<p class=\"separador\">M\u00e1scara De Privacidad4 m\u00e1scaras de privacidad programables<\/p>\n<p class=\"separador\">Detecci\u00f3n De Movimiento4 \u00e1reas de movimiento programables<\/p>\n<p class=\"separador\">Reducci\u00f3n De RuidoDNR 3D \/ DNR 2D<\/p>\n<p class=\"separador\">IdiomaIngl\u00e9s<\/p>\n<p class=\"separador\">Funci\u00f3nCorrecci\u00f3n de p\u00edxeles defectuosa; Nitidez; Espejo; Contraste; Brillo; Anti-bandas; Luz inteligente<\/p>\n<p class=\"separador\">Modo De Iluminaci\u00f3nLuz blanca<\/p>\n<p class=\"separador\">Interfaz<\/p>\n<p class=\"separador\">Salida De VideoTVI \/ AHD \/ CVI \/ CVBS conmutable<\/p>\n<p class=\"separador\">General<\/p>\n<p class=\"separador\">Condiciones De Operaci\u00f3n-40 \u00b0 C a 60 \u00b0 C (-40 \u00b0 F a 140 \u00b0 F), Humedad: 90% o menos (sin condensaci\u00f3n)<\/p>\n<p class=\"separador\">Fuente De Alimentaci\u00f3n 12 VCC \u00b1 25%, * Se recomienda utilizar un adaptador de corriente para suministrar energ\u00eda a una c\u00e1mara.<\/p>\n<p class=\"separador\">ConsumoMax. 2,9 W<\/p>\n<p class=\"separador\">Nivel De Protecci\u00f3nIP67<\/p>\n<p class=\"separador\">MaterialMetal<\/p>\n<p class=\"separador\">Rango De Luz BlancaHasta 20 m<\/p>\n<p class=\"separador\">Comunicaci\u00f3nHIKVISION-C<\/p>\n<p class=\"separador\">Dimensi\u00f3n161,1 mm \u00d7 70 mm \u00d7 70 mm (6,34 \u00ab\u00d7 2,76\u00bb \u00d7 2,76 \u00ab)<\/p>\n<p class=\"separador\">PesoAprox. 388 g (0,86 libras<\/p>\n","protected":false},"excerpt":{"rendered":"<p>C\u00e1mara Hikvision 1080p 2MPx DS-2CE56D0T-IF mini domo Metal+Plastico<\/p>\n","protected":false},"featured_media":5165,"comment_status":"closed","ping_status":"closed","template":"","meta":{"_acf_changed":false},"product_cat":[363,304,134,94],"product_tag":[],"acf":[],"aioseo_notices":[],"jetpack_sharing_enabled":true,"_links":{"self":[{"href":"https:\/\/www.estudiotecno.com.ar\/tienda\/wp-json\/wp\/v2\/product\/2801"}],"collection":[{"href":"https:\/\/www.estudiotecno.com.ar\/tienda\/wp-json\/wp\/v2\/product"}],"about":[{"href":"https:\/\/www.estudiotecno.com.ar\/tienda\/wp-json\/wp\/v2\/types\/product"}],"replies":[{"embeddable":true,"href":"https:\/\/www.estudiotecno.com.ar\/tienda\/wp-json\/wp\/v2\/comments?post=2801"}],"wp:featuredmedia":[{"embeddable":true,"href":"https:\/\/www.estudiotecno.com.ar\/tienda\/wp-json\/wp\/v2\/media\/5165"}],"wp:attachment":[{"href":"https:\/\/www.estudiotecno.com.ar\/tienda\/wp-json\/wp\/v2\/media?parent=2801"}],"wp:term":[{"taxonomy":"product_cat","embeddable":true,"href":"https:\/\/www.estudiotecno.com.ar\/tienda\/wp-json\/wp\/v2\/product_cat?post=2801"},{"taxonomy":"product_tag","embeddable":true,"href":"https:\/\/www.estudiotecno.com.ar\/tienda\/wp-json\/wp\/v2\/product_tag?post=2801"}],"curies":[{"name":"wp","href":"https:\/\/api.w.org\/{rel}","templated":true}]}}