{"id":2722,"date":"2021-05-18T13:22:03","date_gmt":"2021-05-18T16:22:03","guid":{"rendered":"https:\/\/www.estudiotecno.com.ar\/tienda\/?post_type=product&#038;p=2722"},"modified":"2025-09-03T13:03:40","modified_gmt":"2025-09-03T16:03:40","slug":"ds-2ce16d0t-it3f-1080p-2mpx-bullet-plastica-ir-40-mts","status":"publish","type":"product","link":"https:\/\/www.estudiotecno.com.ar\/tienda\/producto\/ds-2ce16d0t-it3f-1080p-2mpx-bullet-plastica-ir-40-mts\/","title":{"rendered":"DS-2CE17D0T-IT3F | 1080P 2MPX | Bullet pl\u00e1stica IR 40 Mts 3.6mm"},"content":{"rendered":"<h3>Descripci\u00f3n<\/h3>\n<p class=\"separador\"><span style=\"font-family: Arial, Verdana;\">C\u00c1MARA HIBRIDA 4 EN 1 TURBO HD DE 1080P (TVI \/ AHD \/ CVI \/ CVBS).&nbsp;APTA EXTERIOR, GRADO DE PROTECCI\u00d3N IP66.&nbsp;SENSOR CMOS DE 1MP.&nbsp;LENTE FIJO DE 3.6 MM.&nbsp;ILUMINACI\u00d3N IR EXIR DE ALTA EFICIENCIA HASTA 40M.&nbsp;ALIMENTACI\u00d3N DE 12V DC.<\/span><\/p>\n<p>&nbsp;<\/p>\n<h3>Caracter\u00edsticas<\/h3>\n<p class=\"separador\">Camera&nbsp;-Image Sensor 2MP CMOS image sensor -Signal System PAL\/NTSC -Frame Rate PAL: 1080p@25fps -NTSC: 1080p@30fps -Resolution 1920 (H) \u00d71080 (V) -Min. illumination 0.01 Lux@(F1.2,AGC ON),0 Lux with IR -Shutter Time 1\/25 (1\/30) s to 1\/50,000 s -Lens 3.6 mm, 2.8 mm, 6 mm, 8 mm, 12 mm fixed lens -Horizontal Field of View 103\u00b0(2.8 mm), 82.2\u00b0(3.6 mm), 54\u00b0(6 mm), 37.7\u00b0(8 mm), 24.2\u00b0(12 mm) -Lens Mount M12 -Day &amp; Night IR cut filter -Angle Adjustment Pan: 0\u00b0 to 360\u00b0, Tilt: 0\u00b0 to 180\u00b0, Rotation: 0\u00b0 to 360\u00b0 -Synchronization Internal synchronization&nbsp;Menu&nbsp;-AGC Low\/middle\/high -Day\/Night Mode Smart\/color\/BW(Black and White) -Backlight Compensation Yes -DWDR Yes -Language English, Chinese -Functions Brightness, Sharpness, DNR, Mirror -Interface -Video Output 1 HD analog output -Switch Button TVI\/AHD\/CVI\/CVBS&nbsp;General&nbsp;-Operating Conditions -40 \u00b0C to 60 \u00b0C (-40 \u00b0F to 140 \u00b0F), Humidity: 90% or less (non-condensation) -Power Supply 12 VDC\u00b115% -Power Consumption Max. 4 W -Ingress Protection IP66&nbsp;Material&nbsp;-Front cover: Mental -Main Body: Plastic -Bracket: Metal -IR Range Up to 40 m -Dimensions 86.7 mm \u00d7 81.6 mm \u00d7 226 mm (3.4&#8243; \u00d7 3.2&#8243; \u00d7 8.9&#8243;) -Weight 430 g (0.95 lb.)<\/p>\n<p>&nbsp;<\/p>\n<h3>Soporte<\/h3>\n<p class=\"separador\">3 A\u00d1OS DE GARANT\u00cdA en todos los productos Hikvision, ofrecida por el fabricante, contra defectos de fabricaci\u00f3n y\/o vicios del material que afecten al normal funcionamiento del mismo.<\/p>\n","protected":false},"excerpt":{"rendered":"<p>Descripci\u00f3n C\u00c1MARA HIBRIDA 4 EN 1 TURBO HD DE 1080P (TVI \/ AHD \/ CVI \/ CVBS).&nbsp;APTA EXTERIOR, GRADO DE PROTECCI\u00d3N IP66.&nbsp;SENSOR CMOS DE 1MP.&nbsp;LENTE FIJO DE 3.6 MM.&nbsp;ILUMINACI\u00d3N IR EXIR DE ALTA EFICIENCIA HASTA 40M.&nbsp;ALIMENTACI\u00d3N DE 12V DC. &nbsp; Caracter\u00edsticas Camera&nbsp;-Image Sensor 2MP CMOS image sensor -Signal System PAL\/NTSC -Frame Rate PAL: 1080p@25fps -NTSC: [&hellip;]<\/p>\n","protected":false},"featured_media":4802,"comment_status":"closed","ping_status":"closed","template":"","meta":{"_acf_changed":false},"product_cat":[361,304,134,94],"product_tag":[],"acf":[],"aioseo_notices":[],"jetpack_sharing_enabled":true,"_links":{"self":[{"href":"https:\/\/www.estudiotecno.com.ar\/tienda\/wp-json\/wp\/v2\/product\/2722"}],"collection":[{"href":"https:\/\/www.estudiotecno.com.ar\/tienda\/wp-json\/wp\/v2\/product"}],"about":[{"href":"https:\/\/www.estudiotecno.com.ar\/tienda\/wp-json\/wp\/v2\/types\/product"}],"replies":[{"embeddable":true,"href":"https:\/\/www.estudiotecno.com.ar\/tienda\/wp-json\/wp\/v2\/comments?post=2722"}],"wp:featuredmedia":[{"embeddable":true,"href":"https:\/\/www.estudiotecno.com.ar\/tienda\/wp-json\/wp\/v2\/media\/4802"}],"wp:attachment":[{"href":"https:\/\/www.estudiotecno.com.ar\/tienda\/wp-json\/wp\/v2\/media?parent=2722"}],"wp:term":[{"taxonomy":"product_cat","embeddable":true,"href":"https:\/\/www.estudiotecno.com.ar\/tienda\/wp-json\/wp\/v2\/product_cat?post=2722"},{"taxonomy":"product_tag","embeddable":true,"href":"https:\/\/www.estudiotecno.com.ar\/tienda\/wp-json\/wp\/v2\/product_tag?post=2722"}],"curies":[{"name":"wp","href":"https:\/\/api.w.org\/{rel}","templated":true}]}}