{"id":2712,"date":"2021-05-18T12:38:08","date_gmt":"2021-05-18T15:38:08","guid":{"rendered":"https:\/\/www.estudiotecno.com.ar\/tienda\/?post_type=product&#038;p=2712"},"modified":"2022-07-11T17:15:10","modified_gmt":"2022-07-11T20:15:10","slug":"ds-2ce16c0t-vfir3f-720p-1mpx-bullet-metalica-exterior-varifocal-lente-2-8-a-12mm-infrarrojo-40-metros","status":"publish","type":"product","link":"https:\/\/www.estudiotecno.com.ar\/tienda\/producto\/ds-2ce16c0t-vfir3f-720p-1mpx-bullet-metalica-exterior-varifocal-lente-2-8-a-12mm-infrarrojo-40-metros\/","title":{"rendered":"DS-2CE16C0T-VFIR3F | 720P 1MPX | Bullet met\u00e1lica Varifocal 2.8 a 12mm. IR 40 mts"},"content":{"rendered":"<h3>Descripci\u00f3n<\/h3>\n<p style=\"font-weight: 400;\">CAMARA HIKVISION HD BULLET VARIFOCAL. IR 40M, LENTE 2.8 A 12MM. SOPORTA LOS ESTANDARES, HD-TVI, AHD, HD-CVI y CVBS. APTA PARA INSTALACION EN EXTERIOR (IP66). ALIMENTACI\u00d3N DE 12VCC. CONSUMO MAXIMO 4W.<\/p>\n<h3><br style=\"font-weight: 400;\" \/><b><\/b><\/h3>\n<h3>Caracter\u00edsticas<\/h3>\n<h3><b><\/b><br style=\"font-weight: 400;\" \/><b><\/b><\/h3>\n<h3>Soporte<\/h3>\n<p style=\"font-weight: 400;\">3 A\u00d1OS DE GARANT\u00cdA en todos los productos Hikvision, ofrecida por el fabricante, contra defectos de fabricaci\u00f3n y\/o vicios del material que afecten al normal funcionamiento del mismo.<\/p>\n","protected":false},"excerpt":{"rendered":"<p>Descripci\u00f3n CAMARA HIKVISION HD BULLET VARIFOCAL. IR 40M, LENTE 2.8 A 12MM. SOPORTA LOS ESTANDARES, HD-TVI, AHD, HD-CVI y CVBS. APTA PARA INSTALACION EN EXTERIOR (IP66). ALIMENTACI\u00d3N DE 12VCC. CONSUMO MAXIMO 4W. Caracter\u00edsticas Soporte 3 A\u00d1OS DE GARANT\u00cdA en todos los productos Hikvision, ofrecida por el fabricante, contra defectos de fabricaci\u00f3n y\/o vicios del material [&hellip;]<\/p>\n","protected":false},"featured_media":3853,"comment_status":"closed","ping_status":"closed","template":"","meta":{"_acf_changed":false},"product_cat":[304,134,94],"product_tag":[],"acf":[],"aioseo_notices":[],"jetpack_sharing_enabled":true,"_links":{"self":[{"href":"https:\/\/www.estudiotecno.com.ar\/tienda\/wp-json\/wp\/v2\/product\/2712"}],"collection":[{"href":"https:\/\/www.estudiotecno.com.ar\/tienda\/wp-json\/wp\/v2\/product"}],"about":[{"href":"https:\/\/www.estudiotecno.com.ar\/tienda\/wp-json\/wp\/v2\/types\/product"}],"replies":[{"embeddable":true,"href":"https:\/\/www.estudiotecno.com.ar\/tienda\/wp-json\/wp\/v2\/comments?post=2712"}],"wp:featuredmedia":[{"embeddable":true,"href":"https:\/\/www.estudiotecno.com.ar\/tienda\/wp-json\/wp\/v2\/media\/3853"}],"wp:attachment":[{"href":"https:\/\/www.estudiotecno.com.ar\/tienda\/wp-json\/wp\/v2\/media?parent=2712"}],"wp:term":[{"taxonomy":"product_cat","embeddable":true,"href":"https:\/\/www.estudiotecno.com.ar\/tienda\/wp-json\/wp\/v2\/product_cat?post=2712"},{"taxonomy":"product_tag","embeddable":true,"href":"https:\/\/www.estudiotecno.com.ar\/tienda\/wp-json\/wp\/v2\/product_tag?post=2712"}],"curies":[{"name":"wp","href":"https:\/\/api.w.org\/{rel}","templated":true}]}}