{"id":2705,"date":"2021-05-18T11:55:41","date_gmt":"2021-05-18T14:55:41","guid":{"rendered":"https:\/\/www.estudiotecno.com.ar\/tienda\/?post_type=product&#038;p=2705"},"modified":"2022-07-11T17:15:34","modified_gmt":"2022-07-11T20:15:34","slug":"ds-2ce16c0t-it5f-720p-1mpx-bullet-metalica-ir-80-mts","status":"publish","type":"product","link":"https:\/\/www.estudiotecno.com.ar\/tienda\/producto\/ds-2ce16c0t-it5f-720p-1mpx-bullet-metalica-ir-80-mts\/","title":{"rendered":"DS-2CE16C0T-IT5F | 720P 1MPX | Bullet met\u00e1lica IR 80 Mts"},"content":{"rendered":"<h3>Descripci\u00f3n<\/h3>\n<p class=\"separador\"><span style=\"font-family: Arial, Verdana;\">C\u00e1mara hibrida 4 en 1 Turbo HD de 720P (TVI\/AHD\/CVI\/CVBS). Apta exterior, grado de protecci\u00f3n IP66. Sensor CMOS de 1MP. Lente Fijo de 2.8mm. Iluminaci\u00f3n IR EXIR de alta eficiencia hasta 80M . Alimentaci\u00f3n de 12V DC. Dimensiones: 86.22\u00d782.05\u00d7220.13mm<\/span><\/p>\n<p>&nbsp;<\/p>\n<h3>Caracter\u00edsticas<\/h3>\n<div class=\"parameter-table\">\n<table>\n<tbody>\n<tr>\n<th colspan=\"3\">Camera<\/th>\n<\/tr>\n<tr>\n<td class=\"td1\">Image Sensor:<\/td>\n<td class=\"td2\"><\/td>\n<td>1MP CMOS Image Sensor<\/td>\n<\/tr>\n<tr>\n<td class=\"td1\">Signal System:<\/td>\n<td class=\"td2\"><\/td>\n<td>PAL\/NTSC<\/td>\n<\/tr>\n<tr>\n<td class=\"td1\">Effective Pixels:<\/td>\n<td class=\"td2\"><\/td>\n<td>1296(H)x732(V)<\/td>\n<\/tr>\n<tr>\n<td class=\"td1\">Min. Illumination:<\/td>\n<td class=\"td2\"><\/td>\n<td>0.01 Lux@(F1.2, AGC ON), 0 Lux with IR<\/td>\n<\/tr>\n<tr>\n<td class=\"td1\">Shutter Time:<\/td>\n<td class=\"td2\"><\/td>\n<td>1\/25(1\/30) s to 1\/50,000 s<\/td>\n<\/tr>\n<tr>\n<td class=\"td1\">Lens Mount:<\/td>\n<td class=\"td2\"><\/td>\n<td>M12<\/td>\n<\/tr>\n<tr>\n<td class=\"td1\">Adjustment Range:<\/td>\n<td class=\"td2\"><\/td>\n<td>Pan: 0\u00b0-360\u00b0; Tilt:0\u00b0-180\u00b0; Rotation: 0\u00b0-360\u00b0<\/td>\n<\/tr>\n<tr>\n<td class=\"td1\">Day&amp; Night:<\/td>\n<td class=\"td2\"><\/td>\n<td>IR cut filter with auto switch<\/td>\n<\/tr>\n<tr>\n<td class=\"td1\">Video Frame Rate:<\/td>\n<td class=\"td2\"><\/td>\n<td>720p@25fps\/720p@30fps<\/td>\n<\/tr>\n<tr>\n<td class=\"td1\">HD Video Output:<\/td>\n<td class=\"td2\"><\/td>\n<td>1 Analog HD output<\/td>\n<\/tr>\n<tr>\n<td class=\"td1\">Synchronization:<\/td>\n<td class=\"td2\"><\/td>\n<td>Internal Synchronization<\/td>\n<\/tr>\n<tr>\n<td class=\"td1\">S\/N Ratio:<\/td>\n<td class=\"td2\"><\/td>\n<td>More than 62 dB<\/td>\n<\/tr>\n<\/tbody>\n<\/table>\n<\/div>\n<div class=\"parameter-table\">\n<table>\n<tbody>\n<tr>\n<th colspan=\"3\">General<\/th>\n<\/tr>\n<tr>\n<td class=\"td1\">Operating Conditions:<\/td>\n<td class=\"td2\"><\/td>\n<td>-40 \u00b0C &#8211; 60 \u00b0C (-40 \u00b0F &#8211; 140 \u00b0F)<br \/>\nHumidity 90% or less (non-condensing)<\/td>\n<\/tr>\n<tr>\n<td class=\"td1\">Power Supply:<\/td>\n<td class=\"td2\"><\/td>\n<td>12 VDC\u00b115%<\/td>\n<\/tr>\n<tr>\n<td class=\"td1\">Weather Proof:<\/td>\n<td class=\"td2\"><\/td>\n<td>IP66<\/td>\n<\/tr>\n<tr>\n<td class=\"td1\">IR Range:<\/td>\n<td class=\"td2\"><\/td>\n<td>Up to 80m<\/td>\n<\/tr>\n<tr>\n<td class=\"td1\">Dimension:<\/td>\n<td class=\"td2\"><\/td>\n<td>86.7 mm \u00d7 81.6 mm \u00d7 226 mm(3.4&#8243; \u00d7 3.2&#8243; \u00d7 8.9&#8243;)<\/td>\n<\/tr>\n<tr>\n<td class=\"td1\">Weight:<\/td>\n<td class=\"td2\"><\/td>\n<td>700 g<\/td>\n<\/tr>\n<\/tbody>\n<\/table>\n<\/div>\n<p>&nbsp;<\/p>\n<h3>Soporte<\/h3>\n<p class=\"separador\">3 A\u00d1OS DE GARANT\u00cdA en todos los productos Hikvision, ofrecida por el fabricante, contra defectos de fabricaci\u00f3n y\/o vicios del material que afecten al normal funcionamiento del mismo.<\/p>\n","protected":false},"excerpt":{"rendered":"<p>Descripci\u00f3n C\u00e1mara hibrida 4 en 1 Turbo HD de 720P (TVI\/AHD\/CVI\/CVBS). Apta exterior, grado de protecci\u00f3n IP66. Sensor CMOS de 1MP. Lente Fijo de 2.8mm. Iluminaci\u00f3n IR EXIR de alta eficiencia hasta 80M . Alimentaci\u00f3n de 12V DC. Dimensiones: 86.22\u00d782.05\u00d7220.13mm &nbsp; Caracter\u00edsticas Camera Image Sensor: 1MP CMOS Image Sensor Signal System: PAL\/NTSC Effective Pixels: 1296(H)x732(V) [&hellip;]<\/p>\n","protected":false},"featured_media":3852,"comment_status":"closed","ping_status":"closed","template":"","meta":{"_acf_changed":false},"product_cat":[304,134,94],"product_tag":[],"acf":[],"aioseo_notices":[],"jetpack_sharing_enabled":true,"_links":{"self":[{"href":"https:\/\/www.estudiotecno.com.ar\/tienda\/wp-json\/wp\/v2\/product\/2705"}],"collection":[{"href":"https:\/\/www.estudiotecno.com.ar\/tienda\/wp-json\/wp\/v2\/product"}],"about":[{"href":"https:\/\/www.estudiotecno.com.ar\/tienda\/wp-json\/wp\/v2\/types\/product"}],"replies":[{"embeddable":true,"href":"https:\/\/www.estudiotecno.com.ar\/tienda\/wp-json\/wp\/v2\/comments?post=2705"}],"wp:featuredmedia":[{"embeddable":true,"href":"https:\/\/www.estudiotecno.com.ar\/tienda\/wp-json\/wp\/v2\/media\/3852"}],"wp:attachment":[{"href":"https:\/\/www.estudiotecno.com.ar\/tienda\/wp-json\/wp\/v2\/media?parent=2705"}],"wp:term":[{"taxonomy":"product_cat","embeddable":true,"href":"https:\/\/www.estudiotecno.com.ar\/tienda\/wp-json\/wp\/v2\/product_cat?post=2705"},{"taxonomy":"product_tag","embeddable":true,"href":"https:\/\/www.estudiotecno.com.ar\/tienda\/wp-json\/wp\/v2\/product_tag?post=2705"}],"curies":[{"name":"wp","href":"https:\/\/api.w.org\/{rel}","templated":true}]}}