{"id":2649,"date":"2021-05-05T15:22:40","date_gmt":"2021-05-05T18:22:40","guid":{"rendered":"https:\/\/www.estudiotecno.com.ar\/tienda\/?post_type=product&#038;p=2649"},"modified":"2022-07-11T17:32:52","modified_gmt":"2022-07-11T20:32:52","slug":"cs-cv310-a0-1c2wfrl-2-8mm-wifi-camara-ip-exterior-bullet-metalica-incluye-fuente","status":"publish","type":"product","link":"https:\/\/www.estudiotecno.com.ar\/tienda\/producto\/cs-cv310-a0-1c2wfrl-2-8mm-wifi-camara-ip-exterior-bullet-metalica-incluye-fuente\/","title":{"rendered":"CS-CV310 (A0-1C2WFR)L 2.8MM WIFI C\u00e1mara ip Exterior Bullet Metalica incluye fuente"},"content":{"rendered":"<h3>Descripci\u00f3n<\/h3>\n<div class=\"product-brand color1\"><label>Marca:<\/label>EZVIZ<\/div>\n<div class=\"product-code color1\"><label>C\u00f3digo Interno:<\/label>CAIEZV000024<\/div>\n<div class=\"product-code color1\"><label>C\u00f3digo de Fabricante:<\/label>CS-CV310 (A0-1C2WFR)<\/div>\n<div class=\"product-code color1\"><label>Garant\u00eda: 24 meses<br \/>\n<\/label>Camara wifi exterior:*-Potente conexion wifi<br \/>\n*-Utilizando dos antenas.<br \/>\n*-Full HD a 1080p.<br \/>\n*-Recepcion de audio.<br \/>\n*-Proteccion contra el agua y el polvo IP66.<br \/>\n*-Vision nocturna (Hasta 30 metros).<br \/>\n*-Compatible con wifi de 2,4 GHz.<br \/>\n*-Compatible con tarjetas microSD (Hasta 256 GB).<\/div>\n","protected":false},"excerpt":{"rendered":"<p>Descripci\u00f3n Marca:EZVIZ C\u00f3digo Interno:CAIEZV000024 C\u00f3digo de Fabricante:CS-CV310 (A0-1C2WFR) Garant\u00eda: 24 meses Camara wifi exterior:*-Potente conexion wifi *-Utilizando dos antenas. *-Full HD a 1080p. *-Recepcion de audio. *-Proteccion contra el agua y el polvo IP66. *-Vision nocturna (Hasta 30 metros). *-Compatible con wifi de 2,4 GHz. *-Compatible con tarjetas microSD (Hasta 256 GB).<\/p>\n","protected":false},"featured_media":3865,"comment_status":"closed","ping_status":"closed","template":"","meta":{"_acf_changed":false},"product_cat":[308],"product_tag":[],"acf":[],"aioseo_notices":[],"jetpack_sharing_enabled":true,"_links":{"self":[{"href":"https:\/\/www.estudiotecno.com.ar\/tienda\/wp-json\/wp\/v2\/product\/2649"}],"collection":[{"href":"https:\/\/www.estudiotecno.com.ar\/tienda\/wp-json\/wp\/v2\/product"}],"about":[{"href":"https:\/\/www.estudiotecno.com.ar\/tienda\/wp-json\/wp\/v2\/types\/product"}],"replies":[{"embeddable":true,"href":"https:\/\/www.estudiotecno.com.ar\/tienda\/wp-json\/wp\/v2\/comments?post=2649"}],"wp:featuredmedia":[{"embeddable":true,"href":"https:\/\/www.estudiotecno.com.ar\/tienda\/wp-json\/wp\/v2\/media\/3865"}],"wp:attachment":[{"href":"https:\/\/www.estudiotecno.com.ar\/tienda\/wp-json\/wp\/v2\/media?parent=2649"}],"wp:term":[{"taxonomy":"product_cat","embeddable":true,"href":"https:\/\/www.estudiotecno.com.ar\/tienda\/wp-json\/wp\/v2\/product_cat?post=2649"},{"taxonomy":"product_tag","embeddable":true,"href":"https:\/\/www.estudiotecno.com.ar\/tienda\/wp-json\/wp\/v2\/product_tag?post=2649"}],"curies":[{"name":"wp","href":"https:\/\/api.w.org\/{rel}","templated":true}]}}