{"id":2645,"date":"2021-05-05T14:55:29","date_gmt":"2021-05-05T17:55:29","guid":{"rendered":"https:\/\/www.estudiotecno.com.ar\/tienda\/?post_type=product&#038;p=2645"},"modified":"2025-09-03T13:03:27","modified_gmt":"2025-09-03T16:03:27","slug":"ds-2cd1023g0e-i-arg-camara-ip-full-hd-bullet-plastica-exterior-lente-2-8mm-exir-20-metros","status":"publish","type":"product","link":"https:\/\/www.estudiotecno.com.ar\/tienda\/producto\/ds-2cd1023g0e-i-arg-camara-ip-full-hd-bullet-plastica-exterior-lente-2-8mm-exir-20-metros\/","title":{"rendered":"DS-2CD1023G0E-I | C\u00e1mara IP Full HD Bullet pl\u00e1stica exterior 2.8mm. EXIR 30 mts"},"content":{"rendered":"<h3>Descripci\u00f3n<\/h3>\n<p>CAMARA HIKVISION IP 2MPX BULLET, LENTE 2.8MM, IP67, 30M IR, DWDR, FRONT COVER: METAL BACK COVER &amp; BRACKET: PLASTIC, 1\/2.8&#8243; PROGRESSIVE CMOS, ICR, H.265+\/H265\/H.264+&amp;H.264, 3D DNR, BLC, DC12V<\/p>\n<h3><\/h3>\n<h3>Caracter\u00edsticas<\/h3>\n<p><b>Camera<\/b><br \/>\n&#8211; Image Sensor:&nbsp;1\/2.8&#8243; progressive scan CMOS<br \/>\n&#8211;&nbsp;Min. Illumination:&nbsp;Color: 0.01Lux @(F1.2,AGC ON),0 Lux with IR<br \/>\n&#8211;&nbsp;Shutter Speed: 1\/3s to 1\/100,000 s<br \/>\n&#8211; Lens:&nbsp; 2.8 mm @F2.0,&nbsp;horizontal field of view 105.8\u00b0<br \/>\n&#8211; Lens Mount: M12<br \/>\n&#8211; Day &amp;Night: IR cut filter with auto switch<br \/>\n&#8211;&nbsp;DNR(Digital Noise Reduction):&nbsp;3D DNR<br \/>\n&#8211;&nbsp;WDR (Wide Dynamic Range):&nbsp;Digital WDR<br \/>\n<b>Compression Standard<br \/>\n<\/b>&#8211;&nbsp;Video Compression:&nbsp;Main stream: H.265+\/H.265<br \/>\nSub stream: H.265\/H264\/MJPEG<br \/>\n&#8211; H.265 Type:&nbsp;Baseline profile\/Main profile<br \/>\n&#8211;&nbsp;Video Bit Rate:&nbsp;32 Kbps to8 Mbps<br \/>\n<b>Image<\/b><br \/>\n&#8211; Max. Resolution:&nbsp;1920 \u00d7 1080<br \/>\n&#8211; Main Stream:&nbsp;50Hz: 25fps @(1920 \u00d7 1080, 1280 \u00d7 960, 1280 \u00d7 720)<\/p>\n<h3><\/h3>\n<h3>Soporte<\/h3>\n<p>3 A\u00d1OS DE GARANT\u00cdA en todos los productos Hikvision, ofrecida por el fabricante, contra defectos de fabricaci\u00f3n y\/o vicios del material que afecten al normal funcionamiento del mismo.<\/p>\n","protected":false},"excerpt":{"rendered":"<p>Descripci\u00f3n CAMARA HIKVISION IP 2MPX BULLET, LENTE 2.8MM, IP67, 30M IR, DWDR, FRONT COVER: METAL BACK COVER &amp; BRACKET: PLASTIC, 1\/2.8&#8243; PROGRESSIVE CMOS, ICR, H.265+\/H265\/H.264+&amp;H.264, 3D DNR, BLC, DC12V Caracter\u00edsticas Camera &#8211; Image Sensor:&nbsp;1\/2.8&#8243; progressive scan CMOS &#8211;&nbsp;Min. Illumination:&nbsp;Color: 0.01Lux @(F1.2,AGC ON),0 Lux with IR &#8211;&nbsp;Shutter Speed: 1\/3s to 1\/100,000 s &#8211; Lens:&nbsp; 2.8 mm [&hellip;]<\/p>\n","protected":false},"featured_media":4792,"comment_status":"closed","ping_status":"closed","template":"","meta":{"_acf_changed":false},"product_cat":[370,308],"product_tag":[],"acf":[],"aioseo_notices":[],"jetpack_sharing_enabled":true,"_links":{"self":[{"href":"https:\/\/www.estudiotecno.com.ar\/tienda\/wp-json\/wp\/v2\/product\/2645"}],"collection":[{"href":"https:\/\/www.estudiotecno.com.ar\/tienda\/wp-json\/wp\/v2\/product"}],"about":[{"href":"https:\/\/www.estudiotecno.com.ar\/tienda\/wp-json\/wp\/v2\/types\/product"}],"replies":[{"embeddable":true,"href":"https:\/\/www.estudiotecno.com.ar\/tienda\/wp-json\/wp\/v2\/comments?post=2645"}],"wp:featuredmedia":[{"embeddable":true,"href":"https:\/\/www.estudiotecno.com.ar\/tienda\/wp-json\/wp\/v2\/media\/4792"}],"wp:attachment":[{"href":"https:\/\/www.estudiotecno.com.ar\/tienda\/wp-json\/wp\/v2\/media?parent=2645"}],"wp:term":[{"taxonomy":"product_cat","embeddable":true,"href":"https:\/\/www.estudiotecno.com.ar\/tienda\/wp-json\/wp\/v2\/product_cat?post=2645"},{"taxonomy":"product_tag","embeddable":true,"href":"https:\/\/www.estudiotecno.com.ar\/tienda\/wp-json\/wp\/v2\/product_tag?post=2645"}],"curies":[{"name":"wp","href":"https:\/\/api.w.org\/{rel}","templated":true}]}}