{"id":2642,"date":"2021-05-05T14:48:27","date_gmt":"2021-05-05T17:48:27","guid":{"rendered":"https:\/\/www.estudiotecno.com.ar\/tienda\/?post_type=product&#038;p=2642"},"modified":"2025-09-03T13:03:24","modified_gmt":"2025-09-03T16:03:24","slug":"ds-7108ni-q1-nvr-8-canales-grabacion-de-camaras-ip-en-h-265","status":"publish","type":"product","link":"https:\/\/www.estudiotecno.com.ar\/tienda\/producto\/ds-7108ni-q1-nvr-8-canales-grabacion-de-camaras-ip-en-h-265\/","title":{"rendered":"DS-7108NI-Q1 | NVR 8 canales, Grabaci\u00f3n de c\u00e1maras IP en H.265+"},"content":{"rendered":"<h3>Descripci\u00f3n<\/h3>\n<p style=\"font-weight: 400;\">GRABADOR IP DE 8 CANALES HIKVISION, 60MBPS DE ANCHO DE BANDA DE ENTRADA, 60MBPS DE ANCHO DE BANDA DE SALIDA (128 CONEXIONES)<\/p>\n<p><br style=\"font-weight: 400;\" \/><b><\/b><\/p>\n<h3>Caracter\u00edsticas<\/h3>\n<h3><\/h3>\n<p><b><\/b><br style=\"font-weight: 400;\" \/><b><\/b><\/p>\n<h3>Soporte<\/h3>\n<p style=\"font-weight: 400;\">3 A\u00d1OS DE GARANT\u00cdA en todos los productos Hikvision, ofrecida por el fabricante, contra defectos de fabricaci\u00f3n y\/o vicios del material que afecten al normal funcionamiento del mismo.<\/p>\n<p style=\"font-weight: 400;\">Contamos con un departamento t\u00e9cnico, con stock permanente de repuestos, que le permitir\u00e1 contar con un servicio en caso de necesidad de reparaci\u00f3n del producto. Para m\u00e1s informaci\u00f3n dir\u00edjase a la secci\u00f3n Soporte T\u00e9cnico.<\/p>\n","protected":false},"excerpt":{"rendered":"<p>Descripci\u00f3n GRABADOR IP DE 8 CANALES HIKVISION, 60MBPS DE ANCHO DE BANDA DE ENTRADA, 60MBPS DE ANCHO DE BANDA DE SALIDA (128 CONEXIONES) Caracter\u00edsticas Soporte 3 A\u00d1OS DE GARANT\u00cdA en todos los productos Hikvision, ofrecida por el fabricante, contra defectos de fabricaci\u00f3n y\/o vicios del material que afecten al normal funcionamiento del mismo. Contamos con [&hellip;]<\/p>\n","protected":false},"featured_media":6863,"comment_status":"closed","ping_status":"closed","template":"","meta":{"_acf_changed":false},"product_cat":[360,307],"product_tag":[],"acf":[],"aioseo_notices":[],"jetpack_sharing_enabled":true,"_links":{"self":[{"href":"https:\/\/www.estudiotecno.com.ar\/tienda\/wp-json\/wp\/v2\/product\/2642"}],"collection":[{"href":"https:\/\/www.estudiotecno.com.ar\/tienda\/wp-json\/wp\/v2\/product"}],"about":[{"href":"https:\/\/www.estudiotecno.com.ar\/tienda\/wp-json\/wp\/v2\/types\/product"}],"replies":[{"embeddable":true,"href":"https:\/\/www.estudiotecno.com.ar\/tienda\/wp-json\/wp\/v2\/comments?post=2642"}],"wp:featuredmedia":[{"embeddable":true,"href":"https:\/\/www.estudiotecno.com.ar\/tienda\/wp-json\/wp\/v2\/media\/6863"}],"wp:attachment":[{"href":"https:\/\/www.estudiotecno.com.ar\/tienda\/wp-json\/wp\/v2\/media?parent=2642"}],"wp:term":[{"taxonomy":"product_cat","embeddable":true,"href":"https:\/\/www.estudiotecno.com.ar\/tienda\/wp-json\/wp\/v2\/product_cat?post=2642"},{"taxonomy":"product_tag","embeddable":true,"href":"https:\/\/www.estudiotecno.com.ar\/tienda\/wp-json\/wp\/v2\/product_tag?post=2642"}],"curies":[{"name":"wp","href":"https:\/\/api.w.org\/{rel}","templated":true}]}}