{"id":2573,"date":"2021-04-11T18:32:17","date_gmt":"2021-04-11T21:32:17","guid":{"rendered":"https:\/\/www.estudiotecno.com.ar\/tienda\/?post_type=product&#038;p=2573"},"modified":"2025-09-03T13:03:03","modified_gmt":"2025-09-03T16:03:03","slug":"ds-2ce16d0t-if-1080p-2mpx-camara-bullet-metalica","status":"publish","type":"product","link":"https:\/\/www.estudiotecno.com.ar\/tienda\/producto\/ds-2ce16d0t-if-1080p-2mpx-camara-bullet-metalica\/","title":{"rendered":"DS-2CE16D0T-EXIF | 1080P 2MPX | C\u00e1mara Bullet met\u00e1lica"},"content":{"rendered":"<p>C\u00e1mara hibrida 4 en 1 (TVI\/AHD\/CVI\/CVBS) tipo bullet. Sensor 2MP CMOS. Resoluci\u00f3n 1080p<br \/>\n(1920&#215;1080) a 25 fps. Iluminaci\u00f3n minima 0.02 Lux. IR con 20 metros de alcance efectivo.<br \/>\nAngulo de visi\u00f3n de 103\u00ba en lente fijo de 2.8mm. Alimentaci\u00f3n 12VDC. Consumo 4W.<br \/>\nProtecci\u00f3n IP66. Carcasa pl\u00e1stica y cuerpo met\u00e1lico.Temperatura de operaci\u00f3n &#8211; 40 \u00b0C a 60<br \/>\n\u00b0C. Dimensiones \u00d8 89.9 mm \u00d7 70.1 mm. Peso 280 grs.<\/p>\n","protected":false},"excerpt":{"rendered":"<p>C\u00e1mara Hikvision 1080p 2MPx DS-2CE56D0T-IF mini domo Metal+Plastico<\/p>\n","protected":false},"featured_media":6880,"comment_status":"closed","ping_status":"closed","template":"","meta":{"_acf_changed":false},"product_cat":[361,304,134,94],"product_tag":[],"acf":[],"aioseo_notices":[],"jetpack_sharing_enabled":true,"_links":{"self":[{"href":"https:\/\/www.estudiotecno.com.ar\/tienda\/wp-json\/wp\/v2\/product\/2573"}],"collection":[{"href":"https:\/\/www.estudiotecno.com.ar\/tienda\/wp-json\/wp\/v2\/product"}],"about":[{"href":"https:\/\/www.estudiotecno.com.ar\/tienda\/wp-json\/wp\/v2\/types\/product"}],"replies":[{"embeddable":true,"href":"https:\/\/www.estudiotecno.com.ar\/tienda\/wp-json\/wp\/v2\/comments?post=2573"}],"wp:featuredmedia":[{"embeddable":true,"href":"https:\/\/www.estudiotecno.com.ar\/tienda\/wp-json\/wp\/v2\/media\/6880"}],"wp:attachment":[{"href":"https:\/\/www.estudiotecno.com.ar\/tienda\/wp-json\/wp\/v2\/media?parent=2573"}],"wp:term":[{"taxonomy":"product_cat","embeddable":true,"href":"https:\/\/www.estudiotecno.com.ar\/tienda\/wp-json\/wp\/v2\/product_cat?post=2573"},{"taxonomy":"product_tag","embeddable":true,"href":"https:\/\/www.estudiotecno.com.ar\/tienda\/wp-json\/wp\/v2\/product_tag?post=2573"}],"curies":[{"name":"wp","href":"https:\/\/api.w.org\/{rel}","templated":true}]}}