{"id":2572,"date":"2021-04-11T18:32:16","date_gmt":"2021-04-11T21:32:16","guid":{"rendered":"https:\/\/www.estudiotecno.com.ar\/tienda\/?post_type=product&#038;p=2572"},"modified":"2025-09-03T13:03:03","modified_gmt":"2025-09-03T16:03:03","slug":"ds-2ce16d0t-ipf-1080p-2mpx-camara-bullet-plastica","status":"publish","type":"product","link":"https:\/\/www.estudiotecno.com.ar\/tienda\/producto\/ds-2ce16d0t-ipf-1080p-2mpx-camara-bullet-plastica\/","title":{"rendered":"DS-2CE16D0T-EXIPF | 1080P 2MPX | C\u00e1mara Bullet pl\u00e1stica"},"content":{"rendered":"<p>C\u00e1mara hibrida 4 en 1 tipo bullet Pl\u00e1stico solo interior. Sensor 2MP CMOS. Resoluci\u00f3n 1080p<br \/>\n(1920&#215;1080) a 25 fps. Iluminaci\u00f3n minima 0.01 Lux. Inteligente IR con 20 metros de alcance<br \/>\nefectivo. Angulo de visi\u00f3n de mas de 90\u00ba en lente fijo de 2.8mm. Dia noche con IRC. Alimentaci\u00f3n<br \/>\n12VDC<\/p>\n","protected":false},"excerpt":{"rendered":"<p>C\u00e1mara Hikvision 1080p 2MPX DS-2CE56D0T-IPF Pl\u00e1stica<\/p>\n","protected":false},"featured_media":6881,"comment_status":"closed","ping_status":"closed","template":"","meta":{"_acf_changed":false},"product_cat":[361,304,134,94],"product_tag":[],"acf":[],"aioseo_notices":[],"jetpack_sharing_enabled":true,"_links":{"self":[{"href":"https:\/\/www.estudiotecno.com.ar\/tienda\/wp-json\/wp\/v2\/product\/2572"}],"collection":[{"href":"https:\/\/www.estudiotecno.com.ar\/tienda\/wp-json\/wp\/v2\/product"}],"about":[{"href":"https:\/\/www.estudiotecno.com.ar\/tienda\/wp-json\/wp\/v2\/types\/product"}],"replies":[{"embeddable":true,"href":"https:\/\/www.estudiotecno.com.ar\/tienda\/wp-json\/wp\/v2\/comments?post=2572"}],"wp:featuredmedia":[{"embeddable":true,"href":"https:\/\/www.estudiotecno.com.ar\/tienda\/wp-json\/wp\/v2\/media\/6881"}],"wp:attachment":[{"href":"https:\/\/www.estudiotecno.com.ar\/tienda\/wp-json\/wp\/v2\/media?parent=2572"}],"wp:term":[{"taxonomy":"product_cat","embeddable":true,"href":"https:\/\/www.estudiotecno.com.ar\/tienda\/wp-json\/wp\/v2\/product_cat?post=2572"},{"taxonomy":"product_tag","embeddable":true,"href":"https:\/\/www.estudiotecno.com.ar\/tienda\/wp-json\/wp\/v2\/product_tag?post=2572"}],"curies":[{"name":"wp","href":"https:\/\/api.w.org\/{rel}","templated":true}]}}