{"id":2569,"date":"2021-04-11T18:31:46","date_gmt":"2021-04-11T21:31:46","guid":{"rendered":"https:\/\/www.estudiotecno.com.ar\/tienda\/?post_type=product&#038;p=2569"},"modified":"2025-09-03T13:03:02","modified_gmt":"2025-09-03T16:03:02","slug":"ds-2ce56d0t-ipf-1080p-2mpx-camara-mini-domo-metalica","status":"publish","type":"product","link":"https:\/\/www.estudiotecno.com.ar\/tienda\/producto\/ds-2ce56d0t-ipf-1080p-2mpx-camara-mini-domo-metalica\/","title":{"rendered":"DS-2CE76D0T-EXIMF | 1080P 2MPX | C\u00e1mara Mini-Domo met\u00e1lica"},"content":{"rendered":"<p>C\u00e1mara metalica 4 en 1 tipo Domo met\u00e1lico . Sensor 2MP CMOS. Resoluci\u00f3n 1080p<br \/>\n(1920&#215;1080) a 25 fps. Iluminaci\u00f3n minima 0.01 Lux. Exir con 20 metros de alcance<br \/>\nefectivo. Alimentaci\u00f3n\u00a012VDC<\/p>\n","protected":false},"excerpt":{"rendered":"<p>C\u00e1mara Hikvision 1080p 2MPX DS-2CE56D0T-IPF Pl\u00e1stica<\/p>\n","protected":false},"featured_media":6882,"comment_status":"closed","ping_status":"closed","template":"","meta":{"_acf_changed":false},"product_cat":[361,304,134,94],"product_tag":[],"acf":[],"aioseo_notices":[],"jetpack_sharing_enabled":true,"_links":{"self":[{"href":"https:\/\/www.estudiotecno.com.ar\/tienda\/wp-json\/wp\/v2\/product\/2569"}],"collection":[{"href":"https:\/\/www.estudiotecno.com.ar\/tienda\/wp-json\/wp\/v2\/product"}],"about":[{"href":"https:\/\/www.estudiotecno.com.ar\/tienda\/wp-json\/wp\/v2\/types\/product"}],"replies":[{"embeddable":true,"href":"https:\/\/www.estudiotecno.com.ar\/tienda\/wp-json\/wp\/v2\/comments?post=2569"}],"wp:featuredmedia":[{"embeddable":true,"href":"https:\/\/www.estudiotecno.com.ar\/tienda\/wp-json\/wp\/v2\/media\/6882"}],"wp:attachment":[{"href":"https:\/\/www.estudiotecno.com.ar\/tienda\/wp-json\/wp\/v2\/media?parent=2569"}],"wp:term":[{"taxonomy":"product_cat","embeddable":true,"href":"https:\/\/www.estudiotecno.com.ar\/tienda\/wp-json\/wp\/v2\/product_cat?post=2569"},{"taxonomy":"product_tag","embeddable":true,"href":"https:\/\/www.estudiotecno.com.ar\/tienda\/wp-json\/wp\/v2\/product_tag?post=2569"}],"curies":[{"name":"wp","href":"https:\/\/api.w.org\/{rel}","templated":true}]}}