{"id":2561,"date":"2021-04-11T16:55:44","date_gmt":"2021-04-11T19:55:44","guid":{"rendered":"https:\/\/www.estudiotecno.com.ar\/tienda\/?post_type=product&#038;p=2561"},"modified":"2025-09-03T13:03:01","modified_gmt":"2025-09-03T16:03:01","slug":"ds-7204hqhi-m1-fa-dvr-turbo-4-0-acusense-full-hd-4-canales-1","status":"publish","type":"product","link":"https:\/\/www.estudiotecno.com.ar\/tienda\/producto\/ds-7204hqhi-m1-fa-dvr-turbo-4-0-acusense-full-hd-4-canales-1\/","title":{"rendered":"iDS-7204HQHI-M1\/FA | DVR TURBO 4.0 ACUSENSE 4 CH + 2 IP"},"content":{"rendered":"<p>C\u00f3digo del producto:\u00a0DS-7204HQHI-M1\/FA<\/p>\n<p>Resoluci\u00f3n:\u00a0Full HD 1080p<br \/>\nCanales de Video:\u00a04 ch BNC + 1ch IP<br \/>\nCanales de Audio:\u00a01ch RCA<\/p>\n<p><strong>Descripci\u00f3n<\/strong><br \/>\nGRABADORA DE ACUSENSE 4 CANALES + 1 IP, SOPORTA HD-TVI, HD-CVI, AHD Y ANAL\u00d3GICAS. 1CH AUDIO POR COAXIL, GRABACI\u00d3N EN H265+\/H265. SOPORTA 1 HDD HASTA 6TB. 4 ENTRADAS DE AUDIO Y UNA SALIDA. SALIDAS DE VIDEO HDMI Y VGA SIMULTANEAS Y CBVS ADICIONAL.<\/p>\n<p><strong>Caracter\u00edsticas<br \/>\n<\/strong><\/p>\n<p><span class=\"tech-specs-items-description__title--heading\">Smart Analysis<\/span><\/p>\n<p><span class=\"tech-specs-items-description__title\">Facial Detection And Capture<\/span><span class=\"tech-specs-items-description__title-details\">Face picture comparison, face picture search<\/span><\/p>\n<p><span class=\"tech-specs-items-description__title\">Face Picture Library<\/span><span class=\"tech-specs-items-description__title-details\">Up to 16 face picture libraries, with up to 500 face pictures in total (each picture \u2264 1 MB, total capacity \u2264 80 MB)<\/span><\/p>\n<p><span class=\"tech-specs-items-description__title\">Face Picture Comparison<\/span><span class=\"tech-specs-items-description__title-details\">1-ch face picture comparison alarm<\/span><\/p>\n<p><span class=\"tech-specs-items-description__title--heading\">Human\/Vehicle Analysis<\/span><\/p>\n<p><span class=\"tech-specs-items-description__title\">False Alarm Reduction<\/span><span class=\"tech-specs-items-description__title-details\">Up to 2-ch<\/span><\/p>\n<p><span class=\"tech-specs-items-description__title--heading\">Recording<\/span><\/p>\n<p><span class=\"tech-specs-items-description__title\">Video Compression<\/span><span class=\"tech-specs-items-description__title-details\">H.265 Pro+\/H.265 Pro\/H.265\/H.264+\/H.264<\/span><\/p>\n<p><span class=\"tech-specs-items-description__title\">Encoding Resolution<\/span><span class=\"tech-specs-items-description__title-details\">Main stream: When 1080p lite mode not enabled: For 4 MP stream access: 4 MP lite@15 fps; 1080p lite\/720p\/WD1\/4CIF\/VGA\/CIF@25 fps (P)\/30 fps (N) For 3 MP stream access: 3 MP\/1080p\/720p\/VGA\/WD1\/4CIF\/CIF@15 fps For 1080p stream access: 1080p\/720p@15 fps; VGA\/WD1\/4CIF\/CIF@25 fps (P)\/30 fps (N) For 720p stream access: 720p\/VGA\/WD1\/4CIF\/CIF@25 fps (P)\/30 fps (N) When 1080p Lite mode enabled: 4 MP lite\/3 MP@15 fps; 1080p lite\/720p lite\/VGA\/WD1\/4CIF\/CIF@25 fps (P)\/30 fps (N) Sub-stream: WD1\/4CIF@12 fps; CIF@25 fps (P)\/30 fps (N)<\/span><\/p>\n<p><span class=\"tech-specs-items-description__title\">Video Bitrate<\/span><span class=\"tech-specs-items-description__title-details\">32 Kbps to 6 Mbps<\/span><\/p>\n<p><span class=\"tech-specs-items-description__title\">Dual Stream<\/span><span class=\"tech-specs-items-description__title-details\">Support<\/span><\/p>\n<p><span class=\"tech-specs-items-description__title\">Stream Type<\/span><span class=\"tech-specs-items-description__title-details\">Video, Video &amp; Audio<\/span><\/p>\n<p><span class=\"tech-specs-items-description__title\">Audio Compression<\/span><span class=\"tech-specs-items-description__title-details\">G.711u<\/span><\/p>\n<p><span class=\"tech-specs-items-description__title\">Audio Bitrate<\/span><span class=\"tech-specs-items-description__title-details\">64 Kbps<\/span><\/p>\n<p><span class=\"tech-specs-items-description__title--heading\">Video And Audio<\/span><\/p>\n<p><span class=\"tech-specs-items-description__title\">IP Video Input<\/span><span class=\"tech-specs-items-description__title-details\">1-ch (up to 5-ch) Up to 6 MP resolution IP enhanced mode on: 2-ch (up to 6-ch), each up to 4 Mbps Support H.265+\/H.265\/H.264+\/H.264 IP cameras<\/span><\/p>\n<p><span class=\"tech-specs-items-description__title\">Analog Video Input<\/span><span class=\"tech-specs-items-description__title-details\">4-ch BNC interface (1.0 Vp-p, 75 \u03a9), supporting coaxitron connection<\/span><\/p>\n<p><span class=\"tech-specs-items-description__title\">HDTVI Input<\/span><span class=\"tech-specs-items-description__title-details\">4 MP lite, 3 MP, 1080p30, 1080p@25 fps, 720p@60 fps, 720p@50 fps, 720p@30 fps, 720p@25 fps *: The 3 MP signal input is only available for channel 1 of iDS-7204HQHI-M1\/FA, for channel 1\/2 of iDS-7208HQHI-M1\/FA, and for channel 1\/2\/3\/4 of iDS-7216HQHI-M1\/FA.<\/span><\/p>\n<p><span class=\"tech-specs-items-description__title\">AHD Input<\/span><span class=\"tech-specs-items-description__title-details\">4 MP, 1080p@25 fps, 1080p@30 fps, 720p@25 fps, 720p@30 fps<\/span><\/p>\n<p><span class=\"tech-specs-items-description__title\">HDCVI Input<\/span><span class=\"tech-specs-items-description__title-details\">4 MP, 1080p@25 fps, 1080p@30 fps, 720p@25 fps, 720p@30 fps<\/span><\/p>\n<p><span class=\"tech-specs-items-description__title\">CVBS Input<\/span><span class=\"tech-specs-items-description__title-details\">PAL\/NTSC<\/span><\/p>\n<p><span class=\"tech-specs-items-description__title\">CVBS Output<\/span><span class=\"tech-specs-items-description__title-details\">1-ch, BNC (1.0 Vp-p, 75 \u03a9), resolution: PAL: 704 \u00d7 576, NTSC: 704 \u00d7 480<\/span><\/p>\n<p><span class=\"tech-specs-items-description__title\">HDMI\/VGA Output<\/span><span class=\"tech-specs-items-description__title-details\">1-ch, 1920 \u00d7 1080\/60Hz, 1280 \u00d7 1024\/60Hz, 1280 \u00d7 720\/60Hz, 1024 \u00d7 768\/60Hz, HDMI\/VGA simultaneous output<\/span><\/p>\n<p><span class=\"tech-specs-items-description__title\">Audio Input<\/span><span class=\"tech-specs-items-description__title-details\">1-ch, RCA (2.0 Vp-p, 1 K\u03a9)\uff0c4-ch via coaxial cable<\/span><\/p>\n<p><span class=\"tech-specs-items-description__title\">Audio Output<\/span><span class=\"tech-specs-items-description__title-details\">1-ch, RCA (Linear, 1 K\u03a9)<\/span><\/p>\n<p><span class=\"tech-specs-items-description__title\">Two-Way Audio<\/span><span class=\"tech-specs-items-description__title-details\">1-ch, RCA (2.0 Vp-p, 1 K\u03a9) (using the first audio input)<\/span><\/p>\n<p><span class=\"tech-specs-items-description__title\">Synchronous Playback<\/span><span class=\"tech-specs-items-description__title-details\">4-ch<\/span><\/p>\n<p><span class=\"tech-specs-items-description__title--heading\">Network<\/span><\/p>\n<p><span class=\"tech-specs-items-description__title\">Remote Connection<\/span><span class=\"tech-specs-items-description__title-details\">32<\/span><\/p>\n<p><span class=\"tech-specs-items-description__title\">Network Protocol<\/span><span class=\"tech-specs-items-description__title-details\">TCP\/IP, PPPoE, DHCP, Hik-Connect, DNS, DDNS, NTP, SADP, NFS, iSCSI, UPnP\u0099, HTTPS, ONVIF<\/span><\/p>\n<p><span class=\"tech-specs-items-description__title\">Network Interface<\/span><span class=\"tech-specs-items-description__title-details\">1, RJ45 10\/100 Mbps self-adaptive Ethernet interface<\/span><\/p>\n<p><span class=\"tech-specs-items-description__title--heading\">Auxiliary Interface<\/span><\/p>\n<p><span class=\"tech-specs-items-description__title\">SATA<\/span><span class=\"tech-specs-items-description__title-details\">1 SATA interface, up to 10 TB capacity for each disk<\/span><\/p>\n<p><span class=\"tech-specs-items-description__title\">Serial Interface<\/span><span class=\"tech-specs-items-description__title-details\">RS-485 (half-duplex)<\/span><\/p>\n<p><span class=\"tech-specs-items-description__title\">USB Interface<\/span><span class=\"tech-specs-items-description__title-details\">Front panel: 1 \u00d7 USB 2.0; Rear panel: 1 \u00d7 USB 2.0<\/span><\/p>\n<p><span class=\"tech-specs-items-description__title\">Alarm In\/Out<\/span><span class=\"tech-specs-items-description__title-details\">N\/A<\/span><\/p>\n<p><span class=\"tech-specs-items-description__title--heading\">General<\/span><\/p>\n<p><span class=\"tech-specs-items-description__title\">Power Supply<\/span><span class=\"tech-specs-items-description__title-details\">12 VDC, 1.5 A<\/span><\/p>\n<p><span class=\"tech-specs-items-description__title\">Consumption(Without HDD)<\/span><span class=\"tech-specs-items-description__title-details\">\u2264 18 W<\/span><\/p>\n<p><span class=\"tech-specs-items-description__title\">Working Temperature<\/span><span class=\"tech-specs-items-description__title-details\">-10 \u00b0C to 55 \u00b0C (14 \u00b0F to 131 \u00b0F)<\/span><\/p>\n<p><span class=\"tech-specs-items-description__title\">Working Humidity<\/span><span class=\"tech-specs-items-description__title-details\">10% to 90%<\/span><\/p>\n<p><span class=\"tech-specs-items-description__title\">Dimension (W \u00d7 D \u00d7 H)<\/span><span class=\"tech-specs-items-description__title-details\">315 \u00d7 242 \u00d7 45 mm (12.4 \u00d7 9.5 \u00d7 1.8 inch)<\/span><\/p>\n<p><span class=\"tech-specs-items-description__title\">Weight (Without HDD)<\/span><span class=\"tech-specs-items-description__title-details\">\u2264 1.16 kg (2.6 lb)<\/span><\/p>\n<p><strong>\u00a0<\/strong><\/p>\n<p><strong>Soporte<\/strong><br \/>\n3 A\u00d1OS DE GARANT\u00cdA en todos los productos Hikvision, ofrecida por el fabricante, contra defectos de fabricaci\u00f3n y\/o vicios del material que afecten al normal funcionamiento del mismo.<\/p>\n","protected":false},"excerpt":{"rendered":"<p>C\u00f3digo del producto:\u00a0DS-7204HQHI-M1\/FA Resoluci\u00f3n:\u00a0Full HD 1080p Canales de Video:\u00a04 ch BNC + 1ch IP Canales de Audio:\u00a01ch RCA Descripci\u00f3n GRABADORA DE ACUSENSE 4 CANALES + 1 IP, SOPORTA HD-TVI, HD-CVI, AHD Y ANAL\u00d3GICAS. 1CH AUDIO POR COAXIL, GRABACI\u00d3N EN H265+\/H265. SOPORTA 1 HDD HASTA 6TB. 4 ENTRADAS DE AUDIO Y UNA SALIDA. SALIDAS DE VIDEO [&hellip;]<\/p>\n","protected":false},"featured_media":6852,"comment_status":"closed","ping_status":"closed","template":"","meta":{"_acf_changed":false},"product_cat":[359,134,94],"product_tag":[],"acf":[],"aioseo_notices":[],"jetpack_sharing_enabled":true,"_links":{"self":[{"href":"https:\/\/www.estudiotecno.com.ar\/tienda\/wp-json\/wp\/v2\/product\/2561"}],"collection":[{"href":"https:\/\/www.estudiotecno.com.ar\/tienda\/wp-json\/wp\/v2\/product"}],"about":[{"href":"https:\/\/www.estudiotecno.com.ar\/tienda\/wp-json\/wp\/v2\/types\/product"}],"replies":[{"embeddable":true,"href":"https:\/\/www.estudiotecno.com.ar\/tienda\/wp-json\/wp\/v2\/comments?post=2561"}],"wp:featuredmedia":[{"embeddable":true,"href":"https:\/\/www.estudiotecno.com.ar\/tienda\/wp-json\/wp\/v2\/media\/6852"}],"wp:attachment":[{"href":"https:\/\/www.estudiotecno.com.ar\/tienda\/wp-json\/wp\/v2\/media?parent=2561"}],"wp:term":[{"taxonomy":"product_cat","embeddable":true,"href":"https:\/\/www.estudiotecno.com.ar\/tienda\/wp-json\/wp\/v2\/product_cat?post=2561"},{"taxonomy":"product_tag","embeddable":true,"href":"https:\/\/www.estudiotecno.com.ar\/tienda\/wp-json\/wp\/v2\/product_tag?post=2561"}],"curies":[{"name":"wp","href":"https:\/\/api.w.org\/{rel}","templated":true}]}}