{"id":2559,"date":"2021-04-11T16:45:38","date_gmt":"2021-04-11T19:45:38","guid":{"rendered":"https:\/\/www.estudiotecno.com.ar\/tienda\/?post_type=product&#038;p=2559"},"modified":"2022-07-11T17:21:10","modified_gmt":"2022-07-11T20:21:10","slug":"ds-2ce16c0t-irf-720p-1mpx-bullet-metalica-exterior","status":"publish","type":"product","link":"https:\/\/www.estudiotecno.com.ar\/tienda\/producto\/ds-2ce16c0t-irf-720p-1mpx-bullet-metalica-exterior\/","title":{"rendered":"DS-2CE16C0T-IRF | 720P 1MPX | Bullet met\u00e1lica exterior"},"content":{"rendered":"<p>C\u00f3digo del producto:\u00a0DS-2CE16C0T-IRF<\/p>\n<p>Tipo: Bullet Met\u00e1lica exterior<br \/>\nResoluci\u00f3n:\u00a0HD 720p (1MPix)<br \/>\nVisi\u00f3n Nocturna:\u00a0IR 20m. con 22 leds<\/p>\n<p><strong>Descripci\u00f3n<\/strong><br \/>\nCAMARA HIKVISION HD BULLET MET. IR 20M, LENTE 2.8MM. SOPORTA LOS ESTANDARES, HD-TVI, AHD, HD-CVI y CVBS. APTA PARA INSTALACION EN EXTERIOR (IP66). ALIMENTACI\u00d3N DE 12VCC. CONSUMO MAXIMO 4W.<\/p>\n<p><strong>Caracter\u00edsticas<\/strong><br \/>\nCamera<br \/>\n&#8211; Image Sensor: 1MP CMOS Image Sensor<br \/>\n&#8211; Signal System: PAL\/NTSC<br \/>\n&#8211; Effective Pixels: 1296(H)x732(V)<br \/>\n&#8211; Shutter Time: 1\/25(1\/30) s to 1\/50,000 s<br \/>\n&#8211; Lens Mount: M12<br \/>\n&#8211; Adjustment Range: Pan: 0 &#8211; 360\u00b0, Tilt: 0 &#8211; 180\u00b0, Rotation: 0 &#8211; 360\u00b0<br \/>\n&#8211; Day&amp; Night: IR cut filter with auto switch<br \/>\n&#8211; Video Frame Rate: 720p@25fps\/720p@30fps<br \/>\n&#8211; HD Video Output: 1 Analog HD output<br \/>\n&#8211; Synchronization: Internal Synchronization<br \/>\n&#8211; S\/N Ratio: More than 62 dB<br \/>\nGeneral<br \/>\n&#8211; Operating Conditions: -40 \u00b0C &#8211; 60 \u00b0C (-40 \u00b0F &#8211; 140 \u00b0F)<br \/>\n&#8211; Humidity 90% or less (non-condensing)<br \/>\n&#8211; Power Supply: 12 VDC\u00b115%<br \/>\n&#8211; Weather Proof: IP66<br \/>\n&#8211; IR Range: Up to 20m<br \/>\n&#8211; Dimension: \u03a670\u00d7149.5 mm (\u03a62.76\u0094 \u00d75.89\u0094)<br \/>\n&#8211; Weight: 400 g<\/p>\n<p><strong>Soporte<\/strong><br \/>\n3 A\u00d1OS DE GARANT\u00cdA en todos los productos Hikvision, ofrecida por el fabricante, contra defectos de fabricaci\u00f3n y\/o vicios del material que afecten al normal funcionamiento del mismo.<\/p>\n","protected":false},"excerpt":{"rendered":"<p>C\u00f3digo del producto:\u00a0DS-2CE16C0T-IRF Tipo: Bullet Met\u00e1lica exterior Resoluci\u00f3n:\u00a0HD 720p (1MPix) Visi\u00f3n Nocturna:\u00a0IR 20m. con 22 leds Descripci\u00f3n CAMARA HIKVISION HD BULLET MET. IR 20M, LENTE 2.8MM. SOPORTA LOS ESTANDARES, HD-TVI, AHD, HD-CVI y CVBS. APTA PARA INSTALACION EN EXTERIOR (IP66). ALIMENTACI\u00d3N DE 12VCC. CONSUMO MAXIMO 4W. Caracter\u00edsticas Camera &#8211; Image Sensor: 1MP CMOS Image Sensor [&hellip;]<\/p>\n","protected":false},"featured_media":3851,"comment_status":"closed","ping_status":"closed","template":"","meta":{"_acf_changed":false},"product_cat":[304,134,94],"product_tag":[],"acf":[],"aioseo_notices":[],"jetpack_sharing_enabled":true,"_links":{"self":[{"href":"https:\/\/www.estudiotecno.com.ar\/tienda\/wp-json\/wp\/v2\/product\/2559"}],"collection":[{"href":"https:\/\/www.estudiotecno.com.ar\/tienda\/wp-json\/wp\/v2\/product"}],"about":[{"href":"https:\/\/www.estudiotecno.com.ar\/tienda\/wp-json\/wp\/v2\/types\/product"}],"replies":[{"embeddable":true,"href":"https:\/\/www.estudiotecno.com.ar\/tienda\/wp-json\/wp\/v2\/comments?post=2559"}],"wp:featuredmedia":[{"embeddable":true,"href":"https:\/\/www.estudiotecno.com.ar\/tienda\/wp-json\/wp\/v2\/media\/3851"}],"wp:attachment":[{"href":"https:\/\/www.estudiotecno.com.ar\/tienda\/wp-json\/wp\/v2\/media?parent=2559"}],"wp:term":[{"taxonomy":"product_cat","embeddable":true,"href":"https:\/\/www.estudiotecno.com.ar\/tienda\/wp-json\/wp\/v2\/product_cat?post=2559"},{"taxonomy":"product_tag","embeddable":true,"href":"https:\/\/www.estudiotecno.com.ar\/tienda\/wp-json\/wp\/v2\/product_tag?post=2559"}],"curies":[{"name":"wp","href":"https:\/\/api.w.org\/{rel}","templated":true}]}}