{"id":2556,"date":"2021-04-11T16:37:51","date_gmt":"2021-04-11T19:37:51","guid":{"rendered":"https:\/\/www.estudiotecno.com.ar\/tienda\/?post_type=product&#038;p=2556"},"modified":"2022-07-11T17:21:48","modified_gmt":"2022-07-11T20:21:48","slug":"ds-2ce56c0t-if-720p-1mpx-mini-domo-metalica","status":"publish","type":"product","link":"https:\/\/www.estudiotecno.com.ar\/tienda\/producto\/ds-2ce56c0t-if-720p-1mpx-mini-domo-metalica\/","title":{"rendered":"DS-2CE56C0T-IRMF | 720P 1MPX | Mini-Domo met\u00e1lica"},"content":{"rendered":"<p>C\u00f3digo del producto:\u00a0DS-2CE56C0T-IF<\/p>\n<p>Tipo:\u00a0Domo Met\u00e1lica exterior<br \/>\nResoluci\u00f3n:\u00a0HD 720p (1MPix)<br \/>\nVisi\u00f3n Nocturna:\u00a0IR 20m. con 22 leds<\/p>\n<p><strong>Descripci\u00f3n<\/strong><br \/>\nCAMARA HIKVISION HD DOMO INTERIOR METALICA. IR 20M, LENTE 2.8MM. SOPORTA LOS ESTANDARES, HD-TVI, AHD, H-CVI y CVBS. APTA PARA INSTALACION EN EXTERIOR (IP66). ALIMENTACI\u00d3N 12VDC.<\/p>\n<p><strong>Caracter\u00edsticas<\/strong><br \/>\nCamera<br \/>\n&#8211; Image Sensor: 1MP CMOS Image Sensor<br \/>\n&#8211; Signal System: PAL\/NTSC<br \/>\n&#8211; Effective Pixels: 1296(H)x732(V)<br \/>\n&#8211; Shutter Time: 1\/25(1\/30) s to 1\/50,000 s<br \/>\n&#8211; Lens Mount: M12<br \/>\n&#8211; Adjustment Range: Pan: 0 &#8211; 360\u00b0, Tilt: 0 &#8211; 75\u00b0, Rotation: 0 &#8211; 360\u00b0<br \/>\n&#8211; Day&amp; Night: IR cut filter with auto switch<br \/>\n&#8211; Video Frame Rate: 720p@25fps\/720p@30fps<br \/>\n&#8211; HD Video Output: 1 Analog HD output<br \/>\n&#8211; Synchronization: Internal Synchronization<br \/>\n&#8211; S\/N Ratio: More than 62 dB<br \/>\nGeneral<br \/>\n&#8211; Operating Conditions: -40 \u00b0C &#8211; 60 \u00b0C (-40 \u00b0F &#8211; 140 \u00b0F)<br \/>\n&#8211; Humidity 90% or less (non-condensing)<br \/>\n&#8211; Power Supply: 12 VDC\u00b115%<br \/>\n&#8211; Weather Proof: IP66<br \/>\n&#8211; IR Range: Up to 20m<br \/>\n&#8211; Dimension: 89.6 \u00d7 59.1 mm (3.53\u0094 \u00d7 2.33\u0094)<br \/>\n&#8211; Weight: 340 g<\/p>\n<p><strong>Soporte<\/strong><br \/>\n3 A\u00d1OS DE GARANT\u00cdA en todos los productos Hikvision, ofrecida por el fabricante, contra defectos de fabricaci\u00f3n y\/o vicios del material que afecten al normal funcionamiento del mismo.<\/p>\n","protected":false},"excerpt":{"rendered":"<p>C\u00f3digo del producto:\u00a0DS-2CE56C0T-IF Tipo:\u00a0Domo Met\u00e1lica exterior Resoluci\u00f3n:\u00a0HD 720p (1MPix) Visi\u00f3n Nocturna:\u00a0IR 20m. con 22 leds Descripci\u00f3n CAMARA HIKVISION HD DOMO INTERIOR METALICA. IR 20M, LENTE 2.8MM. SOPORTA LOS ESTANDARES, HD-TVI, AHD, H-CVI y CVBS. APTA PARA INSTALACION EN EXTERIOR (IP66). ALIMENTACI\u00d3N 12VDC. Caracter\u00edsticas Camera &#8211; Image Sensor: 1MP CMOS Image Sensor &#8211; Signal System: PAL\/NTSC [&hellip;]<\/p>\n","protected":false},"featured_media":3850,"comment_status":"closed","ping_status":"closed","template":"","meta":{"_acf_changed":false},"product_cat":[304,134,94],"product_tag":[],"acf":[],"aioseo_notices":[],"jetpack_sharing_enabled":true,"_links":{"self":[{"href":"https:\/\/www.estudiotecno.com.ar\/tienda\/wp-json\/wp\/v2\/product\/2556"}],"collection":[{"href":"https:\/\/www.estudiotecno.com.ar\/tienda\/wp-json\/wp\/v2\/product"}],"about":[{"href":"https:\/\/www.estudiotecno.com.ar\/tienda\/wp-json\/wp\/v2\/types\/product"}],"replies":[{"embeddable":true,"href":"https:\/\/www.estudiotecno.com.ar\/tienda\/wp-json\/wp\/v2\/comments?post=2556"}],"wp:featuredmedia":[{"embeddable":true,"href":"https:\/\/www.estudiotecno.com.ar\/tienda\/wp-json\/wp\/v2\/media\/3850"}],"wp:attachment":[{"href":"https:\/\/www.estudiotecno.com.ar\/tienda\/wp-json\/wp\/v2\/media?parent=2556"}],"wp:term":[{"taxonomy":"product_cat","embeddable":true,"href":"https:\/\/www.estudiotecno.com.ar\/tienda\/wp-json\/wp\/v2\/product_cat?post=2556"},{"taxonomy":"product_tag","embeddable":true,"href":"https:\/\/www.estudiotecno.com.ar\/tienda\/wp-json\/wp\/v2\/product_tag?post=2556"}],"curies":[{"name":"wp","href":"https:\/\/api.w.org\/{rel}","templated":true}]}}