{"id":2554,"date":"2021-04-11T16:33:04","date_gmt":"2021-04-11T19:33:04","guid":{"rendered":"https:\/\/www.estudiotecno.com.ar\/tienda\/?post_type=product&#038;p=2554"},"modified":"2022-07-11T17:21:57","modified_gmt":"2022-07-11T20:21:57","slug":"ds-2ce56c0t-ipf-720p-1mpx-mini-domo-plastica","status":"publish","type":"product","link":"https:\/\/www.estudiotecno.com.ar\/tienda\/producto\/ds-2ce56c0t-ipf-720p-1mpx-mini-domo-plastica\/","title":{"rendered":"DS-2CE56C0T-IPF | 720P 1MPX | Mini-Domo pl\u00e1stica"},"content":{"rendered":"<p><strong>C\u00f3digo del producto:<\/strong><\/p>\n<p>DS-2CE56C0T-IPF<\/p>\n<p>Tipo:\u00a0Domo pl\u00e1stico Interior<br \/>\nResoluci\u00f3n:\u00a0HD 720p (1MPix)<br \/>\nVisi\u00f3n Nocturna:\u00a020 m<\/p>\n<p><strong>Descripci\u00f3n<\/strong><br \/>\nCAMARA HIKVISION HD 720P DOMO 4 EN 1 TURBO HD INTERIOR L 2,8MM. IR 20M 12V DC<\/p>\n<p><strong>Soporte<\/strong><br \/>\n3 A\u00d1OS DE GARANT\u00cdA en todos los productos Hikvision, ofrecida por el fabricante, contra defectos de fabricaci\u00f3n y\/o vicios del material que afecten al normal funcionamiento del mismo.<\/p>\n","protected":false},"excerpt":{"rendered":"<p>C\u00f3digo del producto: DS-2CE56C0T-IPF Tipo:\u00a0Domo pl\u00e1stico Interior Resoluci\u00f3n:\u00a0HD 720p (1MPix) Visi\u00f3n Nocturna:\u00a020 m Descripci\u00f3n CAMARA HIKVISION HD 720P DOMO 4 EN 1 TURBO HD INTERIOR L 2,8MM. IR 20M 12V DC Soporte 3 A\u00d1OS DE GARANT\u00cdA en todos los productos Hikvision, ofrecida por el fabricante, contra defectos de fabricaci\u00f3n y\/o vicios del material que afecten [&hellip;]<\/p>\n","protected":false},"featured_media":3849,"comment_status":"closed","ping_status":"closed","template":"","meta":{"_acf_changed":false},"product_cat":[304,134,94],"product_tag":[],"acf":[],"aioseo_notices":[],"jetpack_sharing_enabled":true,"_links":{"self":[{"href":"https:\/\/www.estudiotecno.com.ar\/tienda\/wp-json\/wp\/v2\/product\/2554"}],"collection":[{"href":"https:\/\/www.estudiotecno.com.ar\/tienda\/wp-json\/wp\/v2\/product"}],"about":[{"href":"https:\/\/www.estudiotecno.com.ar\/tienda\/wp-json\/wp\/v2\/types\/product"}],"replies":[{"embeddable":true,"href":"https:\/\/www.estudiotecno.com.ar\/tienda\/wp-json\/wp\/v2\/comments?post=2554"}],"wp:featuredmedia":[{"embeddable":true,"href":"https:\/\/www.estudiotecno.com.ar\/tienda\/wp-json\/wp\/v2\/media\/3849"}],"wp:attachment":[{"href":"https:\/\/www.estudiotecno.com.ar\/tienda\/wp-json\/wp\/v2\/media?parent=2554"}],"wp:term":[{"taxonomy":"product_cat","embeddable":true,"href":"https:\/\/www.estudiotecno.com.ar\/tienda\/wp-json\/wp\/v2\/product_cat?post=2554"},{"taxonomy":"product_tag","embeddable":true,"href":"https:\/\/www.estudiotecno.com.ar\/tienda\/wp-json\/wp\/v2\/product_tag?post=2554"}],"curies":[{"name":"wp","href":"https:\/\/api.w.org\/{rel}","templated":true}]}}