{"id":2738,"date":"2021-05-24T20:26:22","date_gmt":"2021-05-24T23:26:22","guid":{"rendered":"https:\/\/www.estudiotecno.com.ar\/tienda\/?page_id=2738"},"modified":"2021-05-24T20:26:22","modified_gmt":"2021-05-24T23:26:22","slug":"declaracion-de-privacidad-y-cookies","status":"publish","type":"page","link":"https:\/\/www.estudiotecno.com.ar\/tienda\/declaracion-de-privacidad-y-cookies\/","title":{"rendered":"Declaraci\u00f3n De Privacidad Y Cookies"},"content":{"rendered":"<p>El respeto a la intimidad del usuario de este sitio web es un aspecto esencial para ESTUDIO TECNO. Le rogamos que lea detenidamente esta Declaraci\u00f3n sobre Privacidad y Cookies para conocer la forma en que recogemos y utilizamos sus datos personales.<\/p>\n<p>General<br \/>\nEsta Declaraci\u00f3n sobre Privacidad y Cookies es de aplicaci\u00f3n a toda la informaci\u00f3n de car\u00e1cter personal recogida y utilizada por la entidad ESTUDIO TECNO responsable de la parte correspondiente del sitio web. La Declaraci\u00f3n sobre Privacidad y Cookies se basa en las Reglas Corporativas Vinculantes de ESTUDIO TECNO para los datos de los clientes, proveedores y socios comerciales. La entidad ESTUDIO TECNO responsable de la parte pertinente del sitio web se denominar\u00e1 en adelante \u201cESTUDIO TECNO\u201d.<\/p>\n<p>ESTUDIO TECNO respeta su intimidad y cumple las disposiciones de la legislaci\u00f3n europea sobre la privacidad de datos, y si fuera aplicable, la legislaci\u00f3n de protecci\u00f3n de datos local.<\/p>\n<p>Cookies<br \/>\n\u00danicamente almacenaremos los dispositivos llamados \u201ccookies\u201d (chivatos) en su ordenador cuando nos haya facilitado su consentimiento haciendo clic en los botones pertinentes durante su visita al sitio web. Los \u00abcookies\u00bb son peque\u00f1os archivos de texto que su navegador almacena localmente en su ordenador. Esto nos permitir\u00e1 identificar su ordenador la siguiente vez que nos visite. De este modo, ESTUDIO TECNO podr\u00e1 mejorar la facilidad de uso del sitio web y ajustarlo a sus necesidades. La mayor\u00eda de los navegadores de Internet est\u00e1n configurados para aceptar estos cookies autom\u00e1ticamente.<\/p>\n<p>El tipo de informaci\u00f3n personal que recogemos como resultado de la instalaci\u00f3n de un cookie es espec\u00edfico para su ordenador y puede incluir la direcci\u00f3n IP (Protocolo Internet), la fecha y hora de su acceso a nuestro sitio web y las partes del sitio web que se visitan. Recogemos la citada informaci\u00f3n personal para supervisar el uso y la utilidad de nuestro sitio web, con fines estad\u00edsticos y para enviarle informaci\u00f3n acerca de nuestra sociedad y de nuestros (nuevos) productos y servicios que sean de su inter\u00e9s.<\/p>\n<p>Puede configurar su navegador de forma que le notifique la recepci\u00f3n de un cookie o negarse a recibirlo. Tambi\u00e9n puede retirar su consentimiento en cualquier momento volviendo a entrar en nuestro sitio web y seleccionando las opciones adecuadas. Al cambiar la configuraci\u00f3n, tambi\u00e9n puede establecer el navegador para que no acepte cookies de este sitio web. En tal caso, deber\u00e1 tener presente que quiz\u00e1s ya no pueda utilizar todas las posibilidades y funciones de nuestro sitio web.<\/p>\n<p>Google Analytics<br \/>\nActualmente estamos utilizando Google Analytics para analizar las visitas a la p\u00e1gina web y mejorar nuestro contenido. Google Analytics no recopila informaci\u00f3n personal. Para m\u00e1s informaci\u00f3n sobre la pol\u00edtica de privacidad de Google Analytics, consulte: Google Analytics.<\/p>\n<p>Recogida de datos, finalidad y destinatarios<br \/>\nRecogemos datos personales cuando nos los facilita (por ejemplo, nombre, direcci\u00f3n, c\u00f3digo postal, ciudad, n\u00famero de tel\u00e9fono y direcci\u00f3n de correo electr\u00f3nico), a trav\u00e9s del registro, cumplimentaci\u00f3n de formularios o correos electr\u00f3nicos, como parte de un pedido de productos o servicios, consultas o solicitudes o en otras situaciones en las que opte por facilitarnos informaci\u00f3n personal.<\/p>\n<p>Sus datos ser\u00e1n procesados con fines de ejecuci\u00f3n de cualquier acuerdo, entre usted y ESTUDIO TECNO, para atender una solicitud suya de informaci\u00f3n o asesoramiento, cumplir requisitos legales u otros de naturaleza jur\u00eddica, prestar un servicio \u00f3ptimo y enviarle informaci\u00f3n acerca de nuestra sociedad y de nuestros (nuevos) productos o servicios que sea de su inter\u00e9s.<\/p>\n<p>Podemos facilitar sus datos a nuestras sociedades del grupo ESTUDIO TECNO para los mismos fines a los que se hace referencia m\u00e1s arriba. Las sociedades de nuestro grupo tambi\u00e9n tratar\u00e1n sus datos de acuerdo con las Reglas Corporativas Vinculantes de ESTUDIO TECNO Reglas Corporativas Vinculantes de ESTUDIO TECNO para los datos de los clientes, proveedores y socios comerciales y esta declaraci\u00f3n de Privacidad y Cookies.<\/p>\n<p>Revelaci\u00f3n de datos a terceros<br \/>\nESTUDIO TECNO podr\u00eda contratar a terceros. Estos terceros procesan sus datos al realizar los servicios relevantes en su capacidad de procesador para ESTUDIO TECNO y ESTUDIO TECNO ha tomado las precauciones t\u00e9cnicas y organizativas necesarias para asegurarse de que sus datos se procesan exclusivamente para los fines mencionados anteriormente.<\/p>\n<p>Ni\u00f1os<br \/>\nLos sitios web de ESTUDIO TECNO no est\u00e1n destinados al uso por parte de personas menores de diecis\u00e9is (16) a\u00f1os, por lo que no permitiremos conscientemente que ning\u00fan visitante de este tipo los utilice.<\/p>\n<p>Enlaces a otros sitios<br \/>\nDeber\u00e1 tener en cuenta que la Declaraci\u00f3n sobre Privacidad y Cookies de ESTUDIO TECNO no es de aplicaci\u00f3n a otros sitios web no pertenecientes a ESTUDIO TECNO, en el caso de que:<\/p>\n<p>acceda a estos otros sitios utilizando un enlace que figure en nuestro sitio web o<br \/>\nse enlace a nuestro sitio desde otro sitio web.<br \/>\nDerecho de acceso\/rectificaci\u00f3n\/objeci\u00f3n<br \/>\nSiempre que lo desee, podr\u00e1 solicitar el acceso a sus datos y\/o la rectificaci\u00f3n y\/o la supresi\u00f3n de los mismos si tales datos fuesen incorrectos o irrelevantes para los fines mencionados. Para ello, env\u00edenos la solicitud de acceso, rectificaci\u00f3n o eliminaci\u00f3n de sus datos personales a e-mail.<\/p>\n<p>En todo momento podr\u00e1 oponerse a la utilizaci\u00f3n de sus datos con fines de m\u00e1rketing directo.<\/p>\n<p>Periodo de mantenimiento<br \/>\nESTUDIO TECNO no mantendr\u00e1 los datos personales que se obtengan a trav\u00e9s de este sitio web durante m\u00e1s tiempo del necesario.<\/p>\n<p>C\u00f3mo protegemos sus datos?<br \/>\nESTUDIO TECNO procesa sus datos personales con el m\u00e1ximo cuidado. Hemos tomado varias medidas t\u00e9cnicas y organizativas para proteger sus datos personales contra p\u00e9rdidas y usos indebidos. Para ello, protegemos nuestros sistemas en conformidad con los controles de seguridad aplicables de los est\u00e1ndares de seguridad de la informaci\u00f3n.<\/p>\n","protected":false},"excerpt":{"rendered":"<p>El respeto a la intimidad del usuario de este sitio web es un aspecto esencial para ESTUDIO TECNO. Le rogamos que lea detenidamente esta Declaraci\u00f3n sobre Privacidad y Cookies para conocer la forma en que recogemos y utilizamos sus datos personales. General Esta Declaraci\u00f3n sobre Privacidad y Cookies es de aplicaci\u00f3n a toda la informaci\u00f3n [&hellip;]<\/p>\n","protected":false},"author":2,"featured_media":0,"parent":0,"menu_order":0,"comment_status":"closed","ping_status":"closed","template":"","meta":{"_acf_changed":false,"footnotes":""},"acf":[],"aioseo_notices":[],"jetpack_sharing_enabled":true,"_links":{"self":[{"href":"https:\/\/www.estudiotecno.com.ar\/tienda\/wp-json\/wp\/v2\/pages\/2738"}],"collection":[{"href":"https:\/\/www.estudiotecno.com.ar\/tienda\/wp-json\/wp\/v2\/pages"}],"about":[{"href":"https:\/\/www.estudiotecno.com.ar\/tienda\/wp-json\/wp\/v2\/types\/page"}],"author":[{"embeddable":true,"href":"https:\/\/www.estudiotecno.com.ar\/tienda\/wp-json\/wp\/v2\/users\/2"}],"replies":[{"embeddable":true,"href":"https:\/\/www.estudiotecno.com.ar\/tienda\/wp-json\/wp\/v2\/comments?post=2738"}],"version-history":[{"count":1,"href":"https:\/\/www.estudiotecno.com.ar\/tienda\/wp-json\/wp\/v2\/pages\/2738\/revisions"}],"predecessor-version":[{"id":2740,"href":"https:\/\/www.estudiotecno.com.ar\/tienda\/wp-json\/wp\/v2\/pages\/2738\/revisions\/2740"}],"wp:attachment":[{"href":"https:\/\/www.estudiotecno.com.ar\/tienda\/wp-json\/wp\/v2\/media?parent=2738"}],"curies":[{"name":"wp","href":"https:\/\/api.w.org\/{rel}","templated":true}]}}